{"id":391,"date":"2019-01-08T07:39:14","date_gmt":"2019-01-08T05:39:14","guid":{"rendered":"http:\/\/disseny-test.uoc.edu\/materials\/tipografia-avan\/?page_id=391"},"modified":"2019-01-22T16:31:40","modified_gmt":"2019-01-22T14:31:40","slug":"1-3-2-romana-moderna","status":"publish","type":"page","link":"http:\/\/disseny-test.uoc.edu\/materials\/tipografia-avan\/1-3-2-romana-moderna\/","title":{"rendered":"1.3.2. Romana moderna"},"content":{"rendered":"<p>Quan parlem de romanes modernes ens referim a tipografies com Bodoni\u00a0o Didot, que presenten un contrast molt alt i un marcat eix vertical. Van n\u00e9ixer a finals del segle <span class=\"roman\">xviii<\/span>, clarament influenciades pel gravat en coure, i s\u00f3n considerades les primeres a idear-se i manipular-se des d\u2019un punt de vista purament tipogr\u00e0fic, sense rastre d\u2019escriptura cal\u00b7ligr\u00e0fica.<\/p>\n<p>Els terminals i les gr\u00e0cies s\u00f3n molt fins i lineals en aquest estil, normalment sense modulaci\u00f3. Tamb\u00e9 \u00e9s caracter\u00edstica la simetria de les seves corbes.<\/p>\n<p>Les romanes modernes s\u2019associen habitualment a l&#8217;estil cl\u00e0ssic i a l\u2019eleg\u00e0ncia. Si mirem una publicaci\u00f3 dedicada a la moda o al luxe, trobarem lletres en aquest estil, b\u00e9 com a tipografia, b\u00e9 com a\u00a0<em>lettering<\/em>.<\/p>\n<figure id=\"attachment_79\" aria-describedby=\"caption-attachment-79\" style=\"width: 800px\" class=\"wp-caption alignnone\"><img loading=\"lazy\" class=\"wp-image-79 size-full\" src=\"http:\/\/disseny-test.uoc.edu\/materials\/tipografia-avan\/wp-content\/uploads\/sites\/13\/2018\/12\/20140_m1_010.jpg\" alt=\"\" width=\"800\" height=\"835\" srcset=\"http:\/\/disseny-test.uoc.edu\/materials\/tipografia-avan\/wp-content\/uploads\/sites\/13\/2018\/12\/20140_m1_010.jpg 800w, http:\/\/disseny-test.uoc.edu\/materials\/tipografia-avan\/wp-content\/uploads\/sites\/13\/2018\/12\/20140_m1_010-287x300.jpg 287w, http:\/\/disseny-test.uoc.edu\/materials\/tipografia-avan\/wp-content\/uploads\/sites\/13\/2018\/12\/20140_m1_010-768x802.jpg 768w\" sizes=\"(max-width: 800px) 100vw, 800px\" \/><figcaption id=\"caption-attachment-79\" class=\"wp-caption-text\"><i><span lang=\"CA\">Lettering<\/span><\/i><span lang=\"CA\"> en romana moderna per a la revista <i>Southern Living<\/i>, de Martina Flor.<\/span><\/figcaption><\/figure>\n","protected":false},"excerpt":{"rendered":"<p>Quan parlem de romanes modernes ens referim a tipografies com Bodoni\u00a0o Didot, que presenten un contrast molt alt i un marcat eix vertical. Van n\u00e9ixer a finals del segle , clarament influenciades pel gravat en coure, i s\u00f3n considerades les primeres a idear-se i manipular-se des d\u2019un punt de vista purament tipogr\u00e0fic, sense rastre d\u2019escriptura [&hellip;]<\/p>\n","protected":false},"author":1,"featured_media":0,"parent":0,"menu_order":0,"comment_status":"closed","ping_status":"closed","template":"","meta":{"inline_featured_image":false},"acf":[],"_links":{"self":[{"href":"http:\/\/disseny-test.uoc.edu\/materials\/tipografia-avan\/wp-json\/wp\/v2\/pages\/391"}],"collection":[{"href":"http:\/\/disseny-test.uoc.edu\/materials\/tipografia-avan\/wp-json\/wp\/v2\/pages"}],"about":[{"href":"http:\/\/disseny-test.uoc.edu\/materials\/tipografia-avan\/wp-json\/wp\/v2\/types\/page"}],"author":[{"embeddable":true,"href":"http:\/\/disseny-test.uoc.edu\/materials\/tipografia-avan\/wp-json\/wp\/v2\/users\/1"}],"replies":[{"embeddable":true,"href":"http:\/\/disseny-test.uoc.edu\/materials\/tipografia-avan\/wp-json\/wp\/v2\/comments?post=391"}],"version-history":[{"count":8,"href":"http:\/\/disseny-test.uoc.edu\/materials\/tipografia-avan\/wp-json\/wp\/v2\/pages\/391\/revisions"}],"predecessor-version":[{"id":679,"href":"http:\/\/disseny-test.uoc.edu\/materials\/tipografia-avan\/wp-json\/wp\/v2\/pages\/391\/revisions\/679"}],"wp:attachment":[{"href":"http:\/\/disseny-test.uoc.edu\/materials\/tipografia-avan\/wp-json\/wp\/v2\/media?parent=391"}],"curies":[{"name":"wp","href":"https:\/\/api.w.org\/{rel}","templated":true}]}}