{"id":396,"date":"2019-01-08T07:30:02","date_gmt":"2019-01-08T05:30:02","guid":{"rendered":"http:\/\/disseny-test.uoc.edu\/materials\/tipografia-avan\/?page_id=396"},"modified":"2019-01-10T15:54:11","modified_gmt":"2019-01-10T13:54:11","slug":"1-3-4-slab-serif","status":"publish","type":"page","link":"http:\/\/disseny-test.uoc.edu\/materials\/tipografia-avan\/1-3-4-slab-serif\/","title":{"rendered":"1.3.4. <em>Slab serif<\/em>"},"content":{"rendered":"<p>La lletra <em>slab serif<\/em>, tamb\u00e9 anomenada de gr\u00e0cia en bloc, o eg\u00edpcia, es caracteritza per tenir unes gr\u00e0cies molt gruixudes, tant com l\u2019asta de la lletra. Aquest estil habitualment t\u00e9 un contrast baix o nul, fins i tot arribem a trobar exemples amb la l\u00f2gica de gruixos i fins canviada. \u00c9s el cas del conegut estil\u00a0<em>western<\/em>, que tots hem vist associat a pel\u00b7l\u00edcules de l\u2019oest nord-americ\u00e0.<\/p>\n<p>Les lletres <em>slab\u00a0<\/em><em>serif\u00a0<\/em>estan m\u00e9s emparentades amb les\u00a0<em>sans\u00a0<\/em><em>serif\u00a0<\/em>que amb les romanes, encara que tinguin gr\u00e0cies.<\/p>\n<figure id=\"attachment_81\" aria-describedby=\"caption-attachment-81\" style=\"width: 800px\" class=\"wp-caption alignnone\"><img loading=\"lazy\" class=\"wp-image-81 size-full\" src=\"http:\/\/disseny-test.uoc.edu\/materials\/tipografia-avan\/wp-content\/uploads\/sites\/13\/2018\/12\/20140_m1_012.jpg\" alt=\"\" width=\"800\" height=\"432\" srcset=\"http:\/\/disseny-test.uoc.edu\/materials\/tipografia-avan\/wp-content\/uploads\/sites\/13\/2018\/12\/20140_m1_012.jpg 800w, http:\/\/disseny-test.uoc.edu\/materials\/tipografia-avan\/wp-content\/uploads\/sites\/13\/2018\/12\/20140_m1_012-300x162.jpg 300w, http:\/\/disseny-test.uoc.edu\/materials\/tipografia-avan\/wp-content\/uploads\/sites\/13\/2018\/12\/20140_m1_012-768x415.jpg 768w\" sizes=\"(max-width: 800px) 100vw, 800px\" \/><figcaption id=\"caption-attachment-81\" class=\"wp-caption-text\"><span lang=\"CA\">Disseny de <i>lettering\u00a0<\/i>estil <i>slab\u00a0<\/i><i>serif<\/i>, realitzat per Iv\u00e1n Castro. Origen: Iv\u00e1n Castro. <i>El ABC del Lettering<\/i>. <\/span><\/figcaption><\/figure>\n","protected":false},"excerpt":{"rendered":"<p>La lletra slab serif, tamb\u00e9 anomenada de gr\u00e0cia en bloc, o eg\u00edpcia, es caracteritza per tenir unes gr\u00e0cies molt gruixudes, tant com l\u2019asta de la lletra. Aquest estil habitualment t\u00e9 un contrast baix o nul, fins i tot arribem a trobar exemples amb la l\u00f2gica de gruixos i fins canviada. \u00c9s el cas del conegut [&hellip;]<\/p>\n","protected":false},"author":1,"featured_media":0,"parent":0,"menu_order":0,"comment_status":"closed","ping_status":"closed","template":"","meta":{"inline_featured_image":false},"acf":[],"_links":{"self":[{"href":"http:\/\/disseny-test.uoc.edu\/materials\/tipografia-avan\/wp-json\/wp\/v2\/pages\/396"}],"collection":[{"href":"http:\/\/disseny-test.uoc.edu\/materials\/tipografia-avan\/wp-json\/wp\/v2\/pages"}],"about":[{"href":"http:\/\/disseny-test.uoc.edu\/materials\/tipografia-avan\/wp-json\/wp\/v2\/types\/page"}],"author":[{"embeddable":true,"href":"http:\/\/disseny-test.uoc.edu\/materials\/tipografia-avan\/wp-json\/wp\/v2\/users\/1"}],"replies":[{"embeddable":true,"href":"http:\/\/disseny-test.uoc.edu\/materials\/tipografia-avan\/wp-json\/wp\/v2\/comments?post=396"}],"version-history":[{"count":7,"href":"http:\/\/disseny-test.uoc.edu\/materials\/tipografia-avan\/wp-json\/wp\/v2\/pages\/396\/revisions"}],"predecessor-version":[{"id":612,"href":"http:\/\/disseny-test.uoc.edu\/materials\/tipografia-avan\/wp-json\/wp\/v2\/pages\/396\/revisions\/612"}],"wp:attachment":[{"href":"http:\/\/disseny-test.uoc.edu\/materials\/tipografia-avan\/wp-json\/wp\/v2\/media?parent=396"}],"curies":[{"name":"wp","href":"https:\/\/api.w.org\/{rel}","templated":true}]}}