{"id":414,"date":"2019-01-07T14:02:03","date_gmt":"2019-01-07T12:02:03","guid":{"rendered":"http:\/\/disseny-test.uoc.edu\/materials\/tipografia-avan\/?page_id=414"},"modified":"2019-01-10T15:57:08","modified_gmt":"2019-01-10T13:57:08","slug":"2-1-que-es-la-familia-tipografica","status":"publish","type":"page","link":"http:\/\/disseny-test.uoc.edu\/materials\/tipografia-avan\/2-1-que-es-la-familia-tipografica\/","title":{"rendered":"2.1. Qu\u00e8 \u00e9s la fam\u00edlia tipogr\u00e0fica?"},"content":{"rendered":"<p>Per molt boniques que ens puguin semblar les lletres de manera a\u00efllada (les seves corbes subtils, els seus angles, els seus gruixos, etc.), la tipografia solament t\u00e9 sentit quan les lletres s\u2019uneixen per formar paraules, par\u00e0grafs i columnes de text.<\/p>\n<p>El valor de la tipografia augmenta quan tots els detalls s\u2019ajunten per distingir una font determinada, emfatitzant elements com el ritme o el color.<\/p>\n<p>Una font completa \u00e9s molt m\u00e9s que les vint-i-sis lletres b\u00e0siques de l\u2019alfabet llat\u00ed, els nombres i alguns signes de puntuaci\u00f3, com un signe d\u2019interrogaci\u00f3 o un par\u00e8ntesi. Si volem treballar de manera professional amb la tipografia ens hem d\u2019assegurar que aquesta sigui al m\u00e9s completa possible.<\/p>\n<div class=\"featured featured-blue\"><p><span lang=\"CA\">Anomenem fam\u00edlia tipogr\u00e0fica a un grup de signes alfab\u00e8tics i no alfab\u00e8tics que comparteixen les mateixes caracter\u00edstiques estructurals i estil\u00edstiques. Aix\u00f2 fa que les puguem recon\u00e8ixer dins d\u2019un mateix sistema. En una fam\u00edlia tipogr\u00e0fica podem trobar tots els elements necessaris per poder escriure un text de qualsevol classe o idioma.<\/span><\/p>\n<\/div>\n","protected":false},"excerpt":{"rendered":"<p>Per molt boniques que ens puguin semblar les lletres de manera a\u00efllada (les seves corbes subtils, els seus angles, els seus gruixos, etc.), la tipografia solament t\u00e9 sentit quan les lletres s\u2019uneixen per formar paraules, par\u00e0grafs i columnes de text. El valor de la tipografia augmenta quan tots els detalls s\u2019ajunten per distingir una font [&hellip;]<\/p>\n","protected":false},"author":1,"featured_media":0,"parent":0,"menu_order":0,"comment_status":"closed","ping_status":"closed","template":"","meta":{"inline_featured_image":false},"acf":[],"_links":{"self":[{"href":"http:\/\/disseny-test.uoc.edu\/materials\/tipografia-avan\/wp-json\/wp\/v2\/pages\/414"}],"collection":[{"href":"http:\/\/disseny-test.uoc.edu\/materials\/tipografia-avan\/wp-json\/wp\/v2\/pages"}],"about":[{"href":"http:\/\/disseny-test.uoc.edu\/materials\/tipografia-avan\/wp-json\/wp\/v2\/types\/page"}],"author":[{"embeddable":true,"href":"http:\/\/disseny-test.uoc.edu\/materials\/tipografia-avan\/wp-json\/wp\/v2\/users\/1"}],"replies":[{"embeddable":true,"href":"http:\/\/disseny-test.uoc.edu\/materials\/tipografia-avan\/wp-json\/wp\/v2\/comments?post=414"}],"version-history":[{"count":3,"href":"http:\/\/disseny-test.uoc.edu\/materials\/tipografia-avan\/wp-json\/wp\/v2\/pages\/414\/revisions"}],"predecessor-version":[{"id":616,"href":"http:\/\/disseny-test.uoc.edu\/materials\/tipografia-avan\/wp-json\/wp\/v2\/pages\/414\/revisions\/616"}],"wp:attachment":[{"href":"http:\/\/disseny-test.uoc.edu\/materials\/tipografia-avan\/wp-json\/wp\/v2\/media?parent=414"}],"curies":[{"name":"wp","href":"https:\/\/api.w.org\/{rel}","templated":true}]}}