{"id":416,"date":"2019-01-07T14:02:24","date_gmt":"2019-01-07T12:02:24","guid":{"rendered":"http:\/\/disseny-test.uoc.edu\/materials\/tipografia-avan\/?page_id=416"},"modified":"2019-01-22T16:40:38","modified_gmt":"2019-01-22T14:40:38","slug":"2-2-1-introduccio","status":"publish","type":"page","link":"http:\/\/disseny-test.uoc.edu\/materials\/tipografia-avan\/2-2-1-introduccio\/","title":{"rendered":"2.2.1. Introducci\u00f3"},"content":{"rendered":"<p><span lang=\"CA\">Els signes alfab\u00e8tics i no alfab\u00e8tics que componen la fam\u00edlia tipogr\u00e0fica s\u00f3n: les lletres maj\u00fascules (o de caixa alta), les lletres min\u00fascules (o de caixa baixa), les cursives (o it\u00e0liques) i rodones inclinades, les versaletes, els numerals, els signes de puntuaci\u00f3 i, en alguns casos, tamb\u00e9 es poden incloure els elements ornamentals (o <i>dingbats<\/i>).<\/span><\/p>\n","protected":false},"excerpt":{"rendered":"<p>Els signes alfab\u00e8tics i no alfab\u00e8tics que componen la fam\u00edlia tipogr\u00e0fica s\u00f3n: les lletres maj\u00fascules (o de caixa alta), les lletres min\u00fascules (o de caixa baixa), les cursives (o it\u00e0liques) i rodones inclinades, les versaletes, els numerals, els signes de puntuaci\u00f3 i, en alguns casos, tamb\u00e9 es poden incloure els elements ornamentals (o dingbats).<\/p>\n","protected":false},"author":1,"featured_media":0,"parent":0,"menu_order":0,"comment_status":"closed","ping_status":"closed","template":"","meta":{"inline_featured_image":false},"acf":[],"_links":{"self":[{"href":"http:\/\/disseny-test.uoc.edu\/materials\/tipografia-avan\/wp-json\/wp\/v2\/pages\/416"}],"collection":[{"href":"http:\/\/disseny-test.uoc.edu\/materials\/tipografia-avan\/wp-json\/wp\/v2\/pages"}],"about":[{"href":"http:\/\/disseny-test.uoc.edu\/materials\/tipografia-avan\/wp-json\/wp\/v2\/types\/page"}],"author":[{"embeddable":true,"href":"http:\/\/disseny-test.uoc.edu\/materials\/tipografia-avan\/wp-json\/wp\/v2\/users\/1"}],"replies":[{"embeddable":true,"href":"http:\/\/disseny-test.uoc.edu\/materials\/tipografia-avan\/wp-json\/wp\/v2\/comments?post=416"}],"version-history":[{"count":4,"href":"http:\/\/disseny-test.uoc.edu\/materials\/tipografia-avan\/wp-json\/wp\/v2\/pages\/416\/revisions"}],"predecessor-version":[{"id":681,"href":"http:\/\/disseny-test.uoc.edu\/materials\/tipografia-avan\/wp-json\/wp\/v2\/pages\/416\/revisions\/681"}],"wp:attachment":[{"href":"http:\/\/disseny-test.uoc.edu\/materials\/tipografia-avan\/wp-json\/wp\/v2\/media?parent=416"}],"curies":[{"name":"wp","href":"https:\/\/api.w.org\/{rel}","templated":true}]}}