{"id":420,"date":"2019-01-07T14:03:21","date_gmt":"2019-01-07T12:03:21","guid":{"rendered":"http:\/\/disseny-test.uoc.edu\/materials\/tipografia-avan\/?page_id=420"},"modified":"2019-01-22T16:41:10","modified_gmt":"2019-01-22T14:41:10","slug":"2-2-3-caixa-baixa-o-minuscules","status":"publish","type":"page","link":"http:\/\/disseny-test.uoc.edu\/materials\/tipografia-avan\/2-2-3-caixa-baixa-o-minuscules\/","title":{"rendered":"2.2.3. Caixa baixa o min\u00fascules"},"content":{"rendered":"<p><span lang=\"CA\">El grup de les min\u00fascules inclou els mateixos car\u00e0cters que el grup de les maj\u00fascules, m\u00e9s les lligadures dobles entre <em>f<\/em>\/<em>i<\/em>, <em>f<\/em>\/<em>l<\/em>, <em>f<\/em>\/<em>f<\/em>, les lligadures triples entre <em>f<\/em>\/<em>f<\/em>\/<em>i<\/em>, <em>f<\/em>\/<em>f<\/em>\/<em>l<\/em> i l\u2019<i>Eszett<\/i>, o doble <i>s\u00a0<\/i>alemanya.<\/span><\/p>\n<p><img loading=\"lazy\" class=\"alignnone size-full wp-image-85\" src=\"http:\/\/disseny-test.uoc.edu\/materials\/tipografia-avan\/wp-content\/uploads\/sites\/13\/2018\/12\/20140_m1_016.jpg\" alt=\"\" width=\"800\" height=\"361\" srcset=\"http:\/\/disseny-test.uoc.edu\/materials\/tipografia-avan\/wp-content\/uploads\/sites\/13\/2018\/12\/20140_m1_016.jpg 800w, http:\/\/disseny-test.uoc.edu\/materials\/tipografia-avan\/wp-content\/uploads\/sites\/13\/2018\/12\/20140_m1_016-300x135.jpg 300w, http:\/\/disseny-test.uoc.edu\/materials\/tipografia-avan\/wp-content\/uploads\/sites\/13\/2018\/12\/20140_m1_016-768x347.jpg 768w\" sizes=\"(max-width: 800px) 100vw, 800px\" \/><\/p>\n","protected":false},"excerpt":{"rendered":"<p>El grup de les min\u00fascules inclou els mateixos car\u00e0cters que el grup de les maj\u00fascules, m\u00e9s les lligadures dobles entre f\/i, f\/l, f\/f, les lligadures triples entre f\/f\/i, f\/f\/l i l\u2019Eszett, o doble s\u00a0alemanya.<\/p>\n","protected":false},"author":1,"featured_media":0,"parent":0,"menu_order":0,"comment_status":"closed","ping_status":"closed","template":"","meta":{"inline_featured_image":false},"acf":[],"_links":{"self":[{"href":"http:\/\/disseny-test.uoc.edu\/materials\/tipografia-avan\/wp-json\/wp\/v2\/pages\/420"}],"collection":[{"href":"http:\/\/disseny-test.uoc.edu\/materials\/tipografia-avan\/wp-json\/wp\/v2\/pages"}],"about":[{"href":"http:\/\/disseny-test.uoc.edu\/materials\/tipografia-avan\/wp-json\/wp\/v2\/types\/page"}],"author":[{"embeddable":true,"href":"http:\/\/disseny-test.uoc.edu\/materials\/tipografia-avan\/wp-json\/wp\/v2\/users\/1"}],"replies":[{"embeddable":true,"href":"http:\/\/disseny-test.uoc.edu\/materials\/tipografia-avan\/wp-json\/wp\/v2\/comments?post=420"}],"version-history":[{"count":5,"href":"http:\/\/disseny-test.uoc.edu\/materials\/tipografia-avan\/wp-json\/wp\/v2\/pages\/420\/revisions"}],"predecessor-version":[{"id":682,"href":"http:\/\/disseny-test.uoc.edu\/materials\/tipografia-avan\/wp-json\/wp\/v2\/pages\/420\/revisions\/682"}],"wp:attachment":[{"href":"http:\/\/disseny-test.uoc.edu\/materials\/tipografia-avan\/wp-json\/wp\/v2\/media?parent=420"}],"curies":[{"name":"wp","href":"https:\/\/api.w.org\/{rel}","templated":true}]}}