{"id":423,"date":"2019-01-08T07:33:36","date_gmt":"2019-01-08T05:33:36","guid":{"rendered":"http:\/\/disseny-test.uoc.edu\/materials\/tipografia-avan\/?page_id=423"},"modified":"2019-01-10T16:52:26","modified_gmt":"2019-01-10T14:52:26","slug":"2-2-4-cursives-o-italiques-i-rodones-inclinades","status":"publish","type":"page","link":"http:\/\/disseny-test.uoc.edu\/materials\/tipografia-avan\/2-2-4-cursives-o-italiques-i-rodones-inclinades\/","title":{"rendered":"2.2.4. Cursives o it\u00e0liques i rodones inclinades"},"content":{"rendered":"<p>El grup de lletres cursives o it\u00e0liques i rodones inclinades inclou els mateixos car\u00e0cters que el grup de les maj\u00fascules i min\u00fascules junts, amb una inclinaci\u00f3 que pot anar dels vuit als dotze graus.<\/p>\n<p><img loading=\"lazy\" class=\"alignnone size-full wp-image-86\" src=\"http:\/\/disseny-test.uoc.edu\/materials\/tipografia-avan\/wp-content\/uploads\/sites\/13\/2018\/12\/20140_m1_017.jpg\" alt=\"\" width=\"800\" height=\"352\" srcset=\"http:\/\/disseny-test.uoc.edu\/materials\/tipografia-avan\/wp-content\/uploads\/sites\/13\/2018\/12\/20140_m1_017.jpg 800w, http:\/\/disseny-test.uoc.edu\/materials\/tipografia-avan\/wp-content\/uploads\/sites\/13\/2018\/12\/20140_m1_017-300x132.jpg 300w, http:\/\/disseny-test.uoc.edu\/materials\/tipografia-avan\/wp-content\/uploads\/sites\/13\/2018\/12\/20140_m1_017-768x338.jpg 768w\" sizes=\"(max-width: 800px) 100vw, 800px\" \/><\/p>\n<div class=\"featured featured-blue\"><p>\u00c9s important observar la difer\u00e8ncia entre una font cursiva i una font de rodones inclinades. En una cursiva les formes fan refer\u00e8ncia a l\u2019escriptura cursiva manuscrita que s\u2019emprava en la It\u00e0lia del segle <span class=\"roman\">xv<\/span>. Per norma general, les cursives s\u2019associen a les fonts serif. Les rodones inclinades, per contra, es basen en les formes rodones, per\u00f2 amb una lleugera inclinaci\u00f3 cap a la dreta que varia segons el disseny. Aquest tipus de fonts est\u00e0 generalment associat a les tipografies contempor\u00e0nies o lineals.<\/p>\n<\/div>\n<p><img loading=\"lazy\" class=\"alignnone wp-image-579 size-full\" src=\"http:\/\/disseny-test.uoc.edu\/materials\/tipografia-avan\/wp-content\/uploads\/sites\/13\/2019\/01\/20140_m1_018.jpg\" alt=\"\" width=\"800\" height=\"361\" srcset=\"http:\/\/disseny-test.uoc.edu\/materials\/tipografia-avan\/wp-content\/uploads\/sites\/13\/2019\/01\/20140_m1_018.jpg 800w, http:\/\/disseny-test.uoc.edu\/materials\/tipografia-avan\/wp-content\/uploads\/sites\/13\/2019\/01\/20140_m1_018-300x135.jpg 300w, http:\/\/disseny-test.uoc.edu\/materials\/tipografia-avan\/wp-content\/uploads\/sites\/13\/2019\/01\/20140_m1_018-768x347.jpg 768w\" sizes=\"(max-width: 800px) 100vw, 800px\" \/><\/p>\n","protected":false},"excerpt":{"rendered":"<p>El grup de lletres cursives o it\u00e0liques i rodones inclinades inclou els mateixos car\u00e0cters que el grup de les maj\u00fascules i min\u00fascules junts, amb una inclinaci\u00f3 que pot anar dels vuit als dotze graus.<\/p>\n","protected":false},"author":1,"featured_media":0,"parent":0,"menu_order":0,"comment_status":"closed","ping_status":"closed","template":"","meta":{"inline_featured_image":false},"acf":[],"_links":{"self":[{"href":"http:\/\/disseny-test.uoc.edu\/materials\/tipografia-avan\/wp-json\/wp\/v2\/pages\/423"}],"collection":[{"href":"http:\/\/disseny-test.uoc.edu\/materials\/tipografia-avan\/wp-json\/wp\/v2\/pages"}],"about":[{"href":"http:\/\/disseny-test.uoc.edu\/materials\/tipografia-avan\/wp-json\/wp\/v2\/types\/page"}],"author":[{"embeddable":true,"href":"http:\/\/disseny-test.uoc.edu\/materials\/tipografia-avan\/wp-json\/wp\/v2\/users\/1"}],"replies":[{"embeddable":true,"href":"http:\/\/disseny-test.uoc.edu\/materials\/tipografia-avan\/wp-json\/wp\/v2\/comments?post=423"}],"version-history":[{"count":5,"href":"http:\/\/disseny-test.uoc.edu\/materials\/tipografia-avan\/wp-json\/wp\/v2\/pages\/423\/revisions"}],"predecessor-version":[{"id":654,"href":"http:\/\/disseny-test.uoc.edu\/materials\/tipografia-avan\/wp-json\/wp\/v2\/pages\/423\/revisions\/654"}],"wp:attachment":[{"href":"http:\/\/disseny-test.uoc.edu\/materials\/tipografia-avan\/wp-json\/wp\/v2\/media?parent=423"}],"curies":[{"name":"wp","href":"https:\/\/api.w.org\/{rel}","templated":true}]}}