{"id":444,"date":"2019-01-07T14:05:17","date_gmt":"2019-01-07T12:05:17","guid":{"rendered":"http:\/\/disseny-test.uoc.edu\/materials\/tipografia-avan\/?page_id=444"},"modified":"2019-01-10T16:53:33","modified_gmt":"2019-01-10T14:53:33","slug":"2-2-5-versaletes","status":"publish","type":"page","link":"http:\/\/disseny-test.uoc.edu\/materials\/tipografia-avan\/2-2-5-versaletes\/","title":{"rendered":"2.2.5. Versaletes"},"content":{"rendered":"<p>Les versaletes s\u00f3n un grup de car\u00e0cters que corresponen a una variaci\u00f3 formal de les maj\u00fascules, o de caixa alta, per\u00f2 redu\u00efdes a l\u2019altura d\u2019<em>x<\/em>, amb les seves corresponents correccions \u00f2ptiques, per crear harmonia amb la resta de la fam\u00edlia. Les versaletes s\u00f3n molt comunes en les fonts amb gr\u00e0cies i en alguns casos adopten la nomenclatura de <em>car\u00e0cters experts<\/em>.<\/p>\n<p><img loading=\"lazy\" class=\"alignnone size-full wp-image-88\" src=\"http:\/\/disseny-test.uoc.edu\/materials\/tipografia-avan\/wp-content\/uploads\/sites\/13\/2018\/12\/20140_m1_019.jpg\" alt=\"\" width=\"800\" height=\"323\" srcset=\"http:\/\/disseny-test.uoc.edu\/materials\/tipografia-avan\/wp-content\/uploads\/sites\/13\/2018\/12\/20140_m1_019.jpg 800w, http:\/\/disseny-test.uoc.edu\/materials\/tipografia-avan\/wp-content\/uploads\/sites\/13\/2018\/12\/20140_m1_019-300x121.jpg 300w, http:\/\/disseny-test.uoc.edu\/materials\/tipografia-avan\/wp-content\/uploads\/sites\/13\/2018\/12\/20140_m1_019-768x310.jpg 768w\" sizes=\"(max-width: 800px) 100vw, 800px\" \/><\/p>\n<p>En alguns casos, les diferents aplicacions inform\u00e0tiques permeten reduir la mida dels car\u00e0cters de caixa alta de manera autom\u00e0tica. Aquestes versaletes artificials no s&#8217;han de confondre\u2019s amb les vertaderes, ja que les proporcions i els amples no tenen res a veure amb les dissenyades origin\u00e0riament.<\/p>\n<p><img loading=\"lazy\" class=\"alignnone wp-image-580 size-full\" src=\"http:\/\/disseny-test.uoc.edu\/materials\/tipografia-avan\/wp-content\/uploads\/sites\/13\/2019\/01\/20140_m1_020.jpg\" alt=\"\" width=\"800\" height=\"364\" srcset=\"http:\/\/disseny-test.uoc.edu\/materials\/tipografia-avan\/wp-content\/uploads\/sites\/13\/2019\/01\/20140_m1_020.jpg 800w, http:\/\/disseny-test.uoc.edu\/materials\/tipografia-avan\/wp-content\/uploads\/sites\/13\/2019\/01\/20140_m1_020-300x137.jpg 300w, http:\/\/disseny-test.uoc.edu\/materials\/tipografia-avan\/wp-content\/uploads\/sites\/13\/2019\/01\/20140_m1_020-768x349.jpg 768w\" sizes=\"(max-width: 800px) 100vw, 800px\" \/><\/p>\n","protected":false},"excerpt":{"rendered":"<p>Les versaletes s\u00f3n un grup de car\u00e0cters que corresponen a una variaci\u00f3 formal de les maj\u00fascules, o de caixa alta, per\u00f2 redu\u00efdes a l\u2019altura d\u2019x, amb les seves corresponents correccions \u00f2ptiques, per crear harmonia amb la resta de la fam\u00edlia. Les versaletes s\u00f3n molt comunes en les fonts amb gr\u00e0cies i en alguns casos adopten [&hellip;]<\/p>\n","protected":false},"author":1,"featured_media":0,"parent":0,"menu_order":0,"comment_status":"closed","ping_status":"closed","template":"","meta":{"inline_featured_image":false},"acf":[],"_links":{"self":[{"href":"http:\/\/disseny-test.uoc.edu\/materials\/tipografia-avan\/wp-json\/wp\/v2\/pages\/444"}],"collection":[{"href":"http:\/\/disseny-test.uoc.edu\/materials\/tipografia-avan\/wp-json\/wp\/v2\/pages"}],"about":[{"href":"http:\/\/disseny-test.uoc.edu\/materials\/tipografia-avan\/wp-json\/wp\/v2\/types\/page"}],"author":[{"embeddable":true,"href":"http:\/\/disseny-test.uoc.edu\/materials\/tipografia-avan\/wp-json\/wp\/v2\/users\/1"}],"replies":[{"embeddable":true,"href":"http:\/\/disseny-test.uoc.edu\/materials\/tipografia-avan\/wp-json\/wp\/v2\/comments?post=444"}],"version-history":[{"count":4,"href":"http:\/\/disseny-test.uoc.edu\/materials\/tipografia-avan\/wp-json\/wp\/v2\/pages\/444\/revisions"}],"predecessor-version":[{"id":655,"href":"http:\/\/disseny-test.uoc.edu\/materials\/tipografia-avan\/wp-json\/wp\/v2\/pages\/444\/revisions\/655"}],"wp:attachment":[{"href":"http:\/\/disseny-test.uoc.edu\/materials\/tipografia-avan\/wp-json\/wp\/v2\/media?parent=444"}],"curies":[{"name":"wp","href":"https:\/\/api.w.org\/{rel}","templated":true}]}}