{"id":446,"date":"2019-01-07T14:08:22","date_gmt":"2019-01-07T12:08:22","guid":{"rendered":"http:\/\/disseny-test.uoc.edu\/materials\/tipografia-avan\/?page_id=446"},"modified":"2019-01-22T16:42:27","modified_gmt":"2019-01-22T14:42:27","slug":"2-2-6-numerals","status":"publish","type":"page","link":"http:\/\/disseny-test.uoc.edu\/materials\/tipografia-avan\/2-2-6-numerals\/","title":{"rendered":"2.2.6. Numerals"},"content":{"rendered":"<p>Els numerals es poden dividir en dos grups principals: els numerals de caixa alta i els numerals de caixa baixa.<\/p>\n<ul>\n<li>Els numerals de caixa alta, tamb\u00e9 anomenats xifres capitals, tenen la mateixa altura que els car\u00e0cters de caixa alta i comparteixen els mateixos atributs, tant d\u2019ample com d\u2019interlletratge (o de <em>kerning<\/em>, en angl\u00e8s). S\u00f3n especialment \u00fatils per ser usats en taules o qualsevol altre element de disseny o maquetaci\u00f3 on es combinin amb les caixes altes.<\/li>\n<li>Els numerals de caixa baixa, tamb\u00e9 denominats xifres d\u2019estil antic, xifres de text o elzevirianes, estan composts de car\u00e0cters que comparteixen l\u2019altura de\u00a0<em>x<\/em> i les ascendents i descendents de les min\u00fascules. Estan especialment dissenyats per acompanyar els car\u00e0cters de caixa baixa. Per norma general, aquest grup de glifs s\u00f3n molt freq\u00fcents en els tipus serif.<\/li>\n<\/ul>\n<p><img loading=\"lazy\" class=\"alignnone wp-image-581 size-full\" src=\"http:\/\/disseny-test.uoc.edu\/materials\/tipografia-avan\/wp-content\/uploads\/sites\/13\/2019\/01\/20140_m1_021.jpg\" alt=\"\" width=\"800\" height=\"401\" srcset=\"http:\/\/disseny-test.uoc.edu\/materials\/tipografia-avan\/wp-content\/uploads\/sites\/13\/2019\/01\/20140_m1_021.jpg 800w, http:\/\/disseny-test.uoc.edu\/materials\/tipografia-avan\/wp-content\/uploads\/sites\/13\/2019\/01\/20140_m1_021-300x150.jpg 300w, http:\/\/disseny-test.uoc.edu\/materials\/tipografia-avan\/wp-content\/uploads\/sites\/13\/2019\/01\/20140_m1_021-768x385.jpg 768w\" sizes=\"(max-width: 800px) 100vw, 800px\" \/><\/p>\n<p>Hi ha altres tipus de numerals que tamb\u00e9 s\u00f3n importants i que formen part de l\u2019alfabet, encara que estan dins del grup de car\u00e0cters experts:<\/p>\n<ul>\n<li>Els numerals de super\u00edndex s\u00f3n car\u00e0cters redu\u00efts i elevats proporcionalment, que s\u2019utilitzen principalment en f\u00f3rmules matem\u00e0tiques i per a les notes a peu de p\u00e0gina.<\/li>\n<li>Els numerals de sub\u00edndex s\u00f3n car\u00e0cters redu\u00efts proporcionalment que sobresurten per sota de la l\u00ednia base, habitualment en f\u00f3rmules qu\u00edmiques.<\/li>\n<li>Els numeradors s\u00f3n car\u00e0cters redu\u00efts proporcionalment que s\u2019usen habitualment en f\u00f3rmules matem\u00e0tiques per als nombres fraccionats superiors.<\/li>\n<li>Els denominadors s\u00f3n car\u00e0cters redu\u00efts proporcionalment que s\u2019usen habitualment en f\u00f3rmules matem\u00e0tiques per a nombres fraccionats inferiors.<\/li>\n<li>Les fraccions s\u00f3n car\u00e0cters que formen una conjunci\u00f3 en substituci\u00f3 als dos nombres i una barra diagonal. Poden apar\u00e8ixer amb gran regularitat en elements com ara receptes, llibres de cuina, manuals, etc.<\/li>\n<\/ul>\n<p><img loading=\"lazy\" class=\"alignnone wp-image-582 size-full\" src=\"http:\/\/disseny-test.uoc.edu\/materials\/tipografia-avan\/wp-content\/uploads\/sites\/13\/2019\/01\/20140_m1_022.jpg\" alt=\"\" width=\"800\" height=\"411\" srcset=\"http:\/\/disseny-test.uoc.edu\/materials\/tipografia-avan\/wp-content\/uploads\/sites\/13\/2019\/01\/20140_m1_022.jpg 800w, http:\/\/disseny-test.uoc.edu\/materials\/tipografia-avan\/wp-content\/uploads\/sites\/13\/2019\/01\/20140_m1_022-300x154.jpg 300w, http:\/\/disseny-test.uoc.edu\/materials\/tipografia-avan\/wp-content\/uploads\/sites\/13\/2019\/01\/20140_m1_022-768x395.jpg 768w\" sizes=\"(max-width: 800px) 100vw, 800px\" \/><\/p>\n","protected":false},"excerpt":{"rendered":"<p>Els numerals es poden dividir en dos grups principals: els numerals de caixa alta i els numerals de caixa baixa. Els numerals de caixa alta, tamb\u00e9 anomenats xifres capitals, tenen la mateixa altura que els car\u00e0cters de caixa alta i comparteixen els mateixos atributs, tant d\u2019ample com d\u2019interlletratge (o de kerning, en angl\u00e8s). S\u00f3n especialment [&hellip;]<\/p>\n","protected":false},"author":1,"featured_media":0,"parent":0,"menu_order":0,"comment_status":"closed","ping_status":"closed","template":"","meta":{"inline_featured_image":false},"acf":[],"_links":{"self":[{"href":"http:\/\/disseny-test.uoc.edu\/materials\/tipografia-avan\/wp-json\/wp\/v2\/pages\/446"}],"collection":[{"href":"http:\/\/disseny-test.uoc.edu\/materials\/tipografia-avan\/wp-json\/wp\/v2\/pages"}],"about":[{"href":"http:\/\/disseny-test.uoc.edu\/materials\/tipografia-avan\/wp-json\/wp\/v2\/types\/page"}],"author":[{"embeddable":true,"href":"http:\/\/disseny-test.uoc.edu\/materials\/tipografia-avan\/wp-json\/wp\/v2\/users\/1"}],"replies":[{"embeddable":true,"href":"http:\/\/disseny-test.uoc.edu\/materials\/tipografia-avan\/wp-json\/wp\/v2\/comments?post=446"}],"version-history":[{"count":7,"href":"http:\/\/disseny-test.uoc.edu\/materials\/tipografia-avan\/wp-json\/wp\/v2\/pages\/446\/revisions"}],"predecessor-version":[{"id":683,"href":"http:\/\/disseny-test.uoc.edu\/materials\/tipografia-avan\/wp-json\/wp\/v2\/pages\/446\/revisions\/683"}],"wp:attachment":[{"href":"http:\/\/disseny-test.uoc.edu\/materials\/tipografia-avan\/wp-json\/wp\/v2\/media?parent=446"}],"curies":[{"name":"wp","href":"https:\/\/api.w.org\/{rel}","templated":true}]}}