{"id":456,"date":"2019-01-07T14:15:15","date_gmt":"2019-01-07T12:15:15","guid":{"rendered":"http:\/\/disseny-test.uoc.edu\/materials\/tipografia-avan\/?page_id=456"},"modified":"2019-01-22T16:48:16","modified_gmt":"2019-01-22T14:48:16","slug":"2-3-1-introduccio","status":"publish","type":"page","link":"http:\/\/disseny-test.uoc.edu\/materials\/tipografia-avan\/2-3-1-introduccio\/","title":{"rendered":"2.3.1. Introducci\u00f3"},"content":{"rendered":"<p>La comunicaci\u00f3 requereix diferents nivells de lectura depenent de les jerarquies d\u2019un text. La tipografia pot resoldre aquest problema mitjan\u00e7ant les variants d\u2019estil.<\/p>\n<p>Els estils s\u00f3n les variables que ens ofereix una mateixa fam\u00edlia per respondre a les diferents necessitats de comunicaci\u00f3 visual.<\/p>\n<p>Les utilitzem, entre altres coses, per establir diferents nivells de jerarquia dins d\u2019un text, per alterar el color, canviar el ritme, etc.<\/p>\n<p>Aquestes variables tipogr\u00e0fiques funcionen com a alternatives o extensions dins d\u2019una mateixa fam\u00edlia, per tant, mantenen les mateixes caracter\u00edstiques estructurals entre elles.<\/p>\n<div class=\"featured featured-blue\"><p>Les variants d\u2019estil se subdivideixen en tres blocs: inclinaci\u00f3, pes i amplada. <\/p>\n<\/div>\n","protected":false},"excerpt":{"rendered":"<p>La comunicaci\u00f3 requereix diferents nivells de lectura depenent de les jerarquies d\u2019un text. La tipografia pot resoldre aquest problema mitjan\u00e7ant les variants d\u2019estil. Els estils s\u00f3n les variables que ens ofereix una mateixa fam\u00edlia per respondre a les diferents necessitats de comunicaci\u00f3 visual. Les utilitzem, entre altres coses, per establir diferents nivells de jerarquia dins [&hellip;]<\/p>\n","protected":false},"author":1,"featured_media":0,"parent":0,"menu_order":0,"comment_status":"closed","ping_status":"closed","template":"","meta":{"inline_featured_image":false},"acf":[],"_links":{"self":[{"href":"http:\/\/disseny-test.uoc.edu\/materials\/tipografia-avan\/wp-json\/wp\/v2\/pages\/456"}],"collection":[{"href":"http:\/\/disseny-test.uoc.edu\/materials\/tipografia-avan\/wp-json\/wp\/v2\/pages"}],"about":[{"href":"http:\/\/disseny-test.uoc.edu\/materials\/tipografia-avan\/wp-json\/wp\/v2\/types\/page"}],"author":[{"embeddable":true,"href":"http:\/\/disseny-test.uoc.edu\/materials\/tipografia-avan\/wp-json\/wp\/v2\/users\/1"}],"replies":[{"embeddable":true,"href":"http:\/\/disseny-test.uoc.edu\/materials\/tipografia-avan\/wp-json\/wp\/v2\/comments?post=456"}],"version-history":[{"count":4,"href":"http:\/\/disseny-test.uoc.edu\/materials\/tipografia-avan\/wp-json\/wp\/v2\/pages\/456\/revisions"}],"predecessor-version":[{"id":687,"href":"http:\/\/disseny-test.uoc.edu\/materials\/tipografia-avan\/wp-json\/wp\/v2\/pages\/456\/revisions\/687"}],"wp:attachment":[{"href":"http:\/\/disseny-test.uoc.edu\/materials\/tipografia-avan\/wp-json\/wp\/v2\/media?parent=456"}],"curies":[{"name":"wp","href":"https:\/\/api.w.org\/{rel}","templated":true}]}}