{"id":460,"date":"2019-01-07T14:18:10","date_gmt":"2019-01-07T12:18:10","guid":{"rendered":"http:\/\/disseny-test.uoc.edu\/materials\/tipografia-avan\/?page_id=460"},"modified":"2019-01-10T16:56:20","modified_gmt":"2019-01-10T14:56:20","slug":"2-3-3-variants-de-pes","status":"publish","type":"page","link":"http:\/\/disseny-test.uoc.edu\/materials\/tipografia-avan\/2-3-3-variants-de-pes\/","title":{"rendered":"2.3.3. Variants de pes"},"content":{"rendered":"<p>Les variants de pes afecten principalment l\u2019estructura de l\u2019anatomia dels car\u00e0cters. Aix\u00f2 provoca modificacions en l\u2019estructura, ja que hi ha una alteraci\u00f3 del color tipogr\u00e0fic i un canvi en la relaci\u00f3 entre l\u2019ample del tra\u00e7 i les contraformes de les lletres.<\/p>\n<div class=\"featured featured-blue\"><p>\u00c9s important observar que si es necessita una versi\u00f3 negreta d\u2019una font cal buscar la variant corresponent de la fam\u00edlia, no la versi\u00f3 que es pot realitzar de manera artificial amb el programa.<\/p>\n<\/div>\n<p>En les variants de pes, el contrast entre els tra\u00e7os fins i els gruixuts sol ser gradual.<\/p>\n<p><img loading=\"lazy\" class=\"alignnone wp-image-585 size-full\" src=\"http:\/\/disseny-test.uoc.edu\/materials\/tipografia-avan\/wp-content\/uploads\/sites\/13\/2019\/01\/20140_m1_028.jpg\" alt=\"\" width=\"800\" height=\"481\" srcset=\"http:\/\/disseny-test.uoc.edu\/materials\/tipografia-avan\/wp-content\/uploads\/sites\/13\/2019\/01\/20140_m1_028.jpg 800w, http:\/\/disseny-test.uoc.edu\/materials\/tipografia-avan\/wp-content\/uploads\/sites\/13\/2019\/01\/20140_m1_028-300x180.jpg 300w, http:\/\/disseny-test.uoc.edu\/materials\/tipografia-avan\/wp-content\/uploads\/sites\/13\/2019\/01\/20140_m1_028-768x462.jpg 768w\" sizes=\"(max-width: 800px) 100vw, 800px\" \/><\/p>\n<p><img loading=\"lazy\" class=\"alignnone wp-image-586 size-full\" src=\"http:\/\/disseny-test.uoc.edu\/materials\/tipografia-avan\/wp-content\/uploads\/sites\/13\/2019\/01\/20140_m1_029.jpg\" alt=\"\" width=\"800\" height=\"413\" srcset=\"http:\/\/disseny-test.uoc.edu\/materials\/tipografia-avan\/wp-content\/uploads\/sites\/13\/2019\/01\/20140_m1_029.jpg 800w, http:\/\/disseny-test.uoc.edu\/materials\/tipografia-avan\/wp-content\/uploads\/sites\/13\/2019\/01\/20140_m1_029-300x155.jpg 300w, http:\/\/disseny-test.uoc.edu\/materials\/tipografia-avan\/wp-content\/uploads\/sites\/13\/2019\/01\/20140_m1_029-768x396.jpg 768w\" sizes=\"(max-width: 800px) 100vw, 800px\" \/><\/p>\n","protected":false},"excerpt":{"rendered":"<p>Les variants de pes afecten principalment l\u2019estructura de l\u2019anatomia dels car\u00e0cters. Aix\u00f2 provoca modificacions en l\u2019estructura, ja que hi ha una alteraci\u00f3 del color tipogr\u00e0fic i un canvi en la relaci\u00f3 entre l\u2019ample del tra\u00e7 i les contraformes de les lletres. En les variants de pes, el contrast entre els tra\u00e7os fins i els gruixuts [&hellip;]<\/p>\n","protected":false},"author":1,"featured_media":0,"parent":0,"menu_order":0,"comment_status":"closed","ping_status":"closed","template":"","meta":{"inline_featured_image":false},"acf":[],"_links":{"self":[{"href":"http:\/\/disseny-test.uoc.edu\/materials\/tipografia-avan\/wp-json\/wp\/v2\/pages\/460"}],"collection":[{"href":"http:\/\/disseny-test.uoc.edu\/materials\/tipografia-avan\/wp-json\/wp\/v2\/pages"}],"about":[{"href":"http:\/\/disseny-test.uoc.edu\/materials\/tipografia-avan\/wp-json\/wp\/v2\/types\/page"}],"author":[{"embeddable":true,"href":"http:\/\/disseny-test.uoc.edu\/materials\/tipografia-avan\/wp-json\/wp\/v2\/users\/1"}],"replies":[{"embeddable":true,"href":"http:\/\/disseny-test.uoc.edu\/materials\/tipografia-avan\/wp-json\/wp\/v2\/comments?post=460"}],"version-history":[{"count":3,"href":"http:\/\/disseny-test.uoc.edu\/materials\/tipografia-avan\/wp-json\/wp\/v2\/pages\/460\/revisions"}],"predecessor-version":[{"id":659,"href":"http:\/\/disseny-test.uoc.edu\/materials\/tipografia-avan\/wp-json\/wp\/v2\/pages\/460\/revisions\/659"}],"wp:attachment":[{"href":"http:\/\/disseny-test.uoc.edu\/materials\/tipografia-avan\/wp-json\/wp\/v2\/media?parent=460"}],"curies":[{"name":"wp","href":"https:\/\/api.w.org\/{rel}","templated":true}]}}