{"id":463,"date":"2019-01-07T14:19:44","date_gmt":"2019-01-07T12:19:44","guid":{"rendered":"http:\/\/disseny-test.uoc.edu\/materials\/tipografia-avan\/?page_id=463"},"modified":"2019-01-22T18:42:13","modified_gmt":"2019-01-22T16:42:13","slug":"2-3-4-variants-damplada","status":"publish","type":"page","link":"http:\/\/disseny-test.uoc.edu\/materials\/tipografia-avan\/2-3-4-variants-damplada\/","title":{"rendered":"2.3.4. Variants d\u2019amplada"},"content":{"rendered":"<p>En les variants d\u2019amplada apareix un canvi estructural en l\u2019anatomia de la lletra en la qual solament varia la proporci\u00f3, per\u00f2 no el tra\u00e7. De la mateixa manera, varia tamb\u00e9 el color segons augmenta l\u2019estil.<\/p>\n<p>En aquest apartat ens trobem amb les fam\u00edlies de fonts condensades i expandides. Hem de ser conscients que aquestes fonts estan dissenyades d\u2019una manera especial, motiu pel qual no hem de modificar caracter\u00edstiques com l\u2019amplada per mitjans autom\u00e0tics electr\u00f2nicament, ja que, en deformar-se les formes de les lletres, perden la seva consist\u00e8ncia i uniformitat.<\/p>\n<p><img loading=\"lazy\" class=\"alignnone wp-image-587 size-full\" src=\"http:\/\/disseny-test.uoc.edu\/materials\/tipografia-avan\/wp-content\/uploads\/sites\/13\/2019\/01\/20140_m1_030.jpg\" alt=\"\" width=\"800\" height=\"596\" srcset=\"http:\/\/disseny-test.uoc.edu\/materials\/tipografia-avan\/wp-content\/uploads\/sites\/13\/2019\/01\/20140_m1_030.jpg 800w, http:\/\/disseny-test.uoc.edu\/materials\/tipografia-avan\/wp-content\/uploads\/sites\/13\/2019\/01\/20140_m1_030-300x224.jpg 300w, http:\/\/disseny-test.uoc.edu\/materials\/tipografia-avan\/wp-content\/uploads\/sites\/13\/2019\/01\/20140_m1_030-768x572.jpg 768w\" sizes=\"(max-width: 800px) 100vw, 800px\" \/><\/p>\n","protected":false},"excerpt":{"rendered":"<p>En les variants d\u2019amplada apareix un canvi estructural en l\u2019anatomia de la lletra en la qual solament varia la proporci\u00f3, per\u00f2 no el tra\u00e7. De la mateixa manera, varia tamb\u00e9 el color segons augmenta l\u2019estil. En aquest apartat ens trobem amb les fam\u00edlies de fonts condensades i expandides. Hem de ser conscients que aquestes fonts [&hellip;]<\/p>\n","protected":false},"author":1,"featured_media":0,"parent":0,"menu_order":0,"comment_status":"closed","ping_status":"closed","template":"","meta":{"inline_featured_image":false},"acf":[],"_links":{"self":[{"href":"http:\/\/disseny-test.uoc.edu\/materials\/tipografia-avan\/wp-json\/wp\/v2\/pages\/463"}],"collection":[{"href":"http:\/\/disseny-test.uoc.edu\/materials\/tipografia-avan\/wp-json\/wp\/v2\/pages"}],"about":[{"href":"http:\/\/disseny-test.uoc.edu\/materials\/tipografia-avan\/wp-json\/wp\/v2\/types\/page"}],"author":[{"embeddable":true,"href":"http:\/\/disseny-test.uoc.edu\/materials\/tipografia-avan\/wp-json\/wp\/v2\/users\/1"}],"replies":[{"embeddable":true,"href":"http:\/\/disseny-test.uoc.edu\/materials\/tipografia-avan\/wp-json\/wp\/v2\/comments?post=463"}],"version-history":[{"count":6,"href":"http:\/\/disseny-test.uoc.edu\/materials\/tipografia-avan\/wp-json\/wp\/v2\/pages\/463\/revisions"}],"predecessor-version":[{"id":714,"href":"http:\/\/disseny-test.uoc.edu\/materials\/tipografia-avan\/wp-json\/wp\/v2\/pages\/463\/revisions\/714"}],"wp:attachment":[{"href":"http:\/\/disseny-test.uoc.edu\/materials\/tipografia-avan\/wp-json\/wp\/v2\/media?parent=463"}],"curies":[{"name":"wp","href":"https:\/\/api.w.org\/{rel}","templated":true}]}}