{"id":465,"date":"2019-01-07T14:21:38","date_gmt":"2019-01-07T12:21:38","guid":{"rendered":"http:\/\/disseny-test.uoc.edu\/materials\/tipografia-avan\/?page_id=465"},"modified":"2019-01-22T16:50:36","modified_gmt":"2019-01-22T14:50:36","slug":"2-4-fonts-per-a-titulars-enfront-de-fonts-per-a-text","status":"publish","type":"page","link":"http:\/\/disseny-test.uoc.edu\/materials\/tipografia-avan\/2-4-fonts-per-a-titulars-enfront-de-fonts-per-a-text\/","title":{"rendered":"2.4. Fonts per a titulars enfront de fonts per a text"},"content":{"rendered":"<p>El text que es presenta tant en mitjans impresos com en mitjans digitals el podem dividir en dos grans grups amb dos objectius molt diferents:<\/p>\n<ul>\n<li><strong>Titulars<\/strong>. Acostumen a ser frases curtes que encap\u00e7alen diferents nivells de seccions.<\/li>\n<li><strong>Cos de text<\/strong>. \u00c9s el que habitualment coneixem com a text corregut o text principal.<\/li>\n<\/ul>\n<p>Si necessitem dissenyar una pe\u00e7a amb diferents nivells d\u2019aplicaci\u00f3 tipogr\u00e0fica podem optar per emprar una sola fam\u00edlia de fonts, usant per a aix\u00f2 les diferents variants d\u2019inclinaci\u00f3, pes o amplada, o podem emprar una combinaci\u00f3 de diverses fam\u00edlies per diferenciar gr\u00e0ficament tots els elements del contingut.<\/p>\n<p>Els titulars s\u00f3n a escala visual el primer que es llegeix, i \u00e9s per aix\u00f2 que han de reflectir una import\u00e0ncia relativa respecte a la resta del conjunt del disseny.<\/p>\n<p>Altres elements de lectura r\u00e0pida, com els destacats o les llistes, poden i han de guardar semblan\u00e7a amb els titulars o textos principals. Utilitzant la tipografia per assenyalar els diferents nivells d\u2019informaci\u00f3, el dissenyador ajuda el lector a viatjar pel document i decideix l\u2019ordre de lectura, el ritme i el contingut on desitja que el lector s\u2019aturi.<\/p>\n<p>Les fonts <em>display<\/em> estan dissenyades amb un objectiu d\u2019\u00fas, principalment per a titulars. Les seves formes complexes i les seves proporcions extremes les fan fatigoses per als textos extensos.<\/p>\n<p>El disseny d\u2019algunes tipografies est\u00e0 plantejat per al seu \u00fas exclusiu en cos de text o text de lectura. Aquestes fonts es desenvolupen amb l\u2019objectiu d\u2019aconseguir una bona lectura i \u00e9s per aix\u00f2 que les formes solen ser subtils, depurades i amb uns espaiats molt ben treballats perqu\u00e8 la sensaci\u00f3 d\u2019uniformitat sigui constant.<\/p>\n<p>Les fonts per a text solen contenir multitud de pesos i variants per poder jerarquitzar b\u00e9 la informaci\u00f3. En alguns casos tenen en compte detalls atractius i \u00e9s per aix\u00f2 que poden arribar a ser \u00f2ptimes per al seu \u00fas en titulars, encara que aquests casos no s\u00f3n tan evidents com les fonts <em>display<\/em>.<\/p>\n<p><img loading=\"lazy\" class=\"alignnone size-full wp-image-100\" src=\"http:\/\/disseny-test.uoc.edu\/materials\/tipografia-avan\/wp-content\/uploads\/sites\/13\/2018\/12\/20140_m1_031.jpg\" alt=\"\" width=\"800\" height=\"639\" srcset=\"http:\/\/disseny-test.uoc.edu\/materials\/tipografia-avan\/wp-content\/uploads\/sites\/13\/2018\/12\/20140_m1_031.jpg 800w, http:\/\/disseny-test.uoc.edu\/materials\/tipografia-avan\/wp-content\/uploads\/sites\/13\/2018\/12\/20140_m1_031-300x240.jpg 300w, http:\/\/disseny-test.uoc.edu\/materials\/tipografia-avan\/wp-content\/uploads\/sites\/13\/2018\/12\/20140_m1_031-768x613.jpg 768w\" sizes=\"(max-width: 800px) 100vw, 800px\" \/><\/p>\n","protected":false},"excerpt":{"rendered":"<p>El text que es presenta tant en mitjans impresos com en mitjans digitals el podem dividir en dos grans grups amb dos objectius molt diferents: Titulars. Acostumen a ser frases curtes que encap\u00e7alen diferents nivells de seccions. Cos de text. \u00c9s el que habitualment coneixem com a text corregut o text principal. Si necessitem dissenyar [&hellip;]<\/p>\n","protected":false},"author":1,"featured_media":0,"parent":0,"menu_order":0,"comment_status":"closed","ping_status":"closed","template":"","meta":{"inline_featured_image":false},"acf":[],"_links":{"self":[{"href":"http:\/\/disseny-test.uoc.edu\/materials\/tipografia-avan\/wp-json\/wp\/v2\/pages\/465"}],"collection":[{"href":"http:\/\/disseny-test.uoc.edu\/materials\/tipografia-avan\/wp-json\/wp\/v2\/pages"}],"about":[{"href":"http:\/\/disseny-test.uoc.edu\/materials\/tipografia-avan\/wp-json\/wp\/v2\/types\/page"}],"author":[{"embeddable":true,"href":"http:\/\/disseny-test.uoc.edu\/materials\/tipografia-avan\/wp-json\/wp\/v2\/users\/1"}],"replies":[{"embeddable":true,"href":"http:\/\/disseny-test.uoc.edu\/materials\/tipografia-avan\/wp-json\/wp\/v2\/comments?post=465"}],"version-history":[{"count":4,"href":"http:\/\/disseny-test.uoc.edu\/materials\/tipografia-avan\/wp-json\/wp\/v2\/pages\/465\/revisions"}],"predecessor-version":[{"id":689,"href":"http:\/\/disseny-test.uoc.edu\/materials\/tipografia-avan\/wp-json\/wp\/v2\/pages\/465\/revisions\/689"}],"wp:attachment":[{"href":"http:\/\/disseny-test.uoc.edu\/materials\/tipografia-avan\/wp-json\/wp\/v2\/media?parent=465"}],"curies":[{"name":"wp","href":"https:\/\/api.w.org\/{rel}","templated":true}]}}