{"id":471,"date":"2019-01-07T14:28:52","date_gmt":"2019-01-07T12:28:52","guid":{"rendered":"http:\/\/disseny-test.uoc.edu\/materials\/tipografia-avan\/?page_id=471"},"modified":"2019-01-10T16:57:43","modified_gmt":"2019-01-10T14:57:43","slug":"3-3-longitud-de-linies","status":"publish","type":"page","link":"http:\/\/disseny-test.uoc.edu\/materials\/tipografia-avan\/3-3-longitud-de-linies\/","title":{"rendered":"3.3. Longitud de l\u00ednies"},"content":{"rendered":"<p>Llegir l\u00ednies de text molt llargues cansa els nostres ulls, que necessiten les pauses que ens proporcionen els salts de l\u00ednia. Al moment de canviar de l\u00ednia, els ulls obtenen aquesta breu pausa, que \u00e9s curta per\u00f2 prou llarga per continuar llegint m\u00e9s temps. Aquest proc\u00e9s s\u2019assembla al d\u2019un motor, que no va a m\u00e0xima pot\u00e8ncia tota l\u2019estona per poder seguir funcionant sense sobreescalfar-se.<\/p>\n<p>L\u2019ample ideal d\u2019una l\u00ednia de text es troba entre els 45 i els 75 car\u00e0cters, incloent-hi espais. Qualsevol altra mesura que sobrepassi aquest rang es fa dif\u00edcil de llegir: massa canvis de l\u00ednia en l\u00ednies curtes i massa pocs en l\u00ednies llargues.<\/p>\n<p><img loading=\"lazy\" class=\"alignnone wp-image-588 size-full\" src=\"http:\/\/disseny-test.uoc.edu\/materials\/tipografia-avan\/wp-content\/uploads\/sites\/13\/2019\/01\/20140_m1_035.jpg\" alt=\"\" width=\"800\" height=\"482\" srcset=\"http:\/\/disseny-test.uoc.edu\/materials\/tipografia-avan\/wp-content\/uploads\/sites\/13\/2019\/01\/20140_m1_035.jpg 800w, http:\/\/disseny-test.uoc.edu\/materials\/tipografia-avan\/wp-content\/uploads\/sites\/13\/2019\/01\/20140_m1_035-300x181.jpg 300w, http:\/\/disseny-test.uoc.edu\/materials\/tipografia-avan\/wp-content\/uploads\/sites\/13\/2019\/01\/20140_m1_035-768x463.jpg 768w\" sizes=\"(max-width: 800px) 100vw, 800px\" \/><\/p>\n<p>De vegades oblidem que no tot est\u00e0 escrit en castell\u00e0, catal\u00e0 o angl\u00e8s. L\u2019idioma d\u2019un text tamb\u00e9 determinar\u00e0 el seu aspecte, i especialment l\u2019ample de l\u00ednia. Per exemple, sabem que el nombre mitj\u00e0 de car\u00e0cters d\u2019una paraula en alemany \u00e9s molt superior a la mitjana en castell\u00e0. Aix\u00f2 \u00e9s aix\u00ed perqu\u00e8 en alemany \u00e9s molt habitual combinar paraules per formar-ne de noves i, en general, resulten bastant llargues. Aix\u00f2 dona com a resultat par\u00e0grafs m\u00e9s irregulars per la dreta. Per contrarestar l\u2019efecte, recomanem tendir cap a la xifra superior del rang orientatiu. \u00c9s a dir, en aquests casos seria m\u00e9s aconsellable decantar-se cap als 75 car\u00e0cters que cap als 45.<\/p>\n<p><img loading=\"lazy\" class=\"alignnone size-full wp-image-105\" src=\"http:\/\/disseny-test.uoc.edu\/materials\/tipografia-avan\/wp-content\/uploads\/sites\/13\/2018\/12\/20140_m1_036.jpg\" alt=\"\" width=\"800\" height=\"484\" srcset=\"http:\/\/disseny-test.uoc.edu\/materials\/tipografia-avan\/wp-content\/uploads\/sites\/13\/2018\/12\/20140_m1_036.jpg 800w, http:\/\/disseny-test.uoc.edu\/materials\/tipografia-avan\/wp-content\/uploads\/sites\/13\/2018\/12\/20140_m1_036-300x182.jpg 300w, http:\/\/disseny-test.uoc.edu\/materials\/tipografia-avan\/wp-content\/uploads\/sites\/13\/2018\/12\/20140_m1_036-768x465.jpg 768w\" sizes=\"(max-width: 800px) 100vw, 800px\" \/><\/p>\n<div class=\"featured featured-blue\"><\/p>\n<p><strong>Conclusi\u00f3 <\/strong><\/p>\n<p>La longitud orientativa per a les l\u00ednies d\u2019un text de lectura est\u00e0 entre 45 i 75 car\u00e0cters, incloent-hi espais. Cal tenir en compte la longitud mitjana de les paraules de cada idioma que s\u2019utilitzi en la publicaci\u00f3.<\/p>\n<p>\n<\/div>\n","protected":false},"excerpt":{"rendered":"<p>Llegir l\u00ednies de text molt llargues cansa els nostres ulls, que necessiten les pauses que ens proporcionen els salts de l\u00ednia. Al moment de canviar de l\u00ednia, els ulls obtenen aquesta breu pausa, que \u00e9s curta per\u00f2 prou llarga per continuar llegint m\u00e9s temps. Aquest proc\u00e9s s\u2019assembla al d\u2019un motor, que no va a m\u00e0xima [&hellip;]<\/p>\n","protected":false},"author":1,"featured_media":0,"parent":0,"menu_order":0,"comment_status":"closed","ping_status":"closed","template":"","meta":{"inline_featured_image":false},"acf":[],"_links":{"self":[{"href":"http:\/\/disseny-test.uoc.edu\/materials\/tipografia-avan\/wp-json\/wp\/v2\/pages\/471"}],"collection":[{"href":"http:\/\/disseny-test.uoc.edu\/materials\/tipografia-avan\/wp-json\/wp\/v2\/pages"}],"about":[{"href":"http:\/\/disseny-test.uoc.edu\/materials\/tipografia-avan\/wp-json\/wp\/v2\/types\/page"}],"author":[{"embeddable":true,"href":"http:\/\/disseny-test.uoc.edu\/materials\/tipografia-avan\/wp-json\/wp\/v2\/users\/1"}],"replies":[{"embeddable":true,"href":"http:\/\/disseny-test.uoc.edu\/materials\/tipografia-avan\/wp-json\/wp\/v2\/comments?post=471"}],"version-history":[{"count":2,"href":"http:\/\/disseny-test.uoc.edu\/materials\/tipografia-avan\/wp-json\/wp\/v2\/pages\/471\/revisions"}],"predecessor-version":[{"id":661,"href":"http:\/\/disseny-test.uoc.edu\/materials\/tipografia-avan\/wp-json\/wp\/v2\/pages\/471\/revisions\/661"}],"wp:attachment":[{"href":"http:\/\/disseny-test.uoc.edu\/materials\/tipografia-avan\/wp-json\/wp\/v2\/media?parent=471"}],"curies":[{"name":"wp","href":"https:\/\/api.w.org\/{rel}","templated":true}]}}