{"id":473,"date":"2019-01-07T14:32:09","date_gmt":"2019-01-07T12:32:09","guid":{"rendered":"http:\/\/disseny-test.uoc.edu\/materials\/tipografia-avan\/?page_id=473"},"modified":"2019-01-10T16:58:33","modified_gmt":"2019-01-10T14:58:33","slug":"3-4-espai-entre-linies","status":"publish","type":"page","link":"http:\/\/disseny-test.uoc.edu\/materials\/tipografia-avan\/3-4-espai-entre-linies\/","title":{"rendered":"3.4. Espai entre l\u00ednies"},"content":{"rendered":"<p>Molts dissenyadors pensen en l\u2019espai entre l\u00ednies com una caracter\u00edstica a\u00efllada, aix\u00ed que tendeixen a ajustar-lo basant-se en el que els sembla correcte. Aix\u00f2 provoca que, en moltes ocasions, l\u2019espai entre l\u00ednies (o interlineat) s\u2019acabi disposant d\u2019una manera poc meditada.<\/p>\n<p>La veritat \u00e9s que la longitud de l\u00ednia afecta l\u2019espai entre l\u00ednies i viceversa. Com m\u00e9s llargues siguin les l\u00ednies, m\u00e9s interlineat es requereix. La mida del tipus tamb\u00e9 afecta l\u2019espai entre l\u00ednies, aix\u00ed com el color i el gruix de la font. De fet, fins i tot el disseny de la tipografia \u00e9s determinant a l\u2019hora d\u2019ajustar l\u2019espai entre l\u00ednies.<\/p>\n<p>Gaireb\u00e9 tots els programes inform\u00e0tics de disseny gr\u00e0fic utilitzen un interlineat predeterminat del 120 % de la tipografia. \u00c9s a dir, una tipografia a 10 punts es compon per defecte amb una interl\u00ednia de 12 punts, una lletra de 12 punts implica un espai entre l\u00ednies de 14,4 punts, etc. Per\u00f2 no ens hem de conformar amb aquests valors ni donar-los per bons; de fet, en la majoria de casos, aquest 120 % \u00e9s insuficient per a text corregut. Com a norma general, s\u2019aplica entre un 130 i un 170 % d\u2019interlineat.<\/p>\n<p>De nou, com hem vist a l\u2019apartat de la longitud de l\u00ednies, no conv\u00e9 un espai entre l\u00ednies molt ample ni molt estret. Un text compost amb una interl\u00ednia escassa incomoda l\u2019ull perqu\u00e8 no el deixa respirar, de manera que pot perdre el fil amb facilitat. D\u2019altra banda, un text compost amb una dist\u00e0ncia entre l\u00ednies massa \u00e0mplia crea una estructura de franges que distreuen el lector del contingut.<\/p>\n<figure id=\"attachment_106\" aria-describedby=\"caption-attachment-106\" style=\"width: 640px\" class=\"wp-caption alignnone\"><img loading=\"lazy\" class=\"wp-image-106\" src=\"http:\/\/disseny-test.uoc.edu\/materials\/tipografia-avan\/wp-content\/uploads\/sites\/13\/2018\/12\/20140_m1_037.jpg\" alt=\"\" width=\"640\" height=\"289\" srcset=\"http:\/\/disseny-test.uoc.edu\/materials\/tipografia-avan\/wp-content\/uploads\/sites\/13\/2018\/12\/20140_m1_037.jpg 800w, http:\/\/disseny-test.uoc.edu\/materials\/tipografia-avan\/wp-content\/uploads\/sites\/13\/2018\/12\/20140_m1_037-300x135.jpg 300w, http:\/\/disseny-test.uoc.edu\/materials\/tipografia-avan\/wp-content\/uploads\/sites\/13\/2018\/12\/20140_m1_037-768x347.jpg 768w\" sizes=\"(max-width: 640px) 100vw, 640px\" \/><figcaption id=\"caption-attachment-106\" class=\"wp-caption-text\">Mateixa tipografia, mateix color i diferent mida de cos. Com m\u00e9s gran \u00e9s el cos, major ha de ser l\u2019espai entre l\u00ednies.<\/figcaption><\/figure>\n<figure id=\"attachment_107\" aria-describedby=\"caption-attachment-107\" style=\"width: 640px\" class=\"wp-caption alignnone\"><img loading=\"lazy\" class=\"wp-image-107\" src=\"http:\/\/disseny-test.uoc.edu\/materials\/tipografia-avan\/wp-content\/uploads\/sites\/13\/2018\/12\/20140_m1_038.jpg\" alt=\"\" width=\"640\" height=\"294\" srcset=\"http:\/\/disseny-test.uoc.edu\/materials\/tipografia-avan\/wp-content\/uploads\/sites\/13\/2018\/12\/20140_m1_038.jpg 800w, http:\/\/disseny-test.uoc.edu\/materials\/tipografia-avan\/wp-content\/uploads\/sites\/13\/2018\/12\/20140_m1_038-300x138.jpg 300w, http:\/\/disseny-test.uoc.edu\/materials\/tipografia-avan\/wp-content\/uploads\/sites\/13\/2018\/12\/20140_m1_038-768x352.jpg 768w\" sizes=\"(max-width: 640px) 100vw, 640px\" \/><figcaption id=\"caption-attachment-107\" class=\"wp-caption-text\">Mateixa tipografia, mateix color, mateixa mida de text i diferent longitud de l\u00ednia. Com m\u00e9s gran \u00e9s la l\u00ednia, major ha de ser l\u2019interlineat.<\/figcaption><\/figure>\n<figure id=\"attachment_108\" aria-describedby=\"caption-attachment-108\" style=\"width: 640px\" class=\"wp-caption alignnone\"><img loading=\"lazy\" class=\"wp-image-108\" src=\"http:\/\/disseny-test.uoc.edu\/materials\/tipografia-avan\/wp-content\/uploads\/sites\/13\/2018\/12\/20140_m1_039.jpg\" alt=\"\" width=\"640\" height=\"301\" srcset=\"http:\/\/disseny-test.uoc.edu\/materials\/tipografia-avan\/wp-content\/uploads\/sites\/13\/2018\/12\/20140_m1_039.jpg 800w, http:\/\/disseny-test.uoc.edu\/materials\/tipografia-avan\/wp-content\/uploads\/sites\/13\/2018\/12\/20140_m1_039-300x141.jpg 300w, http:\/\/disseny-test.uoc.edu\/materials\/tipografia-avan\/wp-content\/uploads\/sites\/13\/2018\/12\/20140_m1_039-768x361.jpg 768w\" sizes=\"(max-width: 640px) 100vw, 640px\" \/><figcaption id=\"caption-attachment-108\" class=\"wp-caption-text\">Mateixa tipografia, mateix color i diferent mida de cos. Com menor \u00e9s el cos, menor ha de ser l\u2019espai entre l\u00ednies.<\/figcaption><\/figure>\n<p>L\u2019interlineat en titulars mereix una atenci\u00f3 especial. Els t\u00edtols solen ser molt m\u00e9s curts, de manera que necessiten menys espai entre l\u00ednies perqu\u00e8 es percebin com un bloc i no com a l\u00ednies independents. \u00c9s molt habitual veure aquests casos en tot tipus de publicacions i \u00e9s perqu\u00e8 el tip\u00f2graf no ha modificat els valors predeterminats del seu programa.<\/p>\n<p><img loading=\"lazy\" class=\"alignnone wp-image-589 size-full\" src=\"http:\/\/disseny-test.uoc.edu\/materials\/tipografia-avan\/wp-content\/uploads\/sites\/13\/2019\/01\/20140_m1_040.jpg\" alt=\"\" width=\"800\" height=\"381\" srcset=\"http:\/\/disseny-test.uoc.edu\/materials\/tipografia-avan\/wp-content\/uploads\/sites\/13\/2019\/01\/20140_m1_040.jpg 800w, http:\/\/disseny-test.uoc.edu\/materials\/tipografia-avan\/wp-content\/uploads\/sites\/13\/2019\/01\/20140_m1_040-300x143.jpg 300w, http:\/\/disseny-test.uoc.edu\/materials\/tipografia-avan\/wp-content\/uploads\/sites\/13\/2019\/01\/20140_m1_040-768x366.jpg 768w\" sizes=\"(max-width: 800px) 100vw, 800px\" \/><\/p>\n<div class=\"featured featured-grey\"><p>Per exemple, en comparaci\u00f3 amb altres lleng\u00fces, en alemany hi ha moltes m\u00e9s paraules que s\u2019escriuen amb la primera lletra en maj\u00fascula. Aix\u00ed que en aquest cas l\u2019espai entre l\u00ednies hauria de ser lleugerament superior a com ho configurar\u00edem en angl\u00e8s, per exemple. El mateix ocorre amb lleng\u00fces amb una alta freq\u00fc\u00e8ncia de car\u00e0cters amb accents diacr\u00edtics (\u00f6, \u00e2, \u017e, \u015b).<\/p>\n<\/div>\n<div class=\"featured featured-blue\"><\/p>\n<p><strong>Conclusi\u00f3<\/strong><\/p>\n<p>L\u2019espai entre l\u00ednies t\u00e9 una import\u00e0ncia cabdal a l\u2019hora de maquetar textos ben equilibrats. Els aspectes que s\u2019han de tenir en compte en ajustar l\u2019interlineat s\u00f3n el disseny de la tipografia, la longitud de les l\u00ednies i tamb\u00e9 l\u2019idioma del text.<\/p>\n<p>\n<\/div>\n","protected":false},"excerpt":{"rendered":"<p>Molts dissenyadors pensen en l\u2019espai entre l\u00ednies com una caracter\u00edstica a\u00efllada, aix\u00ed que tendeixen a ajustar-lo basant-se en el que els sembla correcte. Aix\u00f2 provoca que, en moltes ocasions, l\u2019espai entre l\u00ednies (o interlineat) s\u2019acabi disposant d\u2019una manera poc meditada. La veritat \u00e9s que la longitud de l\u00ednia afecta l\u2019espai entre l\u00ednies i viceversa. Com [&hellip;]<\/p>\n","protected":false},"author":1,"featured_media":0,"parent":0,"menu_order":0,"comment_status":"closed","ping_status":"closed","template":"","meta":{"inline_featured_image":false},"acf":[],"_links":{"self":[{"href":"http:\/\/disseny-test.uoc.edu\/materials\/tipografia-avan\/wp-json\/wp\/v2\/pages\/473"}],"collection":[{"href":"http:\/\/disseny-test.uoc.edu\/materials\/tipografia-avan\/wp-json\/wp\/v2\/pages"}],"about":[{"href":"http:\/\/disseny-test.uoc.edu\/materials\/tipografia-avan\/wp-json\/wp\/v2\/types\/page"}],"author":[{"embeddable":true,"href":"http:\/\/disseny-test.uoc.edu\/materials\/tipografia-avan\/wp-json\/wp\/v2\/users\/1"}],"replies":[{"embeddable":true,"href":"http:\/\/disseny-test.uoc.edu\/materials\/tipografia-avan\/wp-json\/wp\/v2\/comments?post=473"}],"version-history":[{"count":4,"href":"http:\/\/disseny-test.uoc.edu\/materials\/tipografia-avan\/wp-json\/wp\/v2\/pages\/473\/revisions"}],"predecessor-version":[{"id":662,"href":"http:\/\/disseny-test.uoc.edu\/materials\/tipografia-avan\/wp-json\/wp\/v2\/pages\/473\/revisions\/662"}],"wp:attachment":[{"href":"http:\/\/disseny-test.uoc.edu\/materials\/tipografia-avan\/wp-json\/wp\/v2\/media?parent=473"}],"curies":[{"name":"wp","href":"https:\/\/api.w.org\/{rel}","templated":true}]}}