{"id":482,"date":"2019-01-07T14:41:39","date_gmt":"2019-01-07T12:41:39","guid":{"rendered":"http:\/\/disseny-test.uoc.edu\/materials\/tipografia-avan\/?page_id=482"},"modified":"2019-01-10T16:59:10","modified_gmt":"2019-01-10T14:59:10","slug":"4-2-2-postscript","status":"publish","type":"page","link":"http:\/\/disseny-test.uoc.edu\/materials\/tipografia-avan\/4-2-2-postscript\/","title":{"rendered":"4.2.2. PostScript"},"content":{"rendered":"<p>A m\u00e9s de ser un llenguatge per a descripci\u00f3 de p\u00e0gines, tamb\u00e9 t\u00e9 la seva tecnologia de fonts per a tipus occidentals.<\/p>\n<p>\u00c9s un sistema per codificar la informaci\u00f3 de la tipografia vectorial i va ser desenvolupat per Adobe Systems a mitjan anys vuitanta. El seu objectiu va ser poder encapsular en un sol document tota la informaci\u00f3 de disseny de la font, i aix\u00ed permetre una correcta visualitzaci\u00f3 en pantalla i una impressi\u00f3 \u00f2ptima de les formes de les lletres. Aquest format era exclusiu per a ordinadors Apple Macintosh.<\/p>\n<p>Alguns inconvenients que presentava aquest format era que per a cada estil de la fam\u00edlia tipogr\u00e0fica es creava un fitxer, per la qual cosa les carpetes resultants podien arribar a ocupar molt espai. D\u2019altra banda, solament es podien dissenyar 256 glifs (formes de lletra) per estil i aix\u00f2 limitava molt el fet de treballar en idiomes no occidentals. Finalment, la tipografia no era compatible entre PC i Mac.<\/p>\n<p><img loading=\"lazy\" class=\"alignnone wp-image-590 size-full\" src=\"http:\/\/disseny-test.uoc.edu\/materials\/tipografia-avan\/wp-content\/uploads\/sites\/13\/2019\/01\/20140_m1_047.jpg\" alt=\"\" width=\"800\" height=\"455\" srcset=\"http:\/\/disseny-test.uoc.edu\/materials\/tipografia-avan\/wp-content\/uploads\/sites\/13\/2019\/01\/20140_m1_047.jpg 800w, http:\/\/disseny-test.uoc.edu\/materials\/tipografia-avan\/wp-content\/uploads\/sites\/13\/2019\/01\/20140_m1_047-300x171.jpg 300w, http:\/\/disseny-test.uoc.edu\/materials\/tipografia-avan\/wp-content\/uploads\/sites\/13\/2019\/01\/20140_m1_047-768x437.jpg 768w\" sizes=\"(max-width: 800px) 100vw, 800px\" \/><\/p>\n","protected":false},"excerpt":{"rendered":"<p>A m\u00e9s de ser un llenguatge per a descripci\u00f3 de p\u00e0gines, tamb\u00e9 t\u00e9 la seva tecnologia de fonts per a tipus occidentals. \u00c9s un sistema per codificar la informaci\u00f3 de la tipografia vectorial i va ser desenvolupat per Adobe Systems a mitjan anys vuitanta. El seu objectiu va ser poder encapsular en un sol document [&hellip;]<\/p>\n","protected":false},"author":1,"featured_media":0,"parent":0,"menu_order":0,"comment_status":"closed","ping_status":"closed","template":"","meta":{"inline_featured_image":false},"acf":[],"_links":{"self":[{"href":"http:\/\/disseny-test.uoc.edu\/materials\/tipografia-avan\/wp-json\/wp\/v2\/pages\/482"}],"collection":[{"href":"http:\/\/disseny-test.uoc.edu\/materials\/tipografia-avan\/wp-json\/wp\/v2\/pages"}],"about":[{"href":"http:\/\/disseny-test.uoc.edu\/materials\/tipografia-avan\/wp-json\/wp\/v2\/types\/page"}],"author":[{"embeddable":true,"href":"http:\/\/disseny-test.uoc.edu\/materials\/tipografia-avan\/wp-json\/wp\/v2\/users\/1"}],"replies":[{"embeddable":true,"href":"http:\/\/disseny-test.uoc.edu\/materials\/tipografia-avan\/wp-json\/wp\/v2\/comments?post=482"}],"version-history":[{"count":3,"href":"http:\/\/disseny-test.uoc.edu\/materials\/tipografia-avan\/wp-json\/wp\/v2\/pages\/482\/revisions"}],"predecessor-version":[{"id":663,"href":"http:\/\/disseny-test.uoc.edu\/materials\/tipografia-avan\/wp-json\/wp\/v2\/pages\/482\/revisions\/663"}],"wp:attachment":[{"href":"http:\/\/disseny-test.uoc.edu\/materials\/tipografia-avan\/wp-json\/wp\/v2\/media?parent=482"}],"curies":[{"name":"wp","href":"https:\/\/api.w.org\/{rel}","templated":true}]}}