{"id":484,"date":"2019-01-07T14:42:58","date_gmt":"2019-01-07T12:42:58","guid":{"rendered":"http:\/\/disseny-test.uoc.edu\/materials\/tipografia-avan\/?page_id=484"},"modified":"2019-01-10T17:02:18","modified_gmt":"2019-01-10T15:02:18","slug":"4-2-3-truetype","status":"publish","type":"page","link":"http:\/\/disseny-test.uoc.edu\/materials\/tipografia-avan\/4-2-3-truetype\/","title":{"rendered":"4.2.3. TrueType"},"content":{"rendered":"<p>Format de font creat per Apple juntament amb Microsoft com a compet\u00e8ncia al sistema PostScript, creat per Adobe.<\/p>\n<p>La difer\u00e8ncia m\u00e9s notable \u00e9s que es tracta d\u2019un arxiu integrat per als sistemes de Windows i MacOs, \u00e9s a dir, que es pot usar en tots dos sistemes operatius. Aquest format es dibuixa mitjan\u00e7ant corbes quadr\u00e0tiques, la qual cosa provoca m\u00e9s necessitat de punts per crear les lletres.<\/p>\n<p>Les fonts TrueType incorporen una s\u00e8rie d\u2019instruccions que permeten una millor transformaci\u00f3 dels contorns de les formes a p\u00edxels. Aquestes instruccions tenen el nom t\u00e8cnic de <em>hinting<\/em>.<\/p>\n<p>L\u2019objectiu principal del <em>hinting<\/em> \u00e9s una millor visualitzaci\u00f3 de les tipografies en les pantalles.<\/p>\n<p>Aquest format presentava la millora que tots els estils de la fam\u00edlia podien quedar encapsulats en un sol fitxer, per\u00f2 encara presentava la problem\u00e0tica de la quantitat de glifs que es podien dissenyar per estil: 256, igual que el format PostScript.<\/p>\n<p><img loading=\"lazy\" class=\"alignnone wp-image-664 size-full\" src=\"http:\/\/disseny-test.uoc.edu\/materials\/tipografia-avan\/wp-content\/uploads\/sites\/13\/2019\/01\/20140_m1_048-1.jpg\" alt=\"\" width=\"800\" height=\"455\" srcset=\"http:\/\/disseny-test.uoc.edu\/materials\/tipografia-avan\/wp-content\/uploads\/sites\/13\/2019\/01\/20140_m1_048-1.jpg 800w, http:\/\/disseny-test.uoc.edu\/materials\/tipografia-avan\/wp-content\/uploads\/sites\/13\/2019\/01\/20140_m1_048-1-300x171.jpg 300w, http:\/\/disseny-test.uoc.edu\/materials\/tipografia-avan\/wp-content\/uploads\/sites\/13\/2019\/01\/20140_m1_048-1-768x437.jpg 768w\" sizes=\"(max-width: 800px) 100vw, 800px\" \/><\/p>\n","protected":false},"excerpt":{"rendered":"<p>Format de font creat per Apple juntament amb Microsoft com a compet\u00e8ncia al sistema PostScript, creat per Adobe. La difer\u00e8ncia m\u00e9s notable \u00e9s que es tracta d\u2019un arxiu integrat per als sistemes de Windows i MacOs, \u00e9s a dir, que es pot usar en tots dos sistemes operatius. Aquest format es dibuixa mitjan\u00e7ant corbes quadr\u00e0tiques, [&hellip;]<\/p>\n","protected":false},"author":1,"featured_media":0,"parent":0,"menu_order":0,"comment_status":"closed","ping_status":"closed","template":"","meta":{"inline_featured_image":false},"acf":[],"_links":{"self":[{"href":"http:\/\/disseny-test.uoc.edu\/materials\/tipografia-avan\/wp-json\/wp\/v2\/pages\/484"}],"collection":[{"href":"http:\/\/disseny-test.uoc.edu\/materials\/tipografia-avan\/wp-json\/wp\/v2\/pages"}],"about":[{"href":"http:\/\/disseny-test.uoc.edu\/materials\/tipografia-avan\/wp-json\/wp\/v2\/types\/page"}],"author":[{"embeddable":true,"href":"http:\/\/disseny-test.uoc.edu\/materials\/tipografia-avan\/wp-json\/wp\/v2\/users\/1"}],"replies":[{"embeddable":true,"href":"http:\/\/disseny-test.uoc.edu\/materials\/tipografia-avan\/wp-json\/wp\/v2\/comments?post=484"}],"version-history":[{"count":3,"href":"http:\/\/disseny-test.uoc.edu\/materials\/tipografia-avan\/wp-json\/wp\/v2\/pages\/484\/revisions"}],"predecessor-version":[{"id":666,"href":"http:\/\/disseny-test.uoc.edu\/materials\/tipografia-avan\/wp-json\/wp\/v2\/pages\/484\/revisions\/666"}],"wp:attachment":[{"href":"http:\/\/disseny-test.uoc.edu\/materials\/tipografia-avan\/wp-json\/wp\/v2\/media?parent=484"}],"curies":[{"name":"wp","href":"https:\/\/api.w.org\/{rel}","templated":true}]}}