{"id":489,"date":"2019-01-07T14:45:58","date_gmt":"2019-01-07T12:45:58","guid":{"rendered":"http:\/\/disseny-test.uoc.edu\/materials\/tipografia-avan\/?page_id=489"},"modified":"2019-01-10T17:03:08","modified_gmt":"2019-01-10T15:03:08","slug":"4-2-5-opentype","status":"publish","type":"page","link":"http:\/\/disseny-test.uoc.edu\/materials\/tipografia-avan\/4-2-5-opentype\/","title":{"rendered":"4.2.5. OpenType"},"content":{"rendered":"<p>Format de font creat per Microsoft i Adobe l\u2019any 1996, que suposa una ampliaci\u00f3 dels formats PostScript i TrueType.<\/p>\n<p>El gran avantatge o millora que presenta OpenType \u00e9s que es tracta d\u2019un sistema multiplataforma que es pot usar tant en Mac com en Windows i que, gr\u00e0cies a la inclusi\u00f3 de l\u2019est\u00e0ndard de codificaci\u00f3 Unicode (sistema de codificaci\u00f3 de car\u00e0cters dissenyat per facilitar el tractament i la visualitzaci\u00f3 de textos en m\u00faltiples llenguatges), permet contenir fins a 65.000 glifs (formes de lletra). Aix\u00f2 permet la incorporaci\u00f3 en un mateix estil d\u2019una font, de multitud de car\u00e0cters d\u2019idiomes estrangers o no llatins, a m\u00e9s d\u2019una gran varietat de numerals, signes experts o car\u00e0cters alternatius, i tot aix\u00f2 en un sol fitxer.<\/p>\n<p><img loading=\"lazy\" class=\"alignnone wp-image-592 size-full\" src=\"http:\/\/disseny-test.uoc.edu\/materials\/tipografia-avan\/wp-content\/uploads\/sites\/13\/2019\/01\/20140_m1_051.jpg\" alt=\"\" width=\"800\" height=\"573\" srcset=\"http:\/\/disseny-test.uoc.edu\/materials\/tipografia-avan\/wp-content\/uploads\/sites\/13\/2019\/01\/20140_m1_051.jpg 800w, http:\/\/disseny-test.uoc.edu\/materials\/tipografia-avan\/wp-content\/uploads\/sites\/13\/2019\/01\/20140_m1_051-300x215.jpg 300w, http:\/\/disseny-test.uoc.edu\/materials\/tipografia-avan\/wp-content\/uploads\/sites\/13\/2019\/01\/20140_m1_051-768x550.jpg 768w\" sizes=\"(max-width: 800px) 100vw, 800px\" \/><\/p>\n","protected":false},"excerpt":{"rendered":"<p>Format de font creat per Microsoft i Adobe l\u2019any 1996, que suposa una ampliaci\u00f3 dels formats PostScript i TrueType. El gran avantatge o millora que presenta OpenType \u00e9s que es tracta d\u2019un sistema multiplataforma que es pot usar tant en Mac com en Windows i que, gr\u00e0cies a la inclusi\u00f3 de l\u2019est\u00e0ndard de codificaci\u00f3 Unicode [&hellip;]<\/p>\n","protected":false},"author":1,"featured_media":0,"parent":0,"menu_order":0,"comment_status":"closed","ping_status":"closed","template":"","meta":{"inline_featured_image":false},"acf":[],"_links":{"self":[{"href":"http:\/\/disseny-test.uoc.edu\/materials\/tipografia-avan\/wp-json\/wp\/v2\/pages\/489"}],"collection":[{"href":"http:\/\/disseny-test.uoc.edu\/materials\/tipografia-avan\/wp-json\/wp\/v2\/pages"}],"about":[{"href":"http:\/\/disseny-test.uoc.edu\/materials\/tipografia-avan\/wp-json\/wp\/v2\/types\/page"}],"author":[{"embeddable":true,"href":"http:\/\/disseny-test.uoc.edu\/materials\/tipografia-avan\/wp-json\/wp\/v2\/users\/1"}],"replies":[{"embeddable":true,"href":"http:\/\/disseny-test.uoc.edu\/materials\/tipografia-avan\/wp-json\/wp\/v2\/comments?post=489"}],"version-history":[{"count":2,"href":"http:\/\/disseny-test.uoc.edu\/materials\/tipografia-avan\/wp-json\/wp\/v2\/pages\/489\/revisions"}],"predecessor-version":[{"id":667,"href":"http:\/\/disseny-test.uoc.edu\/materials\/tipografia-avan\/wp-json\/wp\/v2\/pages\/489\/revisions\/667"}],"wp:attachment":[{"href":"http:\/\/disseny-test.uoc.edu\/materials\/tipografia-avan\/wp-json\/wp\/v2\/media?parent=489"}],"curies":[{"name":"wp","href":"https:\/\/api.w.org\/{rel}","templated":true}]}}