{"id":500,"date":"2019-01-07T15:00:19","date_gmt":"2019-01-07T13:00:19","guid":{"rendered":"http:\/\/disseny-test.uoc.edu\/materials\/tipografia-avan\/?page_id=500"},"modified":"2019-01-10T16:37:03","modified_gmt":"2019-01-10T14:37:03","slug":"4-6-2-analisi-i-estrategia","status":"publish","type":"page","link":"http:\/\/disseny-test.uoc.edu\/materials\/tipografia-avan\/4-6-2-analisi-i-estrategia\/","title":{"rendered":"4.6.2. An\u00e0lisi i estrat\u00e8gia"},"content":{"rendered":"<div class=\"featured featured-blue\"><p>Abans de dibuixar s\u2019ha de pensar. Cal comen\u00e7ar amb una an\u00e0lisi senzilla i fer-se algunes preguntes per saber quina direcci\u00f3 prendrem abans de posar-nos a dissenyar la nostra font. B\u00e0sicament \u00e9s crear una proposta. <\/p>\n<\/div>\n<p>Les preguntes han de ser senzilles, directes i, el m\u00e9s important, han d\u2019obtenir una resposta. Algunes d\u2019elles podrien ser:<\/p>\n<ul>\n<li>Qu\u00e8 ets capa\u00e7 de fer?<\/li>\n<li>Quin \u00e9s l\u2019objectiu del teu disseny?<\/li>\n<li>A qui anir\u00e0 dirigida la font?<\/li>\n<li>Com la promocionar\u00e9 o vendr\u00e9?<\/li>\n<li>Qui t\u2019ajudar\u00e0?<\/li>\n<li>Qu\u00e8 n\u2019obtindr\u00e0s?<\/li>\n<\/ul>\n<p>Un altre element important \u00e9s intentar con\u00e8ixer millor el territori per poder fer-te una idea de com ser\u00e0 la teva tipografia. Per a aix\u00f2, pots seguir aquests senzills passos:<\/p>\n<ul>\n<li>Fes una llista de les tipografies amb m\u00e9s \u00e8xit. Poden ser per pa\u00eds, per estil, etc.<\/li>\n<li>Analitza quins problemes resolen.<\/li>\n<li>Fes una llista de totes les categories segons la classificaci\u00f3 tipogr\u00e0fica i col\u00b7loca les teves fonts seleccionades en aquesta llista. Esbrina on hi ha buits i possibles oportunitats.<\/li>\n<li>Analitza els preus i aix\u00ed sabr\u00e0s el comportament dels clients.<\/li>\n<li>Intenta escollir categories de fonts en qu\u00e8 puguis competir o oferir alguna cosa nova. Aix\u00f2 t\u2019estalviar\u00e0 la compet\u00e8ncia.<\/li>\n<\/ul>\n","protected":false},"excerpt":{"rendered":"<p>Les preguntes han de ser senzilles, directes i, el m\u00e9s important, han d\u2019obtenir una resposta. Algunes d\u2019elles podrien ser: Qu\u00e8 ets capa\u00e7 de fer? Quin \u00e9s l\u2019objectiu del teu disseny? A qui anir\u00e0 dirigida la font? Com la promocionar\u00e9 o vendr\u00e9? Qui t\u2019ajudar\u00e0? Qu\u00e8 n\u2019obtindr\u00e0s? Un altre element important \u00e9s intentar con\u00e8ixer millor el territori [&hellip;]<\/p>\n","protected":false},"author":1,"featured_media":0,"parent":0,"menu_order":0,"comment_status":"closed","ping_status":"closed","template":"","meta":{"inline_featured_image":false},"acf":[],"_links":{"self":[{"href":"http:\/\/disseny-test.uoc.edu\/materials\/tipografia-avan\/wp-json\/wp\/v2\/pages\/500"}],"collection":[{"href":"http:\/\/disseny-test.uoc.edu\/materials\/tipografia-avan\/wp-json\/wp\/v2\/pages"}],"about":[{"href":"http:\/\/disseny-test.uoc.edu\/materials\/tipografia-avan\/wp-json\/wp\/v2\/types\/page"}],"author":[{"embeddable":true,"href":"http:\/\/disseny-test.uoc.edu\/materials\/tipografia-avan\/wp-json\/wp\/v2\/users\/1"}],"replies":[{"embeddable":true,"href":"http:\/\/disseny-test.uoc.edu\/materials\/tipografia-avan\/wp-json\/wp\/v2\/comments?post=500"}],"version-history":[{"count":2,"href":"http:\/\/disseny-test.uoc.edu\/materials\/tipografia-avan\/wp-json\/wp\/v2\/pages\/500\/revisions"}],"predecessor-version":[{"id":648,"href":"http:\/\/disseny-test.uoc.edu\/materials\/tipografia-avan\/wp-json\/wp\/v2\/pages\/500\/revisions\/648"}],"wp:attachment":[{"href":"http:\/\/disseny-test.uoc.edu\/materials\/tipografia-avan\/wp-json\/wp\/v2\/media?parent=500"}],"curies":[{"name":"wp","href":"https:\/\/api.w.org\/{rel}","templated":true}]}}