{"id":506,"date":"2019-01-07T15:12:36","date_gmt":"2019-01-07T13:12:36","guid":{"rendered":"http:\/\/disseny-test.uoc.edu\/materials\/tipografia-avan\/?page_id=506"},"modified":"2019-01-10T17:12:04","modified_gmt":"2019-01-10T15:12:04","slug":"4-6-5-espaiat","status":"publish","type":"page","link":"http:\/\/disseny-test.uoc.edu\/materials\/tipografia-avan\/4-6-5-espaiat\/","title":{"rendered":"4.6.5. Espaiat"},"content":{"rendered":"<p>L\u2019espaiat i el l\u2019interlletratge s\u00f3n els \u00faltims passos en el proc\u00e9s de disseny d\u2019una tipografia.<\/p>\n<div class=\"featured featured-blue\"><p>La import\u00e0ncia de saber valorar el correcte espaiat dels car\u00e0cters no solament \u00e9s vital a l\u2019hora de dissenyar una tipografia, sin\u00f3 tamb\u00e9 quan componem textos amb ella, sobretot en mides de titulars.<\/p>\n<\/div>\n<p>Si b\u00e9 l\u2019espaiat dels car\u00e0cters \u00e9s al final una q\u00fcesti\u00f3 de sensibilitat, ja que no hi ha cap f\u00f3rmula o procediment que ens garanteixi uns resultats \u00f2ptims de manera autom\u00e0tica, s\u00ed que \u00e9s possible fixar un \u00abpunt de partida\u00bb des del qual aconseguir uns m\u00ednims que ens aportin un nivell de qualitat acceptable.<\/p>\n<p>Un pas inicial el podem trobar en el llibre <em>Letters of credit, a view of type design, <\/em>publicat el 1986, de Water Tracy. En aquest llibre Tracy dedica un cap\u00edtol a mostrar-nos el m\u00e8tode utilitzat en Linotype per dotar d\u2019espais laterals o \u00abproses\u00bb els car\u00e0cters; es tracta d\u2019un pas inicial important, per\u00f2 hem d\u2019anar amb compte a l\u2019hora d\u2019aplicar-lo de manera mec\u00e0nica en les nostres creacions, ja que, depenent de les caracter\u00edstiques de cada tipografia, els resultats poden no ser els esperats.<\/p>\n<p>Comencem espaiant dos car\u00e0cters de caixa baixa, la <em>n<\/em> i la\u00a0<em>o<\/em>. Les seves anatomies de rectes i corbes ens proporcionaran uns espais que ens serviran per a la majoria de les lletres.<\/p>\n<p>Compondrem diverses l\u00ednies amb diferents espaiats, tant del car\u00e0cter <em>n<\/em> de caixa baixa com del car\u00e0cter <em>o<\/em> de caixa baixa; seleccionarem la que ens sembli m\u00e9s equilibrada; una vegada que tinguem els espais d\u2019ambdues lletres, compondrem una l\u00ednia amb elles jugant amb l\u2019espaiat fins que trobem el que m\u00e9s ens convenci.<\/p>\n<p><img loading=\"lazy\" class=\"alignnone wp-image-601\" src=\"http:\/\/disseny-test.uoc.edu\/materials\/tipografia-avan\/wp-content\/uploads\/sites\/13\/2019\/01\/20140_m1_087.jpg\" alt=\"\" width=\"600\" height=\"511\" srcset=\"http:\/\/disseny-test.uoc.edu\/materials\/tipografia-avan\/wp-content\/uploads\/sites\/13\/2019\/01\/20140_m1_087.jpg 800w, http:\/\/disseny-test.uoc.edu\/materials\/tipografia-avan\/wp-content\/uploads\/sites\/13\/2019\/01\/20140_m1_087-300x256.jpg 300w, http:\/\/disseny-test.uoc.edu\/materials\/tipografia-avan\/wp-content\/uploads\/sites\/13\/2019\/01\/20140_m1_087-768x655.jpg 768w\" sizes=\"(max-width: 600px) 100vw, 600px\" \/><\/p>\n<p><img loading=\"lazy\" class=\"alignnone size-full wp-image-157\" src=\"http:\/\/disseny-test.uoc.edu\/materials\/tipografia-avan\/wp-content\/uploads\/sites\/13\/2018\/12\/20140_m1_088.jpg\" alt=\"\" width=\"800\" height=\"480\" srcset=\"http:\/\/disseny-test.uoc.edu\/materials\/tipografia-avan\/wp-content\/uploads\/sites\/13\/2018\/12\/20140_m1_088.jpg 800w, http:\/\/disseny-test.uoc.edu\/materials\/tipografia-avan\/wp-content\/uploads\/sites\/13\/2018\/12\/20140_m1_088-300x180.jpg 300w, http:\/\/disseny-test.uoc.edu\/materials\/tipografia-avan\/wp-content\/uploads\/sites\/13\/2018\/12\/20140_m1_088-768x461.jpg 768w\" sizes=\"(max-width: 800px) 100vw, 800px\" \/><\/p>\n<p>Una vegada que tinguem els valors d\u2019espaiat correcte a esquerra i dreta dels car\u00e0cters <em>n<\/em> i <em>o<\/em> per separat i entre ells, intentarem replicar aquests valors a la resta de glifs de l\u2019alfabet. Ser\u00e0 tan senzill com analitzar quines lletres a esquerra i dreta tenen el mateix acabat en el disseny i aplicar-ho. En la imatge seg\u00fcent podem veure un exemple:<\/p>\n<p><img loading=\"lazy\" class=\"alignnone wp-image-602 size-full\" src=\"http:\/\/disseny-test.uoc.edu\/materials\/tipografia-avan\/wp-content\/uploads\/sites\/13\/2019\/01\/20140_m1_089.jpg\" alt=\"\" width=\"800\" height=\"463\" srcset=\"http:\/\/disseny-test.uoc.edu\/materials\/tipografia-avan\/wp-content\/uploads\/sites\/13\/2019\/01\/20140_m1_089.jpg 800w, http:\/\/disseny-test.uoc.edu\/materials\/tipografia-avan\/wp-content\/uploads\/sites\/13\/2019\/01\/20140_m1_089-300x174.jpg 300w, http:\/\/disseny-test.uoc.edu\/materials\/tipografia-avan\/wp-content\/uploads\/sites\/13\/2019\/01\/20140_m1_089-768x444.jpg 768w\" sizes=\"(max-width: 800px) 100vw, 800px\" \/><\/p>\n<p>Aquest m\u00e8tode el podem aplicar tamb\u00e9 als car\u00e0cters de caixa alta.<\/p>\n<p><img loading=\"lazy\" class=\"alignnone wp-image-603 size-full\" src=\"http:\/\/disseny-test.uoc.edu\/materials\/tipografia-avan\/wp-content\/uploads\/sites\/13\/2019\/01\/20140_m1_090.jpg\" alt=\"\" width=\"800\" height=\"400\" srcset=\"http:\/\/disseny-test.uoc.edu\/materials\/tipografia-avan\/wp-content\/uploads\/sites\/13\/2019\/01\/20140_m1_090.jpg 800w, http:\/\/disseny-test.uoc.edu\/materials\/tipografia-avan\/wp-content\/uploads\/sites\/13\/2019\/01\/20140_m1_090-300x150.jpg 300w, http:\/\/disseny-test.uoc.edu\/materials\/tipografia-avan\/wp-content\/uploads\/sites\/13\/2019\/01\/20140_m1_090-768x384.jpg 768w\" sizes=\"(max-width: 800px) 100vw, 800px\" \/><\/p>\n","protected":false},"excerpt":{"rendered":"<p>L\u2019espaiat i el l\u2019interlletratge s\u00f3n els \u00faltims passos en el proc\u00e9s de disseny d\u2019una tipografia. Si b\u00e9 l\u2019espaiat dels car\u00e0cters \u00e9s al final una q\u00fcesti\u00f3 de sensibilitat, ja que no hi ha cap f\u00f3rmula o procediment que ens garanteixi uns resultats \u00f2ptims de manera autom\u00e0tica, s\u00ed que \u00e9s possible fixar un \u00abpunt de partida\u00bb des [&hellip;]<\/p>\n","protected":false},"author":1,"featured_media":0,"parent":0,"menu_order":0,"comment_status":"closed","ping_status":"closed","template":"","meta":{"inline_featured_image":false},"acf":[],"_links":{"self":[{"href":"http:\/\/disseny-test.uoc.edu\/materials\/tipografia-avan\/wp-json\/wp\/v2\/pages\/506"}],"collection":[{"href":"http:\/\/disseny-test.uoc.edu\/materials\/tipografia-avan\/wp-json\/wp\/v2\/pages"}],"about":[{"href":"http:\/\/disseny-test.uoc.edu\/materials\/tipografia-avan\/wp-json\/wp\/v2\/types\/page"}],"author":[{"embeddable":true,"href":"http:\/\/disseny-test.uoc.edu\/materials\/tipografia-avan\/wp-json\/wp\/v2\/users\/1"}],"replies":[{"embeddable":true,"href":"http:\/\/disseny-test.uoc.edu\/materials\/tipografia-avan\/wp-json\/wp\/v2\/comments?post=506"}],"version-history":[{"count":3,"href":"http:\/\/disseny-test.uoc.edu\/materials\/tipografia-avan\/wp-json\/wp\/v2\/pages\/506\/revisions"}],"predecessor-version":[{"id":670,"href":"http:\/\/disseny-test.uoc.edu\/materials\/tipografia-avan\/wp-json\/wp\/v2\/pages\/506\/revisions\/670"}],"wp:attachment":[{"href":"http:\/\/disseny-test.uoc.edu\/materials\/tipografia-avan\/wp-json\/wp\/v2\/media?parent=506"}],"curies":[{"name":"wp","href":"https:\/\/api.w.org\/{rel}","templated":true}]}}