{"id":508,"date":"2019-01-07T15:14:13","date_gmt":"2019-01-07T13:14:13","guid":{"rendered":"http:\/\/disseny-test.uoc.edu\/materials\/tipografia-avan\/?page_id=508"},"modified":"2019-01-22T18:26:16","modified_gmt":"2019-01-22T16:26:16","slug":"bibliografia","status":"publish","type":"page","link":"http:\/\/disseny-test.uoc.edu\/materials\/tipografia-avan\/bibliografia\/","title":{"rendered":"Bibliografia"},"content":{"rendered":"<h4><strong>Llibres<\/strong><\/h4>\n<p><strong>Castro, Iv\u00e1n<\/strong>.<em> El ABC del Lettering<\/em>. Editorial Campgr\u00e0fic.<br \/>\nLlibre pr\u00e0ctic que proporciona els passos per dibuixar a m\u00e0 una \u00e0mplia varietat d&#8217;estils de lletra: des de romanes modernes i lletres sense rematades fins a llatines, <em>script<\/em> o <em>interlock<\/em>. Es tracta d&#8217;un m\u00e8tode d&#8217;ensenyament tradicional amb un enfocament contemporani.<\/p>\n<p><strong>Cerezo, Jos\u00e9 Mar\u00eda<\/strong>.<em> Dise\u00f1adores en la nebulosa<\/em>. Editorial Campgr\u00e0fic.<br \/>\nGuia hist\u00f2rica en la qual l&#8217;autor reflexiona sobre la posici\u00f3 del dissenyador en un entorn de canvi continu. Davant de tot all\u00f2 digital, el dissenyador est\u00e0 obligat a fer un replantejament en el proc\u00e9s de repensar el disseny. La seva vig\u00e8ncia \u00e9s absoluta, ja que la reflexi\u00f3 \u00e9s sobre el canvi.<\/p>\n<p><strong>Henestrosa, Crist\u00f3bal; Meseguer, Laura; Scaglione, Jos\u00e9<\/strong><em>. C\u00f3mo crear tipograf\u00edas. Del boceto a la pantalla<\/em>. Editorial tipo-e.<br \/>\nCom es dissenya una tipografia? Quins car\u00e0cters s\u00f3n imprescindibles en una font? Quina difer\u00e8ncia hi ha entre una lletra rodona, una inclinada i una cursiva? Aquest llibre \u00e9s una guia que respon aquestes i altres preguntes d&#8217;una manera clara i directa, enfocada tant a ne\u00f2fits com a iniciats en el disseny tipogr\u00e0fic i en la tasca de dibuixar una font, des de l&#8217;esb\u00f3s fins a la pantalla.<\/p>\n<p><strong>Kane, John<\/strong>.<em> Manual de tipograf\u00eda <\/em>(2.\u00aa ed.). Editorial Gustavo Gili.<br \/>\nEs tracta d&#8217;una introducci\u00f3 a tot el que qualsevol estudiant o professional del disseny gr\u00e0fic ha de saber sobre tipografia per desenvolupar una sensibilitat i uns coneixements tipogr\u00e0fics ben fonamentats.<\/p>\n<p><strong>Lupton, Ellen<\/strong>.<em> Tipograf\u00eda en pantalla<\/em>. Editorial Gustavo Gili.<br \/>\nAborda els nous fonaments de la tipografia quan s&#8217;utilitza en pantalla i explora a fons els secrets del disseny destinat a aquest suport, sense ignorar el saber acumulat durant anys de desenvolupament i evoluci\u00f3 de la tradici\u00f3 tipogr\u00e0fica.<\/p>\n<p><strong>Mart\u00edn \u00c1lvarez, Raquel<\/strong>.<em> Ortotipograf\u00eda para dise\u00f1adores<\/em>. Editorial Gustavo Gili.<br \/>\nAquest llibre recull els problemes i els dubtes ortotipogr\u00e0fics que acostumen a assaltar m\u00e9s sovint el dissenyador; a m\u00e9s, incideix en les q\u00fcestions de disseny que se superposen a la correcci\u00f3 ortotipogr\u00e0fica. Constitueix un manual de cap\u00e7alera imprescindible per als professionals de la comunicaci\u00f3 gr\u00e0fica.<\/p>\n<p><strong>Rodr\u00edguez-Valero, Daniel<\/strong>.<em> Manual de tipograf\u00eda digital<\/em>. Editorial Campgr\u00e0fic.<br \/>\nGuia senzilla i completa per aprendre com funcionen i es dissenyen les fonts (de l&#8217;autor del blog especialitzat en contingut sobre tipografia digital <em>tipografiadigital.net<\/em>).<\/p>\n<p><strong>White, Jan V.<\/strong><em> Dise\u00f1o para la edici\u00f3n<\/em>. Ediciones Jard\u00edn de Monos.<br \/>\nLlibre que ensenya a editors i dissenyadors com cal fer publicacions m\u00e9s interessants i vistoses. Es tracta d&#8217;un compendi de consells pr\u00e0ctics per aconseguir l&#8217;equilibri perfecte entre contingut i forma, de manera que text i disseny es reforcin m\u00fatuament per crear p\u00e0gines irresistibles per als lectors.<\/p>\n<h4><strong>Recursos web de refer\u00e8ncia<\/strong><\/h4>\n<p><strong><em>Rayitas Azules<\/em><\/strong>: <a href=\"https:\/\/www.rayitasazules.com\/\" target=\"_blank\" rel=\"noopener\">https:\/\/www.rayitasazules.com<br \/>\n<\/a>Blog dedicat a la tipografia i al disseny editorial en totes les seves formes i manifestacions: revistes, inDesign, cobertes, paper, maquetaci\u00f3, hist\u00f2ria, etc.<\/p>\n<p><strong><em>Tipograf\u00eda digital<\/em><\/strong>: <a href=\"http:\/\/tipografiadigital.net\/\" target=\"_blank\" rel=\"noopener\">http:\/\/tipografiadigital.net<br \/>\n<\/a>Blog sobre tipografia de Daniel Rodr\u00edguez-Valero, autor del <em>Manual de tipograf\u00eda digital<\/em>, editat per Campgr\u00e0fic.<\/p>\n<p><strong><em>Typewolf<\/em><\/strong>: <a href=\"https:\/\/www.typewolf.com\/\" target=\"_blank\" rel=\"noopener\">https:\/\/www.typewolf.com<\/a><br \/>\nSelecci\u00f3 di\u00e0ria de llocs web en qu\u00e8 l&#8217;\u00fas de la tipografia \u00e9s excel\u00b7lent. A m\u00e9s, cont\u00e9 apartats plens de recursos, recomanacions i guies, sempre centrats en tipografia.<\/p>\n<p><strong><em>Unos tipos duros<\/em><\/strong>: <a href=\"https:\/\/www.unostiposduros.com\/\" target=\"_blank\" rel=\"noopener\">https:\/\/www.unostiposduros.com\/<\/a><br \/>\nUnostiposduros \u00e9s una iniciativa de dos apassionats de la tipografia, Josep Patau i Jos\u00e9 Ram\u00f3n Penela, als quals m\u00e9s tard es van afegir Dimas Garc\u00eda i Marc Salinas. El seu objectiu \u00e9s proporcionar un punt de trobada per a tots aquells interessats en la tipografia i posar \u00e8mfasi en la seva evoluci\u00f3 hist\u00f2rica sense oblidar les propostes actuals.<\/p>\n<p><strong><em>Web Typography<\/em><\/strong>: <a href=\"http:\/\/webtypography.net\/\" target=\"_blank\" rel=\"noopener\">http:\/\/webtypography.net<\/a><br \/>\nRecull els principis divulgats per Robert Bringhurst en el seu llibre <em>The\u00a0 elements of typographic<\/em> <em>style<\/em>, per\u00f2 aplicats a l&#8217;entorn web.<\/p>\n","protected":false},"excerpt":{"rendered":"<p>Llibres Castro, Iv\u00e1n. El ABC del Lettering. Editorial Campgr\u00e0fic. Llibre pr\u00e0ctic que proporciona els passos per dibuixar a m\u00e0 una \u00e0mplia varietat d&#8217;estils de lletra: des de romanes modernes i lletres sense rematades fins a llatines, script o interlock. Es tracta d&#8217;un m\u00e8tode d&#8217;ensenyament tradicional amb un enfocament contemporani. Cerezo, Jos\u00e9 Mar\u00eda. Dise\u00f1adores en la [&hellip;]<\/p>\n","protected":false},"author":1,"featured_media":0,"parent":0,"menu_order":0,"comment_status":"closed","ping_status":"closed","template":"","meta":{"inline_featured_image":false},"acf":[],"_links":{"self":[{"href":"http:\/\/disseny-test.uoc.edu\/materials\/tipografia-avan\/wp-json\/wp\/v2\/pages\/508"}],"collection":[{"href":"http:\/\/disseny-test.uoc.edu\/materials\/tipografia-avan\/wp-json\/wp\/v2\/pages"}],"about":[{"href":"http:\/\/disseny-test.uoc.edu\/materials\/tipografia-avan\/wp-json\/wp\/v2\/types\/page"}],"author":[{"embeddable":true,"href":"http:\/\/disseny-test.uoc.edu\/materials\/tipografia-avan\/wp-json\/wp\/v2\/users\/1"}],"replies":[{"embeddable":true,"href":"http:\/\/disseny-test.uoc.edu\/materials\/tipografia-avan\/wp-json\/wp\/v2\/comments?post=508"}],"version-history":[{"count":5,"href":"http:\/\/disseny-test.uoc.edu\/materials\/tipografia-avan\/wp-json\/wp\/v2\/pages\/508\/revisions"}],"predecessor-version":[{"id":711,"href":"http:\/\/disseny-test.uoc.edu\/materials\/tipografia-avan\/wp-json\/wp\/v2\/pages\/508\/revisions\/711"}],"wp:attachment":[{"href":"http:\/\/disseny-test.uoc.edu\/materials\/tipografia-avan\/wp-json\/wp\/v2\/media?parent=508"}],"curies":[{"name":"wp","href":"https:\/\/api.w.org\/{rel}","templated":true}]}}