{"id":127,"date":"2016-09-16T12:37:17","date_gmt":"2016-09-16T12:37:17","guid":{"rendered":"http:\/\/disseny-test.uoc.edu\/recursos\/dd\/?page_id=127"},"modified":"2016-09-29T07:25:58","modified_gmt":"2016-09-29T07:25:58","slug":"1-introduccion-4","status":"publish","type":"page","link":"http:\/\/disseny-test.uoc.edu\/recursos\/dd\/ca\/1-introduccion-4\/","title":{"rendered":"1. Introducci\u00f3"},"content":{"rendered":"<p><\/p>\n<h3><strong>1.4. Suports per al dibuix<\/strong><\/h3>\n<p>Un\u00a0dels suports m\u00e9s tradicionals per a dibuixar \u00e9s el paper, ja sigui en fulls solts, blocs o llibretes. Podem trobar molts papers diferents, que poden variar en funci\u00f3 del seu gramatge i grossor, tipus de pasta amb la qual estan fets, proc\u00e9s de fabricaci\u00f3, color, format, etc.<\/p>\n<p>A part del paper, tamb\u00e9 podem trobar moltes altres superf\u00edcies planes que s\u2019usen per a dibuixar: tela, fusta, pl\u00e0stic, una paret, el terra, etc. Si b\u00e9 \u00e9s cert que el dibuix s\u2019ha practicat sobre superf\u00edcies planes i amb l\u2019objectiu d\u2019imprimir-les durant els \u00faltims segles, tamb\u00e9 \u00e9s veritat que els or\u00edgens del dibuix figuratiu es remunten al Paleol\u00edtic, quan les persones pintaven sobre murs les superf\u00edcies dels quals no eren exactament planes. Com hem comentat anteriorment, existeixen diverses teories sobre la forma en la qual pintaven els nostres ancestres, per\u00f2 el que \u00e9s molt probable \u00e9s que la seva imaginaci\u00f3 fos estimulada per les esquerdes o la incid\u00e8ncia de la llum sobre els volums irregulars de les parets de les coves \u2014diversos mil\u00b7lennis abans que Leonardo da Vinci detect\u00e9s el patr\u00f3 que esment\u00e0vem sobre com estimular la ment. Veiem, doncs, que qualsevol superf\u00edcie, sigui plana o no, pot ser un suport per a dibuixar.<\/p>\n<p>Avui dia tamb\u00e9 existeixen nombrosos invents com les tauletes gr\u00e0fiques que permeten dibuixar sobre pantalles fent servir llapis \u00f2ptics o fins i tot utilitzant els dits i treballant directament el dibuix en digital, que pot distribuir-se en un format tamb\u00e9 digital o b\u00e9 imprimir-se sobre gaireb\u00e9 qualsevol suport. Altres aparells, com l\u2019Inkling de Wacom, permeten transformar el dibuix tradicional en format digital (tant en bitmap amb capes com en vectorial).<\/p>\n<p>Un altre suport curi\u00f3s \u00e9s l\u2019aire. Si b\u00e9 els dibuixos amb llum (peu de p\u00e0gina <em>light drawing<\/em> o <em>light painting<\/em>) existeixen des de fa uns quants anys (com a evid\u00e8ncia, les famoses fotos de Picasso fetes per Gjon Mili per a la revista <em>Life<\/em> el 1949), des de fa un temps aquesta pr\u00e0ctica s\u2019ha tornat a popularitzar, probablement a causa de la facilitat de registre (tant en fotografia com en v\u00eddeo) que permeten les c\u00e0meres digitals.<\/p>\n<p>D\u2019altra banda, avui dia hi ha nous invents, com el <em>tilt brush<\/em> de Google, que, usant ulleres virtuals, permeten dibuixar tridimensionalment, com si el dibuix fos una eina escult\u00f2rica que, igual que els dibuixos fets amb llum, no necessit\u00e9s una superf\u00edcie bidimensional ni f\u00edsica com a suport (<a href=\"http:\/\/www.tiltbrush.com\/\" target=\"_blank\">http:\/\/www.tiltbrush.com<\/a>).<\/p>\n<div id=\"attachment_72\" style=\"width: 460px\" class=\"wp-caption alignnone\"><img aria-describedby=\"caption-attachment-72\" loading=\"lazy\" class=\"size-full wp-image-72 img-responsive\" src=\"http:\/\/disseny-test.uoc.edu\/recursos\/dd\/wp-content\/uploads\/sites\/17\/2016\/09\/20023_m1_44.png\" alt=\"Figura 44. Disseny de vestit fet per Aimei Kutt (2016) utilitzant tilt brush. Aquesta imatge ens permet albirar les possibilitats t\u00e8cniques d\u2019aquest nou mitj\u00e0 que combina el dibuix amb l\u2019escultura, i, per tant, es pot fer servir com a maqueta 3D.\" width=\"450\" height=\"450\" srcset=\"http:\/\/disseny-test.uoc.edu\/recursos\/dd\/wp-content\/uploads\/sites\/17\/2016\/09\/20023_m1_44.png 450w, http:\/\/disseny-test.uoc.edu\/recursos\/dd\/wp-content\/uploads\/sites\/17\/2016\/09\/20023_m1_44-150x150.png 150w, http:\/\/disseny-test.uoc.edu\/recursos\/dd\/wp-content\/uploads\/sites\/17\/2016\/09\/20023_m1_44-300x300.png 300w\" sizes=\"(max-width: 450px) 100vw, 450px\" \/><p id=\"caption-attachment-72\" class=\"wp-caption-text\">Figura 44. Disseny de vestit fet per Aimei Kutt (2016) utilitzant <em>tilt brush<\/em> (<a href=\"https:\/\/vimeo.com\/171544808\" target=\"_blank\">https:\/\/vimeo.com\/171544808<\/a>). Aquesta imatge ens permet albirar les possibilitats t\u00e8cniques d\u2019aquest nou mitj\u00e0 que combina el dibuix amb l\u2019escultura, i, per tant, es pot fer servir com a maqueta 3D.<\/p><\/div>\n<p>Amb tot aix\u00f2 pretenem dir que, igual que els or\u00edgens del dibuix no es limiten a la manera en la qual habitualment podr\u00edem entendre la disciplina avui dia, el seu futur tampoc hauria d\u2019estar restringit al suport paper, que, si b\u00e9 \u00e9s cert que va predominar des de la invenci\u00f3 del papir, va florir durant els anys d\u2019invenci\u00f3 de la impremta de tipus m\u00f2bil i va arribar al seu punt \u00e0lgid en la tecnologia predigital, no hauria de limitar necess\u00e0riament les possibilitats del dibuix.<\/p>\n<div id=\"attachment_73\" style=\"width: 650px\" class=\"wp-caption alignnone\"><img aria-describedby=\"caption-attachment-73\" loading=\"lazy\" class=\"size-full wp-image-73 img-responsive\" src=\"http:\/\/disseny-test.uoc.edu\/recursos\/dd\/wp-content\/uploads\/sites\/17\/2016\/09\/20023_m1_45.png\" alt=\"Figura 45: Cad\u00e1veres exquisitos (juego de dibujo colectivo) realizados sobre servilletas durante la espera de un vuelo (2016).\" width=\"640\" height=\"480\" srcset=\"http:\/\/disseny-test.uoc.edu\/recursos\/dd\/wp-content\/uploads\/sites\/17\/2016\/09\/20023_m1_45.png 640w, http:\/\/disseny-test.uoc.edu\/recursos\/dd\/wp-content\/uploads\/sites\/17\/2016\/09\/20023_m1_45-300x225.png 300w\" sizes=\"(max-width: 640px) 100vw, 640px\" \/><p id=\"caption-attachment-73\" class=\"wp-caption-text\">Figura 45. Cad\u00e0vers exquisits (joc de dibuix col\u00b7lectiu) fets\u00a0sobre tovallons\u00a0durant l&#8217;espera d&#8217;un vol (2016).<\/p><\/div>\n<p>Podr\u00edem dir que qualsevol superf\u00edcie pot servir per a comunicar-se pel mitj\u00e0 expressiu del dibuix, des d\u2019un humil tovall\u00f3 fins a realitats virtuals, passant per suports que encara estan per descobrir.<\/p>\n<p>&nbsp;<\/p>\n<h4><strong>El bloc d&#8217;esbossos <\/strong><\/h4>\n<p>En relaci\u00f3 amb els blocs o llibretes d\u2019esbossos, hi ha una infinitat de models. D\u2019una banda varien quant al gramatge i tipus de paper; de l\u2019altra, hi ha els que porten un enquadernat cosit i els que utilitzen un filferro en forma d\u2019espiral. Tamb\u00e9 els tipus de tapa varien; en alguns casos s\u00f3n dures i en d\u2019altres, toves. Hi ha els de format vertical i els de format horitzontal. I, finalment, els podem trobar de grand\u00e0ries diverses. L\u2019\u00fas d\u2019un tipus o un altre dep\u00e8n exclusivament dels nostres objectius; per exemple, si volem fer servir aquest material a l\u2019exterior \u2014la qual cosa \u00e9s bastant freq\u00fcent\u2014, \u00e9s recomanable fer servir els de tapa dura per a poder-nos-hi recolzar amb m\u00e9s comoditat. Si, a m\u00e9s, volem dibuixar paisatge en general, \u00e9s recomanable usar un format apa\u00efsat (aix\u00f2 dep\u00e8n del tipus de paisatge i enquadrament, \u00e9s clar, per\u00f2 per alguna ra\u00f3 porten aquest nom). El relligat espiral permet girar completament la p\u00e0gina i aix\u00f2 pot resultar molt \u00fatil en algunes situacions (el problema que tenen aquest tipus de blocs \u00e9s que les persones solen arrencar els dibuixos que no els agraden i no s\u2019adonen del valor que tenen aquests dibuixos com a part del proc\u00e9s d\u2019aprenentatge). Finalment, si el que pretenem \u00e9s utilitzar-lo durant un viatge, ser\u00e0 convenient usar una llibreta molt portable, que ens c\u00e0piga dins de la bossa o motxilla, i, sobretot, hem d\u2019assegurar-nos que sigui lleugera.<\/p>\n<p>&nbsp;<\/p>\n<h4><strong>Conclusions<\/strong><\/h4>\n<p>Els materials b\u00e0sics per a dibuixar poden ser simplement un bol\u00edgraf i un full de paper, per\u00f2 hi ha alguns materials que tenen una llarga tradici\u00f3 en el dibuix.<\/p>\n<p>La rellev\u00e0ncia de l\u2019estudi i l\u2019\u00fas dels materials tradicionals es basa en la idea que com m\u00e9s ampli sigui el nostre coneixement i domini dels materials, m\u00e9s possibilitats expressives tindrem.<\/p>\n<p>\u00c9s important no limitar-se exclusivament a l\u2019\u00fas dels materials tradicionals i obrir la possibilitat a noves maneres de crear que resultin m\u00e9s afins amb la nostra sensibilitat i interessos particulars.<\/p>\n<p>Un dels suports tradicionals per a dibuixar \u00e9s el paper i altres superf\u00edcies planes, per\u00f2 tamb\u00e9 existeixen nombrosos suports alternatius, des de tovallons de restaurant fins a l\u2019aire o els espais virtuals.<\/p>","protected":false},"excerpt":{"rendered":"<p>1.4. Suports per al dibuix Un\u00a0dels suports m\u00e9s tradicionals per a dibuixar \u00e9s el paper, ja sigui en fulls solts, blocs o llibretes. Podem trobar molts papers diferents, que poden variar en funci\u00f3 del seu gramatge i grossor, tipus de pasta amb la qual estan fets, proc\u00e9s de fabricaci\u00f3, color, format, etc. A part del [&hellip;]<\/p>\n","protected":false},"author":1,"featured_media":0,"parent":0,"menu_order":0,"comment_status":"closed","ping_status":"closed","template":"","meta":[],"acf":[],"_links":{"self":[{"href":"http:\/\/disseny-test.uoc.edu\/recursos\/dd\/ca\/wp-json\/wp\/v2\/pages\/127"}],"collection":[{"href":"http:\/\/disseny-test.uoc.edu\/recursos\/dd\/ca\/wp-json\/wp\/v2\/pages"}],"about":[{"href":"http:\/\/disseny-test.uoc.edu\/recursos\/dd\/ca\/wp-json\/wp\/v2\/types\/page"}],"author":[{"embeddable":true,"href":"http:\/\/disseny-test.uoc.edu\/recursos\/dd\/ca\/wp-json\/wp\/v2\/users\/1"}],"replies":[{"embeddable":true,"href":"http:\/\/disseny-test.uoc.edu\/recursos\/dd\/ca\/wp-json\/wp\/v2\/comments?post=127"}],"version-history":[{"count":9,"href":"http:\/\/disseny-test.uoc.edu\/recursos\/dd\/ca\/wp-json\/wp\/v2\/pages\/127\/revisions"}],"predecessor-version":[{"id":545,"href":"http:\/\/disseny-test.uoc.edu\/recursos\/dd\/ca\/wp-json\/wp\/v2\/pages\/127\/revisions\/545"}],"wp:attachment":[{"href":"http:\/\/disseny-test.uoc.edu\/recursos\/dd\/ca\/wp-json\/wp\/v2\/media?parent=127"}],"curies":[{"name":"wp","href":"https:\/\/api.w.org\/{rel}","templated":true}]}}