{"id":140,"date":"2016-09-19T09:48:57","date_gmt":"2016-09-19T09:48:57","guid":{"rendered":"http:\/\/disseny-test.uoc.edu\/recursos\/dd\/?page_id=140"},"modified":"2016-09-27T09:45:22","modified_gmt":"2016-09-27T09:45:22","slug":"2-elementos-del-dibujo-1","status":"publish","type":"page","link":"http:\/\/disseny-test.uoc.edu\/recursos\/dd\/ca\/2-elementos-del-dibujo-1\/","title":{"rendered":"2. Elements del dibuix"},"content":{"rendered":"<p><\/p>\n<h3><strong>2.1. Espai, punt, l\u00ednia i to<\/strong><\/h3>\n<div class=\"cita\">\n<p>\u00abPer a aprendre a dibuixar i a donar al dibuix un \u00fas efectiu com a instrument de disseny \u00e9s indispensable adquirir certes arts fonamentals, com tra\u00e7ar l\u00ednies i aplicar tons\u00bb (Ching, 1998\/2010, p\u00e0g. 2).<\/p>\n<\/div>\n<p>Segurament estarem d\u2019acord que un component distintiu del dibuix \u00e9s la l\u00ednia, i moltes vegades, quan pensem en la disciplina, la relacionem amb aquest element gr\u00e0fic, per\u00f2 tamb\u00e9 cal dir que el punt, el to, i l\u2019espai s\u00f3n igualment v\u00e0lids per a definir el camp.<\/p>\n<p>Per a aconseguir una millor comprensi\u00f3 d\u2019aquests components prendrem una postura anal\u00edtica, \u00e9s a dir, els estudiarem de manera independent.<\/p>\n<p>Donis A. Dondis recomana:<\/p>\n<div class=\"cita\">\n<p>\u00abPer a analitzar i comprendre l\u2019estructura total d\u2019un llenguatge \u00e9s \u00fatil centrar-se en els elements visuals, d\u2019un en un, a fi de comprendre millor les seves qualitats espec\u00edfiques\u00bb (Dondis, 1973\/2007, p\u00e0g. 54).<\/p>\n<\/div>\n<p>Comen\u00e7arem fent una diferenciaci\u00f3 entre espai i pla, i despr\u00e9s continuarem amb el punt, la l\u00ednia i el to.<\/p>\n<p>&nbsp;<\/p>\n<h4><strong>Espai<\/strong><\/h4>\n<p>Parlem d\u2019espai per a referir-nos, d\u2019una banda, al fenomen psicol\u00f2gic pel qual la figura se separa del fons, i de l\u2019altra, a l\u2019experi\u00e8ncia perceptiva que es produeix mitjan\u00e7ant les posicions, formes, dist\u00e0ncies, dimensions, direccions i moviments que estableixen els cossos representats en relacionar-se entre si.<\/p>\n<div id=\"attachment_86\" style=\"width: 650px\" class=\"wp-caption alignnone\"><img aria-describedby=\"caption-attachment-86\" loading=\"lazy\" class=\"img-responsive wp-image-86 size-full\" src=\"http:\/\/disseny-test.uoc.edu\/recursos\/dd\/wp-content\/uploads\/sites\/17\/2016\/09\/20023_m2_01.png\" alt=\"Figura 1. Espacio\" width=\"640\" height=\"463\" srcset=\"http:\/\/disseny-test.uoc.edu\/recursos\/dd\/wp-content\/uploads\/sites\/17\/2016\/09\/20023_m2_01.png 640w, http:\/\/disseny-test.uoc.edu\/recursos\/dd\/wp-content\/uploads\/sites\/17\/2016\/09\/20023_m2_01-300x217.png 300w\" sizes=\"(max-width: 640px) 100vw, 640px\" \/><p id=\"caption-attachment-86\" class=\"wp-caption-text\">Figura 1. Espai.<\/p><\/div>\n<p>&nbsp;<\/p>\n<h4><strong>Pla<\/strong><\/h4>\n<p>Per a Kandinski, el pla b\u00e0sic \u00e9s \u00abla superf\u00edcie material destinada a abastar el contingut de l\u2019obra\u00bb (1923\/1995, p\u00e0g. 129).<\/p>\n<p>M\u00e9s enll\u00e0 de possibles excepcions (com el dibuix sobre atuells o escultures, o el ja esmentat <em>tilt brush<\/em>), la caracter\u00edstica fonamental del pla \u00e9s la seva doble dimensi\u00f3: vertical i horitzontal.<\/p>\n<p><img loading=\"lazy\" class=\"alignnone size-full wp-image-87 img-responsive\" src=\"http:\/\/disseny-test.uoc.edu\/recursos\/dd\/wp-content\/uploads\/sites\/17\/2016\/09\/20023_m2_02.png\" alt=\"Fig. 2\" width=\"640\" height=\"465\" srcset=\"http:\/\/disseny-test.uoc.edu\/recursos\/dd\/wp-content\/uploads\/sites\/17\/2016\/09\/20023_m2_02.png 640w, http:\/\/disseny-test.uoc.edu\/recursos\/dd\/wp-content\/uploads\/sites\/17\/2016\/09\/20023_m2_02-300x218.png 300w\" sizes=\"(max-width: 640px) 100vw, 640px\" \/><\/p>\n<div id=\"attachment_88\" style=\"width: 650px\" class=\"wp-caption alignnone\"><img aria-describedby=\"caption-attachment-88\" loading=\"lazy\" class=\"img-responsive wp-image-88 size-full\" src=\"http:\/\/disseny-test.uoc.edu\/recursos\/dd\/wp-content\/uploads\/sites\/17\/2016\/09\/20023_m2_03.png\" alt=\"Figuras 2 y 3. Plano vertical y horizontal\" width=\"640\" height=\"463\" srcset=\"http:\/\/disseny-test.uoc.edu\/recursos\/dd\/wp-content\/uploads\/sites\/17\/2016\/09\/20023_m2_03.png 640w, http:\/\/disseny-test.uoc.edu\/recursos\/dd\/wp-content\/uploads\/sites\/17\/2016\/09\/20023_m2_03-300x217.png 300w\" sizes=\"(max-width: 640px) 100vw, 640px\" \/><p id=\"caption-attachment-88\" class=\"wp-caption-text\">Figures 2 i\u00a03. Pla vertical i\u00a0horitzontal.<\/p><\/div>\n<p>&nbsp;<\/p>\n<h4><strong>El punt<\/strong><\/h4>\n<p>Per a Dondis, el punt \u00e9s la unitat m\u00e9s simple de la comunicaci\u00f3 visual (1973\/2007, p\u00e0g. 55).<\/p>\n<p>En observar-los, els punts poden connectar-se i, d\u2019aquesta manera, dirigir la mirada:<\/p>\n<p><img loading=\"lazy\" class=\"alignnone size-full wp-image-89 img-responsive\" src=\"http:\/\/disseny-test.uoc.edu\/recursos\/dd\/wp-content\/uploads\/sites\/17\/2016\/09\/20023_m2_04.png\" alt=\"Fig. 4\" width=\"640\" height=\"228\" srcset=\"http:\/\/disseny-test.uoc.edu\/recursos\/dd\/wp-content\/uploads\/sites\/17\/2016\/09\/20023_m2_04.png 640w, http:\/\/disseny-test.uoc.edu\/recursos\/dd\/wp-content\/uploads\/sites\/17\/2016\/09\/20023_m2_04-300x107.png 300w\" sizes=\"(max-width: 640px) 100vw, 640px\" \/><\/p>\n<div id=\"attachment_90\" style=\"width: 410px\" class=\"wp-caption alignnone\"><img aria-describedby=\"caption-attachment-90\" loading=\"lazy\" class=\"img-responsive wp-image-90 size-full\" src=\"http:\/\/disseny-test.uoc.edu\/recursos\/dd\/wp-content\/uploads\/sites\/17\/2016\/09\/20023_m2_05.png\" alt=\"Figuras 4 y 5. Conexi\u00f3n de puntos.\" width=\"400\" height=\"406\" srcset=\"http:\/\/disseny-test.uoc.edu\/recursos\/dd\/wp-content\/uploads\/sites\/17\/2016\/09\/20023_m2_05.png 400w, http:\/\/disseny-test.uoc.edu\/recursos\/dd\/wp-content\/uploads\/sites\/17\/2016\/09\/20023_m2_05-296x300.png 296w\" sizes=\"(max-width: 400px) 100vw, 400px\" \/><p id=\"caption-attachment-90\" class=\"wp-caption-text\">Figures 4\u00a0i\u00a05. Connexi\u00f3 de punts.<\/p><\/div>\n<p>Si es disposen molt a prop l\u2019un de l\u2019altre, poden crear formes i figures:<\/p>\n<p><img loading=\"lazy\" class=\"alignnone size-full wp-image-91 img-responsive\" src=\"http:\/\/disseny-test.uoc.edu\/recursos\/dd\/wp-content\/uploads\/sites\/17\/2016\/09\/20023_m2_06.png\" alt=\"Fig. 6\" width=\"450\" height=\"171\" srcset=\"http:\/\/disseny-test.uoc.edu\/recursos\/dd\/wp-content\/uploads\/sites\/17\/2016\/09\/20023_m2_06.png 450w, http:\/\/disseny-test.uoc.edu\/recursos\/dd\/wp-content\/uploads\/sites\/17\/2016\/09\/20023_m2_06-300x114.png 300w\" sizes=\"(max-width: 450px) 100vw, 450px\" \/><\/p>\n<p><img loading=\"lazy\" class=\"alignnone size-full wp-image-92 img-responsive\" src=\"http:\/\/disseny-test.uoc.edu\/recursos\/dd\/wp-content\/uploads\/sites\/17\/2016\/09\/20023_m2_07.png\" alt=\"Fig. 7\" width=\"450\" height=\"63\" srcset=\"http:\/\/disseny-test.uoc.edu\/recursos\/dd\/wp-content\/uploads\/sites\/17\/2016\/09\/20023_m2_07.png 450w, http:\/\/disseny-test.uoc.edu\/recursos\/dd\/wp-content\/uploads\/sites\/17\/2016\/09\/20023_m2_07-300x42.png 300w\" sizes=\"(max-width: 450px) 100vw, 450px\" \/><\/p>\n<div id=\"attachment_93\" style=\"width: 460px\" class=\"wp-caption alignnone\"><img aria-describedby=\"caption-attachment-93\" loading=\"lazy\" class=\"img-responsive wp-image-93 size-full\" src=\"http:\/\/disseny-test.uoc.edu\/recursos\/dd\/wp-content\/uploads\/sites\/17\/2016\/09\/20023_m2_08.png\" alt=\"Figuras 6, 7 y 8. Formas y figuras a partir de puntos\" width=\"450\" height=\"451\" srcset=\"http:\/\/disseny-test.uoc.edu\/recursos\/dd\/wp-content\/uploads\/sites\/17\/2016\/09\/20023_m2_08.png 450w, http:\/\/disseny-test.uoc.edu\/recursos\/dd\/wp-content\/uploads\/sites\/17\/2016\/09\/20023_m2_08-150x150.png 150w, http:\/\/disseny-test.uoc.edu\/recursos\/dd\/wp-content\/uploads\/sites\/17\/2016\/09\/20023_m2_08-300x300.png 300w\" sizes=\"(max-width: 450px) 100vw, 450px\" \/><p id=\"caption-attachment-93\" class=\"wp-caption-text\">Figures 6, 7 i\u00a08. Formes i\u00a0figures a partir de punts.<\/p><\/div>\n<p>I, en gran densitat, tamb\u00e9 fer la sensaci\u00f3 de to:<\/p>\n<div id=\"attachment_94\" style=\"width: 460px\" class=\"wp-caption alignnone\"><img aria-describedby=\"caption-attachment-94\" loading=\"lazy\" class=\"img-responsive wp-image-94 size-full\" src=\"http:\/\/disseny-test.uoc.edu\/recursos\/dd\/wp-content\/uploads\/sites\/17\/2016\/09\/20023_m2_09.png\" alt=\"Figura 9. Tono a partir de gran densidad de puntos\" width=\"450\" height=\"477\" srcset=\"http:\/\/disseny-test.uoc.edu\/recursos\/dd\/wp-content\/uploads\/sites\/17\/2016\/09\/20023_m2_09.png 450w, http:\/\/disseny-test.uoc.edu\/recursos\/dd\/wp-content\/uploads\/sites\/17\/2016\/09\/20023_m2_09-283x300.png 283w\" sizes=\"(max-width: 450px) 100vw, 450px\" \/><p id=\"caption-attachment-94\" class=\"wp-caption-text\">Figura 9. To a partir de gran densitat de punts.<\/p><\/div>\n<p>&nbsp;<\/p>\n<h4><strong>La l\u00ednia<\/strong><\/h4>\n<p>Si hi ha un element que defineix el dibuix per excel\u00b7l\u00e8ncia, aquest \u00e9s la l\u00ednia.<\/p>\n<p>A <em>Vision and Art: The Biology of Seeing<\/em>, la neurobi\u00f2loga Margaret Livingstone argumenta que la representaci\u00f3 lineal est\u00e0 basada en l\u2019exist\u00e8ncia dels contorns \u2014les vores entre regions de diferent color o il\u00b7luminaci\u00f3\u2014, que s\u00f3n interpretats com a l\u00ednies pels dibuixants. Per a l\u2019autora, els dibuixos lineals poden ser representacions excel\u00b7lents de la realitat, per\u00f2 hem de tenir en compte que existeixen molt poques l\u00ednies en el m\u00f3n real (Livingstone, 2002\/2008, p\u00e0g. 61).<\/p>\n<p>Efectivament, si ens aturem a pensar un moment, veurem que el que moltes vegades definim com a l\u00ednies s\u00f3n, de fet, canvis de to en una o m\u00e9s coses o b\u00e9 els l\u00edmits o fronteres d\u2019una cosa amb altres (ja sigui un fons o una altra cosa).<\/p>\n<p>Dondis diu que \u00abla l\u00ednia rarament existeix a la natura\u00bb, si b\u00e9 accepta que es pot manifestar en alguns fen\u00f2mens visuals com les esquerdes en la vorera, els cables telef\u00f2nics quan es retallen contra el cel, les branques sense fulles dels arbres a l\u2019hivern, etc. (Dondis, 1973\/2007, p\u00e0g. 58). Per a Dondis, la l\u00ednia s\u2019utilitza com un element visual que serveix per a expressar la juxtaposici\u00f3 de dos tons:<\/p>\n<div class=\"cita\">\n<p>\u00abLa l\u00ednia s\u2019empra molt sovint per a descriure aquesta juxtaposici\u00f3, i quan aix\u00ed es fa \u00e9s un procediment artificial\u00bb (Dondis, 1973\/2007, p\u00e0g. 58).<\/p>\n<\/div>\n<p>Amb aix\u00f2 Dondis vol dir que la l\u00ednia \u00e9s sobretot un fenomen cultural, una convenci\u00f3 que utilitzem per a comunicar idees dins de l\u2019\u00e0mbit del dibuix perqu\u00e8 b\u00e0sicament, com puntualitza m\u00e9s endavant, \u00abla l\u00ednia descriu un contorn\u00bb (Dondis, 1973\/2007, p\u00e0g. 58).<\/p>\n<p>Segons Ching, \u00abgeneralment es considera que l\u2019ess\u00e8ncia del dibuix \u00e9s la l\u00ednia\u00bb, encara que aquest autor tamb\u00e9 reconeix que el camp pot incloure elements com el punteig i la pinzellada (to), que, al seu torn, poden ser interpretats com a l\u00ednies.<\/p>\n<p>&nbsp;<\/p>\n<h4><strong>Tipus de l\u00ednia<\/strong><\/h4>\n<p>Existeixen moltes possibles classificacions de la l\u00ednia. N\u2019hi ha que se centren en el resultat; altres, en la manera de produir-les (incloent-hi la velocitat del tra\u00e7, l\u2019actitud amb qu\u00e8 es fan o la manera d\u2019agafar el material amb el qual s\u2019executen).<\/p>\n<p>Edwards classifica els estils de l\u00ednia de la manera seg\u00fcent: l\u00ednia en\u00e8rgica, l\u00ednia trencada (o l\u00ednia repetitiva), l\u00ednia pura (fina i pura) i la l\u00ednia que apareix i desapareix (un tipus de l\u00ednia que, per exemple, comen\u00e7a fosca, despr\u00e9s s\u2019esvaeix i despr\u00e9s torna a fer-se fosca) (Edwards, 1979\/2000, p\u00e0g. 53).<\/p>\n<p>Evidentment, aquest no deixa de ser un tipus de classificaci\u00f3 personal; per exemple, a la l\u00ednia que apareix i desapareix se la sol anomenar l\u00ednia amb accents, l\u00ednia r\u00edtmica o, fins i tot, l\u00ednia gestual. D\u2019altra banda, a la l\u00ednia pura en el camp del c\u00f2mic se la coneix com a l\u00ednia clara. Amb aix\u00f2 vull dir que els termes usats en aquestes classificacions no deixen de ser parcials (d\u2019\u00e0mbits espec\u00edfics) i, de vegades, fins i tot subjectius (que depenen de l\u2019autor o de l\u2019artista que s\u2019hi refereix).<\/p>\n<p>De tota manera, con\u00e8ixer aquestes classificacions ens pot donar una idea d\u2019alguns dels tipus de l\u00ednia utilitzats m\u00e9s sovint.<\/p>\n<p>&nbsp;<\/p>\n<h4><strong>Velocitat<\/strong><\/h4>\n<p>Com d\u00e8iem, una de les maneres de classificar els tipus de l\u00ednia \u00e9s a partir de la velocitat amb la qual es fan els tra\u00e7os.<\/p>\n<p>Els tra\u00e7os que es fan de pressa, si b\u00e9 poden perdre una mica el control, solen presentar un car\u00e0cter en\u00e8rgic i segur, mentre que els que es tracen molt lentament solen mostrar fluctuacions que fan que puguin llegir-se com a tra\u00e7os insegurs.<\/p>\n<div id=\"attachment_150\" style=\"width: 650px\" class=\"wp-caption alignnone\"><img aria-describedby=\"caption-attachment-150\" loading=\"lazy\" class=\"img-responsive wp-image-150 size-full\" src=\"http:\/\/disseny-test.uoc.edu\/recursos\/dd\/wp-content\/uploads\/sites\/17\/2016\/09\/20023_m2_10.png\" alt=\"Figura 10. La primera es una l\u00ednea r\u00e1pida, la segunda una l\u00ednea lenta.\" width=\"640\" height=\"76\" srcset=\"http:\/\/disseny-test.uoc.edu\/recursos\/dd\/wp-content\/uploads\/sites\/17\/2016\/09\/20023_m2_10.png 640w, http:\/\/disseny-test.uoc.edu\/recursos\/dd\/wp-content\/uploads\/sites\/17\/2016\/09\/20023_m2_10-300x36.png 300w\" sizes=\"(max-width: 640px) 100vw, 640px\" \/><p id=\"caption-attachment-150\" class=\"wp-caption-text\">Figura 10. La primera \u00e9s una l\u00ednia r\u00e0pida; la segona, una l\u00ednia lenta.<\/p><\/div>\n<div id=\"attachment_151\" style=\"width: 650px\" class=\"wp-caption alignnone\"><img aria-describedby=\"caption-attachment-151\" loading=\"lazy\" class=\"img-responsive wp-image-151 size-full\" src=\"http:\/\/disseny-test.uoc.edu\/recursos\/dd\/wp-content\/uploads\/sites\/17\/2016\/09\/20023_m2_11.png\" alt=\"Figura 11. L\u00ednea en la que se aprecian variaciones de velocidad reforzadas por los diversos acentos (\u00e1reas m\u00e1s oscuras).\" width=\"640\" height=\"262\" srcset=\"http:\/\/disseny-test.uoc.edu\/recursos\/dd\/wp-content\/uploads\/sites\/17\/2016\/09\/20023_m2_11.png 640w, http:\/\/disseny-test.uoc.edu\/recursos\/dd\/wp-content\/uploads\/sites\/17\/2016\/09\/20023_m2_11-300x123.png 300w\" sizes=\"(max-width: 640px) 100vw, 640px\" \/><p id=\"caption-attachment-151\" class=\"wp-caption-text\">Figura 11. L\u00ednia en la qual s&#8217;aprecien variacions de velocitat refor\u00e7ades pels diversos accents (\u00e0rees m\u00e9s fosques).<\/p><\/div>\n<p>&nbsp;<\/p>\n<h4><strong>Direcci\u00f3<\/strong><\/h4>\n<div id=\"attachment_152\" style=\"width: 650px\" class=\"wp-caption alignnone\"><img aria-describedby=\"caption-attachment-152\" loading=\"lazy\" class=\"img-responsive wp-image-152 size-full\" src=\"http:\/\/disseny-test.uoc.edu\/recursos\/dd\/wp-content\/uploads\/sites\/17\/2016\/09\/20023_m2_12.png\" alt=\"Figura 12. Direcci\u00f3n de las l\u00edneas\" width=\"640\" height=\"445\" srcset=\"http:\/\/disseny-test.uoc.edu\/recursos\/dd\/wp-content\/uploads\/sites\/17\/2016\/09\/20023_m2_12.png 640w, http:\/\/disseny-test.uoc.edu\/recursos\/dd\/wp-content\/uploads\/sites\/17\/2016\/09\/20023_m2_12-300x209.png 300w\" sizes=\"(max-width: 640px) 100vw, 640px\" \/><p id=\"caption-attachment-152\" class=\"wp-caption-text\">Figura 12. Direcci\u00f3 de les l\u00ednies.<\/p><\/div>\n<p>&nbsp;<\/p>\n<h4><strong>Estil<\/strong><\/h4>\n<div id=\"attachment_153\" style=\"width: 410px\" class=\"wp-caption alignnone\"><img aria-describedby=\"caption-attachment-153\" loading=\"lazy\" class=\"size-full wp-image-153 img-responsive\" src=\"http:\/\/disseny-test.uoc.edu\/recursos\/dd\/wp-content\/uploads\/sites\/17\/2016\/09\/20023_m2_13.png\" alt=\"Figura 13. L\u00ednea clara.\" width=\"400\" height=\"592\" srcset=\"http:\/\/disseny-test.uoc.edu\/recursos\/dd\/wp-content\/uploads\/sites\/17\/2016\/09\/20023_m2_13.png 400w, http:\/\/disseny-test.uoc.edu\/recursos\/dd\/wp-content\/uploads\/sites\/17\/2016\/09\/20023_m2_13-203x300.png 203w\" sizes=\"(max-width: 400px) 100vw, 400px\" \/><p id=\"caption-attachment-153\" class=\"wp-caption-text\">Figura 13. L\u00ednia clara.<\/p><\/div>\n<p>&nbsp;<\/p>\n<div id=\"attachment_154\" style=\"width: 410px\" class=\"wp-caption alignnone\"><img aria-describedby=\"caption-attachment-154\" loading=\"lazy\" class=\"size-full wp-image-154 img-responsive\" src=\"http:\/\/disseny-test.uoc.edu\/recursos\/dd\/wp-content\/uploads\/sites\/17\/2016\/09\/20023_m2_14.png\" alt=\"Figura 14. L\u00ednea punteada.\" width=\"400\" height=\"611\" srcset=\"http:\/\/disseny-test.uoc.edu\/recursos\/dd\/wp-content\/uploads\/sites\/17\/2016\/09\/20023_m2_14.png 400w, http:\/\/disseny-test.uoc.edu\/recursos\/dd\/wp-content\/uploads\/sites\/17\/2016\/09\/20023_m2_14-196x300.png 196w\" sizes=\"(max-width: 400px) 100vw, 400px\" \/><p id=\"caption-attachment-154\" class=\"wp-caption-text\">Figura 14. L\u00ednia puntejada.<\/p><\/div>\n<div id=\"attachment_155\" style=\"width: 410px\" class=\"wp-caption alignnone\"><img aria-describedby=\"caption-attachment-155\" loading=\"lazy\" class=\"size-full wp-image-155 img-responsive\" src=\"http:\/\/disseny-test.uoc.edu\/recursos\/dd\/wp-content\/uploads\/sites\/17\/2016\/09\/20023_m2_15.png\" alt=\"Figura 15. L\u00ednea r\u00edtmica.\" width=\"400\" height=\"596\" srcset=\"http:\/\/disseny-test.uoc.edu\/recursos\/dd\/wp-content\/uploads\/sites\/17\/2016\/09\/20023_m2_15.png 400w, http:\/\/disseny-test.uoc.edu\/recursos\/dd\/wp-content\/uploads\/sites\/17\/2016\/09\/20023_m2_15-201x300.png 201w\" sizes=\"(max-width: 400px) 100vw, 400px\" \/><p id=\"caption-attachment-155\" class=\"wp-caption-text\">Figura 15. L\u00ednia r\u00edtmica.<\/p><\/div>\n<div id=\"attachment_156\" style=\"width: 410px\" class=\"wp-caption alignnone\"><img aria-describedby=\"caption-attachment-156\" loading=\"lazy\" class=\"size-full wp-image-156 img-responsive\" src=\"http:\/\/disseny-test.uoc.edu\/recursos\/dd\/wp-content\/uploads\/sites\/17\/2016\/09\/20023_m2_16.png\" alt=\"Figura 16. L\u00ednea rota.\" width=\"400\" height=\"597\" srcset=\"http:\/\/disseny-test.uoc.edu\/recursos\/dd\/wp-content\/uploads\/sites\/17\/2016\/09\/20023_m2_16.png 400w, http:\/\/disseny-test.uoc.edu\/recursos\/dd\/wp-content\/uploads\/sites\/17\/2016\/09\/20023_m2_16-201x300.png 201w\" sizes=\"(max-width: 400px) 100vw, 400px\" \/><p id=\"caption-attachment-156\" class=\"wp-caption-text\">Figura 16. L\u00ednia trencada.<\/p><\/div>\n<p>&nbsp;<\/p>\n<h4><strong>Maneres d\u2019agafar el llapis per a produir diferents tipus de l\u00ednia<\/strong><\/h4>\n<p>Potser, la manera m\u00e9s habitual d\u2019agafar el llapis \u00e9s la que \u00e9s id\u00e8ntica a la que fem servir per a escriure. Amb aquest sistema el moviment es redueix als tres dits que subjecten el llapis i els altres dos serveixen de suport, la qual cosa ens permet tenir un gran control de la l\u00ednia en trams molt curts mentre anem lliscant la m\u00e0 gradualment. \u00c9s possible que hi hagi formes similars a aquesta manera d\u2019agafar el llapis, per\u00f2 al que ens referim \u00e9s a un sistema b\u00e0sic en el qual busquem un gran control i treballem movent \u00fanicament la punta dels dits. Per exemple, hi ha persones que utilitzen una variant en qu\u00e8 en lloc de recolzar el llapis entre tres dits ho fan fent-ne servir dos, quatre o cinc.<\/p>\n<p><img loading=\"lazy\" class=\"alignnone size-full wp-image-157 img-responsive\" src=\"http:\/\/disseny-test.uoc.edu\/recursos\/dd\/wp-content\/uploads\/sites\/17\/2016\/09\/20023_m2_17.png\" alt=\"20023_m2_17\" width=\"640\" height=\"480\" srcset=\"http:\/\/disseny-test.uoc.edu\/recursos\/dd\/wp-content\/uploads\/sites\/17\/2016\/09\/20023_m2_17.png 640w, http:\/\/disseny-test.uoc.edu\/recursos\/dd\/wp-content\/uploads\/sites\/17\/2016\/09\/20023_m2_17-300x225.png 300w\" sizes=\"(max-width: 640px) 100vw, 640px\" \/><\/p>\n<div id=\"attachment_158\" style=\"width: 650px\" class=\"wp-caption alignnone\"><img aria-describedby=\"caption-attachment-158\" loading=\"lazy\" class=\"size-full wp-image-158 img-responsive\" src=\"http:\/\/disseny-test.uoc.edu\/recursos\/dd\/wp-content\/uploads\/sites\/17\/2016\/09\/20023_m2_18.png\" alt=\"Figuras 17 y 18. Dos \u00e1ngulos de la forma m\u00e1s habitual de coger el l\u00e1piz.\" width=\"640\" height=\"480\" srcset=\"http:\/\/disseny-test.uoc.edu\/recursos\/dd\/wp-content\/uploads\/sites\/17\/2016\/09\/20023_m2_18.png 640w, http:\/\/disseny-test.uoc.edu\/recursos\/dd\/wp-content\/uploads\/sites\/17\/2016\/09\/20023_m2_18-300x225.png 300w\" sizes=\"(max-width: 640px) 100vw, 640px\" \/><p id=\"caption-attachment-158\" class=\"wp-caption-text\">Figures 17 i\u00a018. Dos angles\u00a0de la manera\u00a0m\u00e9s habitual d&#8217;agafar\u00a0el llapis.<\/p><\/div>\n<p>Una altra manera, ja no tan habitual, \u00e9s aquella en la qual agafem el llapis amb tots els dits. Amb aquest sistema el moviment prov\u00e9 de l\u2019espatlla \u2014encara que dibuixarem amb tot el bra\u00e7\u2014, la qual cosa ens permet aconseguir l\u00ednies llargues, segures i r\u00e0pides treballant sobre superf\u00edcies grans (per aix\u00f2 s\u2019acostuma a fer servir, per exemple, quan treballem sobre cavallet en el moment de fer l\u2019encaix). Aquest m\u00e8tode \u00e9s tamb\u00e9 ideal per a produir tons ombrejats regulars en els quals no marcarem el paper.<\/p>\n<p>Una manera f\u00e0cil i r\u00e0pida per a aprendre aquest m\u00e8tode \u00e9s posar el llapis sobre la taula i agafar-lo amb els cinc dits a manera de pin\u00e7a. Despr\u00e9s, sense canviar la posici\u00f3, dibuixar l\u00ednies i produir ombres en el paper. Haurem de practicar fins que ens hi sentim c\u00f2modes, ja que \u00e9s un m\u00e8tode molt recomanable per a esbossar r\u00e0pidament.<\/p>\n<p><img loading=\"lazy\" class=\"alignnone size-full wp-image-159 img-responsive\" src=\"http:\/\/disseny-test.uoc.edu\/recursos\/dd\/wp-content\/uploads\/sites\/17\/2016\/09\/20023_m2_19.png\" alt=\"20023_m2_19\" width=\"640\" height=\"480\" srcset=\"http:\/\/disseny-test.uoc.edu\/recursos\/dd\/wp-content\/uploads\/sites\/17\/2016\/09\/20023_m2_19.png 640w, http:\/\/disseny-test.uoc.edu\/recursos\/dd\/wp-content\/uploads\/sites\/17\/2016\/09\/20023_m2_19-300x225.png 300w\" sizes=\"(max-width: 640px) 100vw, 640px\" \/><\/p>\n<div id=\"attachment_160\" style=\"width: 650px\" class=\"wp-caption alignnone\"><img aria-describedby=\"caption-attachment-160\" loading=\"lazy\" class=\"size-full wp-image-160 img-responsive\" src=\"http:\/\/disseny-test.uoc.edu\/recursos\/dd\/wp-content\/uploads\/sites\/17\/2016\/09\/20023_m2_20.png\" alt=\"Figuras 19 y 20. Dos \u00e1ngulos de esta forma de coger el l\u00e1piz.\" width=\"640\" height=\"480\" srcset=\"http:\/\/disseny-test.uoc.edu\/recursos\/dd\/wp-content\/uploads\/sites\/17\/2016\/09\/20023_m2_20.png 640w, http:\/\/disseny-test.uoc.edu\/recursos\/dd\/wp-content\/uploads\/sites\/17\/2016\/09\/20023_m2_20-300x225.png 300w\" sizes=\"(max-width: 640px) 100vw, 640px\" \/><p id=\"caption-attachment-160\" class=\"wp-caption-text\">Figures 19 i\u00a020. Dos angles\u00a0d&#8217;aquesta manera d&#8217;agafar el llapis.<\/p><\/div>\n<p>&nbsp;<\/p>\n<h4><strong>El to<\/strong><\/h4>\n<p>Per a Dondis, \u00abvivim en un m\u00f3n bidimensional, i el to \u00e9s un dels millors instruments dels quals disposa el visualitzador per a indicar i expressar aquesta dimensi\u00f3\u00bb (Dondis, 1973\/2007, p\u00e0g. 63).<\/p>\n<p>Ching diu que si b\u00e9 les l\u00ednies s\u00f3n un element essencial per a delimitar el contorn i la forma dels objectes, no s\u00f3n suficients per a definir algunes caracter\u00edstiques importants de la seva superf\u00edcie i el seu volum:<\/p>\n<div class=\"cita\">\n<p>\u00abPer a accentuar les formes i modelar les seves superf\u00edcies fem \u00fas dels tons. La seva interacci\u00f3 ens permet comunicar una sensaci\u00f3 intensa de llum, massa i espai, i combinant-los amb les l\u00ednies i tons creem la sensaci\u00f3 i aparen\u00e7a t\u00e0ctil que anomenem textura\u00bb (Ching, 1998\/2010, p\u00e0g. 39).<\/p>\n<\/div>\n<p>&nbsp;<\/p>\n<h4><strong>Conclusions<\/strong><\/h4>\n<p>Un component distintiu del dibuix \u00e9s la l\u00ednia, per\u00f2 el punt, el to i l\u2019espai s\u00f3n igualment v\u00e0lids per a definir el camp.<\/p>\n<p>Existeixen diferents tipus de l\u00ednies, que poden expressar diverses sensacions.<\/p>\n<p>Hi ha dues maneres b\u00e0siques d\u2019agafar el llapis: una s\u2019utilitza per a moments en els quals necessitem un gran control, i l\u2019altra, per a situacions en qu\u00e8 necessitem cobrir m\u00e9s superf\u00edcie o donar tonalitats. En la primera treballem fent servir nom\u00e9s els dits, mentre que en la segona treballem amb tot el bra\u00e7.<\/p>","protected":false},"excerpt":{"rendered":"<p>2.1. Espai, punt, l\u00ednia i to \u00abPer a aprendre a dibuixar i a donar al dibuix un \u00fas efectiu com a instrument de disseny \u00e9s indispensable adquirir certes arts fonamentals, com tra\u00e7ar l\u00ednies i aplicar tons\u00bb (Ching, 1998\/2010, p\u00e0g. 2). Segurament estarem d\u2019acord que un component distintiu del dibuix \u00e9s la l\u00ednia, i moltes vegades, [&hellip;]<\/p>\n","protected":false},"author":1,"featured_media":0,"parent":0,"menu_order":0,"comment_status":"closed","ping_status":"closed","template":"","meta":[],"acf":[],"_links":{"self":[{"href":"http:\/\/disseny-test.uoc.edu\/recursos\/dd\/ca\/wp-json\/wp\/v2\/pages\/140"}],"collection":[{"href":"http:\/\/disseny-test.uoc.edu\/recursos\/dd\/ca\/wp-json\/wp\/v2\/pages"}],"about":[{"href":"http:\/\/disseny-test.uoc.edu\/recursos\/dd\/ca\/wp-json\/wp\/v2\/types\/page"}],"author":[{"embeddable":true,"href":"http:\/\/disseny-test.uoc.edu\/recursos\/dd\/ca\/wp-json\/wp\/v2\/users\/1"}],"replies":[{"embeddable":true,"href":"http:\/\/disseny-test.uoc.edu\/recursos\/dd\/ca\/wp-json\/wp\/v2\/comments?post=140"}],"version-history":[{"count":16,"href":"http:\/\/disseny-test.uoc.edu\/recursos\/dd\/ca\/wp-json\/wp\/v2\/pages\/140\/revisions"}],"predecessor-version":[{"id":512,"href":"http:\/\/disseny-test.uoc.edu\/recursos\/dd\/ca\/wp-json\/wp\/v2\/pages\/140\/revisions\/512"}],"wp:attachment":[{"href":"http:\/\/disseny-test.uoc.edu\/recursos\/dd\/ca\/wp-json\/wp\/v2\/media?parent=140"}],"curies":[{"name":"wp","href":"https:\/\/api.w.org\/{rel}","templated":true}]}}