{"id":286,"date":"2016-09-20T12:10:18","date_gmt":"2016-09-20T12:10:18","guid":{"rendered":"http:\/\/disseny-test.uoc.edu\/recursos\/dd\/?page_id=286"},"modified":"2016-09-27T16:07:54","modified_gmt":"2016-09-27T16:07:54","slug":"5-casos-transformadores-1","status":"publish","type":"page","link":"http:\/\/disseny-test.uoc.edu\/recursos\/dd\/ca\/5-casos-transformadores-1\/","title":{"rendered":"5. Casos transformadors"},"content":{"rendered":"<p><\/p>\n<h3><strong>5.1. Transformar qu\u00e8?<\/strong><\/h3>\n<p>Com d\u00e8iem en el segon cap\u00edtol (\u00abBreu cronologia del dibuix\u00bb), ning\u00fa sap amb certesa per qu\u00e8 o per a qu\u00e8 van fer els dibuixos de les coves els nostres avantpassats. Es barregen diferents explicacions, i una relacionaria aquest art rupestre amb la m\u00e0gia. A <em>Los chamanes de la prehistoria<\/em> (1996\/2010) el prehistoriador Jean Clottes i l\u2019arque\u00f2leg i doctor en antropologia social David Lewis-Williams argumenten que les pintures rupestres tenien funcions xam\u00e0niques, \u00e9s a dir, espirituals i curatives. Podem concloure, llavors, que per a aquests autors l\u2019art paleol\u00edtic tenia una funci\u00f3 transformadora.<\/p>\n<p>Ara anem a un altre moment hist\u00f2ric. Per als surrealistes l\u2019objectiu era transformar el m\u00f3n usant l\u2019art com a vehicle per a canalitzar l\u2019inconscient. L\u2019objectiu de manifestar la realitat desitjada \u2014la que veu \u00abl\u2019ull interior\u00bb, com deia Max Ernst (Schamoni, 1991)\u2014 mitjan\u00e7ant els objectes o materials de la realitat exterior per a produir una transformaci\u00f3, una <em>sobre-realitat<\/em>. Per a aconseguir l\u2019\u00abautomatisme ps\u00edquic pur\u00bb i, aix\u00ed, apropar-se a la meta final de transformar el m\u00f3n, els surrealistes es van valer de diverses t\u00e8cniques, entre les quals n\u2019hi ha unes quantes de relacionades amb el camp del dibuix: cad\u00e0vers exquisits, <em>frottage,<\/em> <em>grattage,<\/em> decalcomania, papers humits, etc. L\u2019inter\u00e8s en aquestes t\u00e8cniques radicava en la import\u00e0ncia de l\u2019atzar com a element clau per a obrir la porta a l\u2019automatisme que deix\u00e9s enrere el pensament racional, \u00e9s a dir, es posava l\u2019accent en l\u2019accidentalitat com a element provocador per a moure la percepci\u00f3 dels llocs comuns \u2014o zones de confort\u2014 i, aix\u00ed, transformar els esquemes de pensament per a produir canvis que condu\u00efssin l\u2019\u00e9sser hum\u00e0 a connectar amb la seva potencialitat latent.<\/p>\n<p>Com assenyala Frantisek Smejkal, el dibuix tamb\u00e9 era utilitzat pels surrealistes com una eina per a deixar un registre de l\u2019activitat on\u00edrica (Smejkal, 1974, p\u00e0g. 7). Un tema de vital inter\u00e8s per a ells, que seguien els preceptes de Sigmund Freud, que afirmava que els somnis s\u00f3n \u00abla ruta real a l\u2019inconscient\u00bb.<\/p>\n<p>A continuaci\u00f3 esmentem alguns projectes contemporanis que treballen utilitzant el dibuix com un mitj\u00e0 que contribueixi al canvi.<\/p>","protected":false},"excerpt":{"rendered":"<p>5.1. Transformar qu\u00e8? Com d\u00e8iem en el segon cap\u00edtol (\u00abBreu cronologia del dibuix\u00bb), ning\u00fa sap amb certesa per qu\u00e8 o per a qu\u00e8 van fer els dibuixos de les coves els nostres avantpassats. Es barregen diferents explicacions, i una relacionaria aquest art rupestre amb la m\u00e0gia. A Los chamanes de la prehistoria (1996\/2010) el prehistoriador [&hellip;]<\/p>\n","protected":false},"author":1,"featured_media":0,"parent":0,"menu_order":0,"comment_status":"closed","ping_status":"closed","template":"","meta":[],"acf":[],"_links":{"self":[{"href":"http:\/\/disseny-test.uoc.edu\/recursos\/dd\/ca\/wp-json\/wp\/v2\/pages\/286"}],"collection":[{"href":"http:\/\/disseny-test.uoc.edu\/recursos\/dd\/ca\/wp-json\/wp\/v2\/pages"}],"about":[{"href":"http:\/\/disseny-test.uoc.edu\/recursos\/dd\/ca\/wp-json\/wp\/v2\/types\/page"}],"author":[{"embeddable":true,"href":"http:\/\/disseny-test.uoc.edu\/recursos\/dd\/ca\/wp-json\/wp\/v2\/users\/1"}],"replies":[{"embeddable":true,"href":"http:\/\/disseny-test.uoc.edu\/recursos\/dd\/ca\/wp-json\/wp\/v2\/comments?post=286"}],"version-history":[{"count":3,"href":"http:\/\/disseny-test.uoc.edu\/recursos\/dd\/ca\/wp-json\/wp\/v2\/pages\/286\/revisions"}],"predecessor-version":[{"id":528,"href":"http:\/\/disseny-test.uoc.edu\/recursos\/dd\/ca\/wp-json\/wp\/v2\/pages\/286\/revisions\/528"}],"wp:attachment":[{"href":"http:\/\/disseny-test.uoc.edu\/recursos\/dd\/ca\/wp-json\/wp\/v2\/media?parent=286"}],"curies":[{"name":"wp","href":"https:\/\/api.w.org\/{rel}","templated":true}]}}