{"id":288,"date":"2016-09-20T12:11:49","date_gmt":"2016-09-20T12:11:49","guid":{"rendered":"http:\/\/disseny-test.uoc.edu\/recursos\/dd\/?page_id=288"},"modified":"2016-09-29T10:47:11","modified_gmt":"2016-09-29T10:47:11","slug":"5-casos-transformadores-2","status":"publish","type":"page","link":"http:\/\/disseny-test.uoc.edu\/recursos\/dd\/ca\/5-casos-transformadores-2\/","title":{"rendered":"5. Casos transformadors"},"content":{"rendered":"<p><\/p>\n<h3><strong>5.2. <em>Nombres robados<\/em><\/strong><\/h3>\n<p>Josep Antoni T\u00e0ssies \u00e9s l\u2019autor del llibre il\u00b7lustrat <em>Nombres robados<\/em> (2010). Una hist\u00f2ria potent i directa que parla de com les institucions i l\u2019actitud dels altres poden arribar a esborrar la nostra identitat mitjan\u00e7ant l\u2019assetjament escolar o simplement amb el condicionament. Com diu el narrador en primera persona, \u00ab[&#8230;] jo no tinc nom. Me\u2019l van robar a l\u2019escola\u00bb (T\u00e0ssies, 2010, p\u00e0g. 8-9). En el pla t\u00e8cnic el llibre est\u00e0 il\u00b7lustrat d\u2019una manera que fa pensar en gravats expressionistes: si b\u00e9 l\u2019autor utilitza el color, hi ha un predomini del negre en tot el treball (les cares suggereixen esgrafiats, encara que els materials semblen acr\u00edlics \u2014no xilografies).<\/p>\n<p>Tamb\u00e9 \u00e9s rellevant l\u2019\u00fas de les mirades (constituci\u00f3 del receptor) i els di\u00e0legs dirigits al lector: \u00abV\u00edctima, assetjador, testimoni: qui ets tu?\u00bb (T\u00e0ssies, 2010).<\/p>\n<p>L\u2019obra de T\u00e0ssies \u00e9s una invitaci\u00f3 a la reflexi\u00f3 i al canvi que penetra en el nostre cervell de manera delicada i violenta alhora.<\/p>\n<p><a href=\"http:\/\/www.casadellibro.com\/libro-los-nombres-robados\/9788467541151\/1703078\" target=\"_blank\">http:\/\/www.casadellibro.com\/libro-los-nombres-robados\/9788467541151\/1703078<\/a><\/p>","protected":false},"excerpt":{"rendered":"<p>5.2. Nombres robados Josep Antoni T\u00e0ssies \u00e9s l\u2019autor del llibre il\u00b7lustrat Nombres robados (2010). Una hist\u00f2ria potent i directa que parla de com les institucions i l\u2019actitud dels altres poden arribar a esborrar la nostra identitat mitjan\u00e7ant l\u2019assetjament escolar o simplement amb el condicionament. Com diu el narrador en primera persona, \u00ab[&#8230;] jo no tinc [&hellip;]<\/p>\n","protected":false},"author":1,"featured_media":0,"parent":0,"menu_order":0,"comment_status":"closed","ping_status":"closed","template":"","meta":[],"acf":[],"_links":{"self":[{"href":"http:\/\/disseny-test.uoc.edu\/recursos\/dd\/ca\/wp-json\/wp\/v2\/pages\/288"}],"collection":[{"href":"http:\/\/disseny-test.uoc.edu\/recursos\/dd\/ca\/wp-json\/wp\/v2\/pages"}],"about":[{"href":"http:\/\/disseny-test.uoc.edu\/recursos\/dd\/ca\/wp-json\/wp\/v2\/types\/page"}],"author":[{"embeddable":true,"href":"http:\/\/disseny-test.uoc.edu\/recursos\/dd\/ca\/wp-json\/wp\/v2\/users\/1"}],"replies":[{"embeddable":true,"href":"http:\/\/disseny-test.uoc.edu\/recursos\/dd\/ca\/wp-json\/wp\/v2\/comments?post=288"}],"version-history":[{"count":4,"href":"http:\/\/disseny-test.uoc.edu\/recursos\/dd\/ca\/wp-json\/wp\/v2\/pages\/288\/revisions"}],"predecessor-version":[{"id":584,"href":"http:\/\/disseny-test.uoc.edu\/recursos\/dd\/ca\/wp-json\/wp\/v2\/pages\/288\/revisions\/584"}],"wp:attachment":[{"href":"http:\/\/disseny-test.uoc.edu\/recursos\/dd\/ca\/wp-json\/wp\/v2\/media?parent=288"}],"curies":[{"name":"wp","href":"https:\/\/api.w.org\/{rel}","templated":true}]}}