{"id":127,"date":"2016-09-16T12:37:17","date_gmt":"2016-09-16T12:37:17","guid":{"rendered":"http:\/\/disseny-test.uoc.edu\/recursos\/dd\/?page_id=127"},"modified":"2016-09-29T07:25:58","modified_gmt":"2016-09-29T07:25:58","slug":"1-introduccion-4","status":"publish","type":"page","link":"http:\/\/disseny-test.uoc.edu\/recursos\/dd\/1-introduccion-4\/","title":{"rendered":"1. Introducci\u00f3n"},"content":{"rendered":"<p><\/p>\n<h3><strong>1.4. Soportes para el dibujo<\/strong><\/h3>\n<p>Uno de los soportes m\u00e1s tradicionales para dibujar es el papel, ya sea en hojas sueltas, blocs o libretas. Podemos encontrar muchos papeles distintos, que pueden variar en funci\u00f3n de su gramaje y grosor, tipo de pasta con el que est\u00e1n hechos, su proceso de fabricaci\u00f3n, color, formato, etc.<\/p>\n<p>Aparte del papel, tambi\u00e9n podemos encontrar muchas otras superficies planas que se usan para dibujar: tela, madera, pl\u00e1stico, una pared, el suelo, etc. Si bien es cierto que el dibujo se ha practicado sobre superficies planas y con el objetivo de imprimirlas durante los \u00faltimos siglos, tambi\u00e9n es verdad que los or\u00edgenes del dibujo figurativo se remontan al paleol\u00edtico, cuando las personas pintaban sobre muros cuyas superficies no eran exactamente planas. Como comentamos anteriormente, existen varias teor\u00edas sobre la forma en la que pintaban nuestros ancestros, pero lo que es muy probable es que su imaginaci\u00f3n fuera estimulada por las grietas o la incidencia de la luz sobre los vol\u00famenes irregulares de las paredes de las cuevas (varios milenios antes de que Leonardo da Vinci detectara el patr\u00f3n que mencion\u00e1bamos sobre c\u00f3mo estimular la mente). Vemos, pues, que cualquier superficie, sea o no plana, puede ser un soporte para dibujar.<\/p>\n<p>Hoy en d\u00eda, tambi\u00e9n existen numerosos inventos, como las tabletas gr\u00e1ficas, que permiten dibujar sobre pantallas haciendo servir l\u00e1pices \u00f3pticos o incluso utilizando los dedos y trabajando directamente el dibujo en digital, que puede distribuirse en un formato tambi\u00e9n digital o bien imprimirse sobre casi cualquier soporte. Otros aparatos, como el Inkling de Wacom, permiten transformar el dibujo tradicional en formato digital (tanto en <em>bitmap<\/em> con capas como en vectorial).<\/p>\n<p>Otro soporte curioso es el aire. Si bien los dibujos con luz (pie de p\u00e1gina <em>light drawing<\/em> o <em>light painting<\/em>) existen desde hace unos cuantos a\u00f1os (como evidencia de ello, existen aquellas famosas fotos de Picasso realizadas por Gjon Mili para la revista <em>Life<\/em> en 1949), desde hace un tiempo esta pr\u00e1ctica ha vuelto a popularizarse, probablemente debido a la facilidad de registro (tanto en fotograf\u00eda como en v\u00eddeo) que permiten las c\u00e1maras digitales.<\/p>\n<p>Por otro lado, hoy existen nuevos inventos como el Tilt Brush de Google que, usando gafas virtuales, permite dibujar tridimensionalmente, como si el dibujo fuera una herramienta escult\u00f3rica que, al igual que los dibujos hechos con luz, no necesita una superficie bidimensional ni f\u00edsica como soporte (<a href=\"http:\/\/www.tiltbrush.com\/\" target=\"_blank\">http:\/\/www.tiltbrush.com<\/a>).<\/p>\n<div id=\"attachment_72\" style=\"width: 460px\" class=\"wp-caption alignnone\"><img aria-describedby=\"caption-attachment-72\" loading=\"lazy\" class=\"size-full wp-image-72 img-responsive\" src=\"http:\/\/disseny-test.uoc.edu\/recursos\/dd\/wp-content\/uploads\/sites\/17\/2016\/09\/20023_m1_44.png\" alt=\"Figura 44. Dise\u00f1o de vestido realizado por Aimei Kutt (2016) utilizando Tilt Brush. Esta imagen nos permite vislumbrar las posibilidades t\u00e9cnicas de este nuevo medio, que combina el dibujo con la escultura y, por ende, puede usarse como maqueta 3D.\" width=\"450\" height=\"450\" srcset=\"http:\/\/disseny-test.uoc.edu\/recursos\/dd\/wp-content\/uploads\/sites\/17\/2016\/09\/20023_m1_44.png 450w, http:\/\/disseny-test.uoc.edu\/recursos\/dd\/wp-content\/uploads\/sites\/17\/2016\/09\/20023_m1_44-150x150.png 150w, http:\/\/disseny-test.uoc.edu\/recursos\/dd\/wp-content\/uploads\/sites\/17\/2016\/09\/20023_m1_44-300x300.png 300w\" sizes=\"(max-width: 450px) 100vw, 450px\" \/><p id=\"caption-attachment-72\" class=\"wp-caption-text\">Figura 44. Dise\u00f1o de vestido realizado por Aimei Kutt (2016) utilizando Tilt Brush (<a href=\"https:\/\/vimeo.com\/171544808\" target=\"_blank\">https:\/\/vimeo.com\/171544808<\/a>). Esta imagen nos permite vislumbrar las posibilidades t\u00e9cnicas de este nuevo medio, que combina el dibujo con la escultura y, por ende, puede usarse como maqueta 3D.<\/p><\/div>\n<p>Con todo ello pretendemos decir que, de la misma forma que los or\u00edgenes del dibujo no se limitan a la manera en la que habitualmente podr\u00edamos entender la disciplina hoy en d\u00eda, su futuro tampoco deber\u00eda estar restringido al soporte papel; este, si bien predomin\u00f3 desde la invenci\u00f3n del papiro, floreci\u00f3 durante los a\u00f1os de invenci\u00f3n de la imprenta de tipos m\u00f3viles y lleg\u00f3 al albor en la tecnolog\u00eda predigital, no tendr\u00eda por qu\u00e9 limitar las posibilidades del dibujo.<\/p>\n<div id=\"attachment_73\" style=\"width: 650px\" class=\"wp-caption alignnone\"><img aria-describedby=\"caption-attachment-73\" loading=\"lazy\" class=\"size-full wp-image-73 img-responsive\" src=\"http:\/\/disseny-test.uoc.edu\/recursos\/dd\/wp-content\/uploads\/sites\/17\/2016\/09\/20023_m1_45.png\" alt=\"Figura 45: Cad\u00e1veres exquisitos (juego de dibujo colectivo) realizados sobre servilletas durante la espera de un vuelo (2016).\" width=\"640\" height=\"480\" srcset=\"http:\/\/disseny-test.uoc.edu\/recursos\/dd\/wp-content\/uploads\/sites\/17\/2016\/09\/20023_m1_45.png 640w, http:\/\/disseny-test.uoc.edu\/recursos\/dd\/wp-content\/uploads\/sites\/17\/2016\/09\/20023_m1_45-300x225.png 300w\" sizes=\"(max-width: 640px) 100vw, 640px\" \/><p id=\"caption-attachment-73\" class=\"wp-caption-text\">Figura 45. Cad\u00e1veres exquisitos (juego de dibujo colectivo) realizados sobre servilletas durante la espera de un vuelo (2016).<\/p><\/div>\n<p>Podr\u00edamos decir que cualquier superficie puede servir para comunicarse a trav\u00e9s del medio expresivo del dibujo; desde una humilde servilleta hasta realidades virtuales, pasando por soportes que todav\u00eda est\u00e1n por descubrir.<\/p>\n<p>&nbsp;<\/p>\n<h4><strong>El bloc de esbozos <\/strong><\/h4>\n<p>En relaci\u00f3n con los blocs o libretas de esbozos, existen una infinidad de modelos. Por un lado, var\u00edan en lo relativo al gramaje y tipo de papel. Por otro, est\u00e1n aquellos que llevan un encuadernado cosido y los que utilizan un alambre en forma de espiral. Tambi\u00e9n los tipos de tapa var\u00edan, en algunos casos son duras, y en otros, blandas. Est\u00e1n los de formato vertical y los de formato horizontal. Y por \u00faltimo, los podemos encontrar de tama\u00f1os diversos. El uso de un tipo u otro depende exclusivamente de nuestros objetivos, por ejemplo, si queremos usar este material en el exterior \u2013lo cual es bastante frecuente\u2013, es recomendable hacer servir los de tapa dura para podernos apoyar con m\u00e1s comodidad. Si, adem\u00e1s, queremos dibujar paisaje en general, es recomendable usar un formato apaisado (esto depende del tipo de paisaje y encuadre, claro est\u00e1, pero por alguna raz\u00f3n llevan ese nombre). El encuadernado espiral permite girar completamente la p\u00e1gina y esto puede resultar muy \u00fatil en algunas situaciones (el problema que tienen este tipo de blocs es que las personas suelen arrancar los dibujos que no les gustan y no se dan cuenta del valor que tienen esos dibujos como parte del proceso de aprendizaje). Por \u00faltimo, si lo que pretendemos es usarlo durante un viaje, ser\u00e1 conveniente usar una libreta muy portable, que nos quepa dentro de nuestra bolsa o mochila, y, sobre todo, debemos asegurarnos de que sea liviana.<\/p>\n<p>&nbsp;<\/p>\n<h4><strong>Conclusiones<\/strong><\/h4>\n<p>Los materiales b\u00e1sicos para dibujar pueden ser simplemente un bol\u00edgrafo y una hoja de papel, pero existen algunos materiales que tienen una larga tradici\u00f3n en el dibujo.<\/p>\n<p>La relevancia del estudio y el uso de los materiales tradicionales se basan en la idea de que, cuanto m\u00e1s amplio sea nuestro conocimiento y dominio de los mismos, m\u00e1s posibilidades expresivas tendremos.<\/p>\n<p>Es importante no limitarse exclusivamente al uso de los materiales tradicionales para abrir la posibilidad a nuevas maneras de crear que resulten m\u00e1s afines con nuestra sensibilidad e intereses particulares.<\/p>\n<p>Uno de los soportes tradicionales para dibujar es el papel y otras superficies planas, pero tambi\u00e9n existen numerosos soportes alternativos, desde servilletas de restaurante al aire o los espacios virtuales.<\/p>\n<p>&nbsp;<\/p>\n<p>&nbsp;<\/p>\n<p>&nbsp;<\/p>","protected":false},"excerpt":{"rendered":"<p>1.4. Soportes para el dibujo Uno de los soportes m\u00e1s tradicionales para dibujar es el papel, ya sea en hojas sueltas, blocs o libretas. Podemos encontrar muchos papeles distintos, que pueden variar en funci\u00f3n de su gramaje y grosor, tipo de pasta con el que est\u00e1n hechos, su proceso de fabricaci\u00f3n, color, formato, etc. Aparte [&hellip;]<\/p>\n","protected":false},"author":1,"featured_media":0,"parent":0,"menu_order":0,"comment_status":"closed","ping_status":"closed","template":"","meta":[],"acf":[],"_links":{"self":[{"href":"http:\/\/disseny-test.uoc.edu\/recursos\/dd\/wp-json\/wp\/v2\/pages\/127"}],"collection":[{"href":"http:\/\/disseny-test.uoc.edu\/recursos\/dd\/wp-json\/wp\/v2\/pages"}],"about":[{"href":"http:\/\/disseny-test.uoc.edu\/recursos\/dd\/wp-json\/wp\/v2\/types\/page"}],"author":[{"embeddable":true,"href":"http:\/\/disseny-test.uoc.edu\/recursos\/dd\/wp-json\/wp\/v2\/users\/1"}],"replies":[{"embeddable":true,"href":"http:\/\/disseny-test.uoc.edu\/recursos\/dd\/wp-json\/wp\/v2\/comments?post=127"}],"version-history":[{"count":9,"href":"http:\/\/disseny-test.uoc.edu\/recursos\/dd\/wp-json\/wp\/v2\/pages\/127\/revisions"}],"predecessor-version":[{"id":545,"href":"http:\/\/disseny-test.uoc.edu\/recursos\/dd\/wp-json\/wp\/v2\/pages\/127\/revisions\/545"}],"wp:attachment":[{"href":"http:\/\/disseny-test.uoc.edu\/recursos\/dd\/wp-json\/wp\/v2\/media?parent=127"}],"curies":[{"name":"wp","href":"https:\/\/api.w.org\/{rel}","templated":true}]}}