{"id":179,"date":"2016-09-19T10:40:42","date_gmt":"2016-09-19T10:40:42","guid":{"rendered":"http:\/\/disseny-test.uoc.edu\/recursos\/dd\/?page_id=179"},"modified":"2016-09-29T08:17:17","modified_gmt":"2016-09-29T08:17:17","slug":"2-elementos-del-dibujo-2","status":"publish","type":"page","link":"http:\/\/disseny-test.uoc.edu\/recursos\/dd\/2-elementos-del-dibujo-2\/","title":{"rendered":"2. Elementos del dibujo"},"content":{"rendered":"<p><\/p>\n<h3><strong>2.2 \u00bfDebo aprender a mirar? Punto de vista <\/strong><\/h3>\n<div class=\"cita\">\n<p>\u00abEl gran beneficio del dibujo es que cuando miras algo, es como si lo vieras por primera vez.\u00bb<br \/>\n(Milton Glaser)<\/p>\n<\/div>\n<p>Aprender a mirar y observar con la m\u00e1xima precisi\u00f3n de detalle son competencias fundamentales en la pr\u00e1ctica del dibujo y en las artes visuales en general. Afortunadamente, estas habilidades pueden desarrollarse al igual que tantas otras que hemos aprendido hasta el momento a trav\u00e9s del entrenamiento sistem\u00e1tico.<\/p>\n<p>En <em>Sobre el dibujo<\/em>, John Berger es contundente cuando dice:<\/p>\n<div class=\"cita\">\n<p>\u00abPara el artista dibujar es descubrir. Y no se trata de una frase bonita; es literalmente cierto. Es el acto de dibujar lo que fuerza al artista a mirar el objeto que tiene delante, a diseccionarlo y volverlo a unir en su imaginaci\u00f3n, o, si dibuja de memoria, lo que lo fuerza a ahondar en ella hasta encontrar el contenido de su propio almac\u00e9n de observaciones pasadas.\u00bb<br \/>\n(Berger, 2005\/2015, p\u00e1g. 7)<\/p>\n<\/div>\n<p>Hablando de la importancia de la observaci\u00f3n, en <em>The Natural Way to Draw<\/em>, Kimon Nicolaides dice: \u00abAprender a dibujar es en realidad cuesti\u00f3n de aprender a mirar \u2013a mirar correctamente\u2013 y eso significa mucho m\u00e1s que mirar con los ojos\u00bb (Nicolaides, 1941, p\u00e1g. 5).<\/p>\n<p>En <em>Nuevo aprender a dibujar con el lado derecho del cerebro<\/em>, Betty Edwards argumenta que la habilidad global de dibujar cualquier cosa que pueda percibirse con los ojos (objeto, persona, paisaje, etc.) \u00fanicamente requiere cinco habilidades parciales:<\/p>\n<ol>\n<li>la percepci\u00f3n de los contornos;<\/li>\n<li>la percepci\u00f3n de los espacios;<\/li>\n<li>la percepci\u00f3n de las relaciones;<\/li>\n<li>la percepci\u00f3n de la luz y la sombra;<\/li>\n<li>la percepci\u00f3n de la totalidad <a href=\"#\" class=\"pop\" data-html=\"true\" data-toggle=\"popover\" data-content=\"La autora tambi\u00e9n llama <em>gestalt <\/em>(forma) a esta habilidad para percibir.\" data-placement=\"top\">[1]<\/a> (1979\/2000, p\u00e1g. 20)<\/li>\n<\/ol>\n<p>Aunque Edwards reconoce que, para poder producir dibujos imaginativos y expresivos, adem\u00e1s se necesitan dos habilidades adicionales: el dibujo a partir de la memoria, y el dibujo a partir de la imaginaci\u00f3n (1979\/2000, p\u00e1g. 21). Pero, como veremos m\u00e1s adelante, tambi\u00e9n existen t\u00e9cnicas para potenciar estas habilidades adicionales que, aunque tienen algunos puntos de relaci\u00f3n con las cinco habilidades sugeridas por Edwards, son completamente diferentes.<\/p>\n<p>Frederick Franck, autor de <em>The Zen of Seeing<\/em>, dice:<\/p>\n<div class=\"cita\">\n<p>\u00abHe aprendido que lo que no he dibujado jam\u00e1s lo he visto realmente, y que cuando empiezo a dibujar una cosa corriente me doy cuenta de lo extraordinaria que es, un aut\u00e9ntico milagro.\u00bb<br \/>\n(Franck, 1973, p\u00e1g. 6)<\/p>\n<\/div>\n<p>Creemos que uno de los puntos m\u00e1s relevantes de la aportaci\u00f3n de Edwards a la ense\u00f1anza del dibujo es que, seg\u00fan ella, no se trata de una actividad m\u00e1gica para solo unos pocos elegidos, sino que todo el mundo puede aprender a dibujar <a href=\"#\" class=\"pop\" data-html=\"true\" data-toggle=\"popover\" data-content=\"Para ello, la autora sugiere diversos ejercicios que ayudan a producir ese cambio en la forma de percibir.\" data-placement=\"top\">[2]<\/a>. Seg\u00fan la autora, el dibujo es \u00abuna habilidad que se puede aprender y ense\u00f1ar\u00bb, pues, para ella, aprender a dibujar es aprender a procesar la informaci\u00f3n visual de una manera diferente a la que se utiliza normalmente y que \u00abrequiere usar el cerebro de un modo diferente a como lo hacemos siempre\u00bb (Edwards, 1979\/2000, p\u00e1g. 31). Justamente, la base de la argumentaci\u00f3n de Edwards es que, para aprender a dibujar, es necesario aprender a ver\/percibir de una manera diferente:<\/p>\n<div class=\"cita\">\n<p>\u00abLa clave para aprender a dibujar consiste en establecer unas condiciones que induzcan un cambio mental hacia una modalidad diferente de procesar la informaci\u00f3n [&#8230;], que nos capacite para ver bien.\u00bb<br \/>\n(Edwards, 1979\/2000, p\u00e1g. 33)<\/p>\n<\/div>\n<p>Para Phil Metzger, para dibujar bien hacen falta cuatro cosas: ver, comprender, ejercicios y t\u00e9cnica:<\/p>\n<div class=\"cita\">\n<p>\u00abVer significa captar el motivo que se quiere dibujar y poder analizarlo como un conjunto abstracto de formas, colores, luz y superficies.\u00bb<br \/>\n(Metzger, 1988\/1991, p\u00e1g. 3)<\/p>\n<\/div>\n<p>Para \u00e9l, \u00abtodo lo que usted \u00absepa\u00bb acerca del objeto en cuesti\u00f3n, debe dejarlo a un lado\u00bb (Metzger, 1988\/1991, p\u00e1g. 3). Esta postura es af\u00edn a la de Edwards, que sugiere liberar la mirada de \u00abla \u00abtiran\u00eda\u00bb del sistema de s\u00edmbolos\u00bb (Edwards, 1979\/2000, p\u00e1g. 45). Metzger dice lo siguiente:<\/p>\n<div class=\"cita\">\n<p>\u00abComprender significa entender que todos los elementos del objeto que usted se propone dibujar est\u00e1n relacionados y tienen cohesi\u00f3n entre s\u00ed, aun cuando desde el lugar donde usted se halle observ\u00e1ndolos, no parezca del todo \u00abcorrecto\u00bb.\u00bb<br \/>\n(Metzger, 1988\/1991, p\u00e1g. 4)<\/p>\n<\/div>\n<p>Metzger incide en los beneficios del ver y comprender el motivo de dibujo tanto en detalle como en abstracto. Asimismo, recalca la importancia de la pr\u00e1ctica de ejercicios y el aprendizaje de t\u00e9cnicas.<\/p>\n<p>En <em>Modos de dibujar<\/em>, Hans Daucher argumenta:<\/p>\n<div class=\"cita\">\n<p>\u00abTodo el mundo puede aprender a dibujar igual que se aprende a escribir.\u00bb<br \/>\n(Daucher, 1984\/1987, p\u00e1g. 7)<\/p>\n<\/div>\n<p>Para este autor, sin embargo, el dibujo, al igual que el lenguaje, se basa en el conocimiento de signos:<\/p>\n<div class=\"cita\">\n<p>\u00abCuantos m\u00e1s signos conoce una persona, tanto mejor podr\u00e1 expresarse por medio del dibujo. Cuanto mayor sea el repertorio gr\u00e1fico, tanto m\u00e1s variada ser\u00e1 la expresi\u00f3n dibuj\u00edstica. Al igual que se pueden aprender los vocablos de un idioma, as\u00ed tambi\u00e9n se pueden aprender las m\u00faltiples posibilidades de la comunicaci\u00f3n gr\u00e1fica.\u00bb<br \/>\n(Daucher, 1984\/1987, p\u00e1g. 7)<\/p>\n<\/div>\n<p>Si bien coincidimos con Daucher en que recordar ciertos signos gr\u00e1ficos es esencial a la hora de expresarse a trav\u00e9s del dibujo, creemos que aprender a mirar es clave. El problema del uso de signos, o del \u00absistema de s\u00edmbolos\u00bb como lo llama Betty Edwards, radica en que justamente condicionan la capacidad de mirar; por ejemplo, uno puede pasarse repitiendo el mismo signo de ojos durante toda la vida sin dar espacio a la integraci\u00f3n de los ojos que uno contempla.<\/p>\n<div id=\"attachment_161\" style=\"width: 360px\" class=\"wp-caption alignnone\"><img aria-describedby=\"caption-attachment-161\" loading=\"lazy\" class=\"size-full wp-image-161 img-responsive\" src=\"http:\/\/disseny-test.uoc.edu\/recursos\/dd\/wp-content\/uploads\/sites\/17\/2016\/09\/20023_m2_21.png\" alt=\"Figura 21. S\u00edmbolo de ojo.\" width=\"350\" height=\"236\" srcset=\"http:\/\/disseny-test.uoc.edu\/recursos\/dd\/wp-content\/uploads\/sites\/17\/2016\/09\/20023_m2_21.png 350w, http:\/\/disseny-test.uoc.edu\/recursos\/dd\/wp-content\/uploads\/sites\/17\/2016\/09\/20023_m2_21-300x202.png 300w\" sizes=\"(max-width: 350px) 100vw, 350px\" \/><p id=\"caption-attachment-161\" class=\"wp-caption-text\">Figura 21. S\u00edmbolo de ojo.<\/p><\/div>\n<p>&nbsp;<\/p>\n<div id=\"attachment_162\" style=\"width: 360px\" class=\"wp-caption alignnone\"><img aria-describedby=\"caption-attachment-162\" loading=\"lazy\" class=\"size-full wp-image-162 img-responsive\" src=\"http:\/\/disseny-test.uoc.edu\/recursos\/dd\/wp-content\/uploads\/sites\/17\/2016\/09\/20023_m2_22.png\" alt=\"Figura 22. Ojo a partir de la observaci\u00f3n directa.\" width=\"350\" height=\"298\" srcset=\"http:\/\/disseny-test.uoc.edu\/recursos\/dd\/wp-content\/uploads\/sites\/17\/2016\/09\/20023_m2_22.png 350w, http:\/\/disseny-test.uoc.edu\/recursos\/dd\/wp-content\/uploads\/sites\/17\/2016\/09\/20023_m2_22-300x255.png 300w\" sizes=\"(max-width: 350px) 100vw, 350px\" \/><p id=\"caption-attachment-162\" class=\"wp-caption-text\">Figura 22. Ojo a partir de la observaci\u00f3n directa.<\/p><\/div>\n<p>Aportar\u00e9 otro ejemplo; estamos acostumbrados a pensar en las u\u00f1as como:<\/p>\n<div id=\"attachment_163\" style=\"width: 360px\" class=\"wp-caption alignnone\"><img aria-describedby=\"caption-attachment-163\" loading=\"lazy\" class=\"size-full wp-image-163 img-responsive\" src=\"http:\/\/disseny-test.uoc.edu\/recursos\/dd\/wp-content\/uploads\/sites\/17\/2016\/09\/20023_m2_23.png\" alt=\"Figura 23. Signo habitual para referirse a una u\u00f1a.\" width=\"350\" height=\"401\" srcset=\"http:\/\/disseny-test.uoc.edu\/recursos\/dd\/wp-content\/uploads\/sites\/17\/2016\/09\/20023_m2_23.png 350w, http:\/\/disseny-test.uoc.edu\/recursos\/dd\/wp-content\/uploads\/sites\/17\/2016\/09\/20023_m2_23-262x300.png 262w\" sizes=\"(max-width: 350px) 100vw, 350px\" \/><p id=\"caption-attachment-163\" class=\"wp-caption-text\">Figura 23. Signo habitual para referirse a una u\u00f1a.<\/p><\/div>\n<p>Pero \u00bfqu\u00e9 pasa cuando vemos algo como esto?<\/p>\n<div id=\"attachment_452\" style=\"width: 360px\" class=\"wp-caption alignnone\"><img aria-describedby=\"caption-attachment-452\" loading=\"lazy\" class=\"size-full wp-image-452 img-responsive\" src=\"http:\/\/disseny-test.uoc.edu\/recursos\/dd\/wp-content\/uploads\/sites\/17\/2016\/09\/20023_m2_24-1.png\" alt=\"Figura 24. Signo de u\u00f1a a partir de la observaci\u00f3n directa.\" width=\"350\" height=\"160\" srcset=\"http:\/\/disseny-test.uoc.edu\/recursos\/dd\/wp-content\/uploads\/sites\/17\/2016\/09\/20023_m2_24-1.png 350w, http:\/\/disseny-test.uoc.edu\/recursos\/dd\/wp-content\/uploads\/sites\/17\/2016\/09\/20023_m2_24-1-300x137.png 300w\" sizes=\"(max-width: 350px) 100vw, 350px\" \/><p id=\"caption-attachment-452\" class=\"wp-caption-text\">Figura 24. Signo de u\u00f1a a partir de la observaci\u00f3n directa.<\/p><\/div>\n<p>Ciertamente, esta u\u00f1a, para ser decodificada como tal, depende del contexto, pero la extra\u00f1a forma representada arriba es la manera en la que la ve\u00eda al dibujarla.<\/p>\n<div id=\"attachment_165\" style=\"width: 410px\" class=\"wp-caption alignnone\"><img aria-describedby=\"caption-attachment-165\" loading=\"lazy\" class=\"size-full wp-image-165 img-responsive\" src=\"http:\/\/disseny-test.uoc.edu\/recursos\/dd\/wp-content\/uploads\/sites\/17\/2016\/09\/20023_m2_25.png\" alt=\"Figura 25. Signo de la misma u\u00f1a en el contexto m\u00e1s amplio del signo mano.\" width=\"400\" height=\"481\" srcset=\"http:\/\/disseny-test.uoc.edu\/recursos\/dd\/wp-content\/uploads\/sites\/17\/2016\/09\/20023_m2_25.png 400w, http:\/\/disseny-test.uoc.edu\/recursos\/dd\/wp-content\/uploads\/sites\/17\/2016\/09\/20023_m2_25-249x300.png 249w\" sizes=\"(max-width: 400px) 100vw, 400px\" \/><p id=\"caption-attachment-165\" class=\"wp-caption-text\">Figura 25. Signo de la misma u\u00f1a en el contexto m\u00e1s amplio del signo mano.<\/p><\/div>\n<p>Lo que acabamos de explicar probar\u00eda el argumento de Frederick Franck para quien <em>ver\/dibujar<\/em> es el arte de <em>des-aprender<\/em> (Franck, 1973, p\u00e1g. 25). O, usando palabras de Edwards, debemos \u00abliberarnos del sistema de s\u00edmbolos\u00bb.<\/p>\n<p>Pero, a la vez, debemos tener en cuenta que el \u00absistema de s\u00edmbolos\u00bb (tan cuestionado por Edwards) tambi\u00e9n puede ofrecer resultados maravillosos, y, a veces, puede que m\u00e1s personales y valiosos.<\/p>\n<p>La estampa de Hokusai <span style=\"font-style: normal !msorm;\"><em>Olas oce\u00e1nicas<\/em><\/span> sirve para ilustrar esta idea, ya que es un modelo del uso del sistema de s\u00edmbolos. Por ejemplo, si observamos la parte de la espuma representada con figuras triangulares o las caras id\u00e9nticas de las personas que van en la barca m\u00e1s grande, veremos que en ambos casos se trata de la repetici\u00f3n de un patr\u00f3n simb\u00f3lico que funciona perfectamente dentro de la totalidad de la obra.<\/p>\n<div id=\"attachment_166\" style=\"width: 650px\" class=\"wp-caption alignnone\"><img aria-describedby=\"caption-attachment-166\" loading=\"lazy\" class=\"size-full wp-image-166 img-responsive\" src=\"http:\/\/disseny-test.uoc.edu\/recursos\/dd\/wp-content\/uploads\/sites\/17\/2016\/09\/20023_m2_26.png\" alt=\"Figura 26. Olas oce\u00e1nicas, de Katsushika Hokusai.\" width=\"640\" height=\"451\" srcset=\"http:\/\/disseny-test.uoc.edu\/recursos\/dd\/wp-content\/uploads\/sites\/17\/2016\/09\/20023_m2_26.png 640w, http:\/\/disseny-test.uoc.edu\/recursos\/dd\/wp-content\/uploads\/sites\/17\/2016\/09\/20023_m2_26-300x211.png 300w\" sizes=\"(max-width: 640px) 100vw, 640px\" \/><p id=\"caption-attachment-166\" class=\"wp-caption-text\">Figura 26. <em>Olas oce\u00e1nicas<\/em>, de Katsushika Hokusai.<\/p><\/div>\n<div id=\"attachment_167\" style=\"width: 650px\" class=\"wp-caption alignnone\"><img aria-describedby=\"caption-attachment-167\" loading=\"lazy\" class=\"size-full wp-image-167 img-responsive\" src=\"http:\/\/disseny-test.uoc.edu\/recursos\/dd\/wp-content\/uploads\/sites\/17\/2016\/09\/20023_m2_27.png\" alt=\"Figura 27. Detalle de Olas oce\u00e1nicas, de Katsushika Hokusai, donde vemos la repetici\u00f3n del sistema de s\u00edmbolos que representa las caras y el agua.\" width=\"640\" height=\"451\" srcset=\"http:\/\/disseny-test.uoc.edu\/recursos\/dd\/wp-content\/uploads\/sites\/17\/2016\/09\/20023_m2_27.png 640w, http:\/\/disseny-test.uoc.edu\/recursos\/dd\/wp-content\/uploads\/sites\/17\/2016\/09\/20023_m2_27-300x211.png 300w\" sizes=\"(max-width: 640px) 100vw, 640px\" \/><p id=\"caption-attachment-167\" class=\"wp-caption-text\">Figura 27. Detalle de <em>Olas oce\u00e1nicas<\/em>, de Katsushika Hokusai, donde vemos la repetici\u00f3n del sistema de s\u00edmbolos que representa las caras y el agua.<\/p><\/div>\n<p>Juan Jos\u00e9 G\u00f3mez Molina ataca el sistema de Edwards por su pretendida \u00abobjetividad fotogr\u00e1fica\u00bb (G\u00f3mez Molina, Cabezas y Bordes, 2001, p\u00e1gs. 31-33, 37-38, 49). Estar\u00eda plenamente de acuerdo con esa postura cr\u00edtica si el estudiante solo se limitara al m\u00e9todo propuesto en <em>Nuevo aprender a dibujar con el lado derecho del cerebro<\/em> o, si el itinerario de aprendizaje acabara con dicho m\u00e9todo, pero, si simplemente se entiende como un medio para aprender ciertos conceptos importantes del dibujo \u2013no como \u00abel\u00bb sistema de aprendizaje\u2013, entonces cabe defender los beneficios del m\u00e9todo propuesto por la autora norteamericana. Como mencion\u00e1bamos anteriormente, creemos que el valor de dicho m\u00e9todo de ense\u00f1anza \u2013m\u00e1s que su aproximaci\u00f3n pseudocient\u00edfica\u2013 radica en entender <em>el dibujo como una actividad no m\u00e1gica que puede ense\u00f1arse y aprenderse.<\/em><\/p>\n<p>Contrario a las posturas de Edwards o Daucher, en <em>El placer de dibujar<\/em>, Nick Meglin afirma que no se puede ni ense\u00f1ar ni aprender a dibujar:<\/p>\n<div class=\"cita\">\n<p>\u00abNadie te puede ense\u00f1ar a dibujar. La educaci\u00f3n art\u00edstica falla a menudo al dar por sentado que se te puede ense\u00f1ar a dibujar. No se puede. Siendo as\u00ed, \u00bfc\u00f3mo aprender? No se aprende, simplemente se dibuja. La educaci\u00f3n de un artista es el resultado de sus experiencias con el dibujo.\u00bb<br \/>\n(Meglin, 1999\/2001, p\u00e1g. 15)<\/p>\n<\/div>\n<p>M\u00e1s adelante, el autor afirma que \u00abuno aprende por s\u00ed solo a dibujar\u00bb (Meglin, 1999\/2001, p\u00e1g. 16). La argumentaci\u00f3n de Meglin es simple: se aprende a dibujar <em>solo<\/em> a trav\u00e9s de la experiencia de dibujar, pues, para \u00e9l cualquier experiencia de aprendizaje es un proceso pr\u00e1ctico. La postura de Meglin resulta un tanto categ\u00f3rica. Es cierto que una parte del aprendizaje del dibujo, quiz\u00e1s la m\u00e1s importante, tiene lugar simplemente dibujando, pero tambi\u00e9n es cierto que las gu\u00edas o instrucciones que recibimos (a trav\u00e9s de clases, v\u00eddeos, libros, etc.) son realmente \u00fatiles para acelerar el proceso de aprendizaje. Conocer t\u00e9cnicas, recibir consejos, saber trucos o abrirnos a otras posibilidades expresivas nos ayudar\u00e1 a descubrir las posibilidades del dibujo y a obtener resultados diferentes a los que conseguir\u00edamos por nosotros mismos.<\/p>\n<p>&nbsp;<\/p>\n<h4><strong>Conclusiones<\/strong><\/h4>\n<p>Dibujar es una actividad que puede aprenderse: se aprende a dibujar al igual que se aprende a leer, a escribir, a andar en bicicleta, a conducir un coche, etc. <a href=\"#\" class=\"pop\" data-html=\"true\" data-toggle=\"popover\" data-content=\"Junto con toda una serie de habilidades que no son producto de la memoria gen\u00e9tica. Para aprender estas actividades, necesitamos que alguien nos explique c\u00f3mo hacerlas, con el tiempo las hacemos nuestras y, eventualmente, cada uno las desarrolla con su estilo personal.\" data-placement=\"top\">[3]<\/a><\/p>\n<p>Aprender ciertas t\u00e9cnicas puede contribuir a facilitar el aprendizaje del dibujo.<\/p>\n<p>Algunos autores insisten en que la clave para aprender a dibujar radica en aprender a mirar, pero, adem\u00e1s de los procesos de pensamiento implicados, la psicomotricidad fina tambi\u00e9n juega un rol importante en el acto de dibujar.<\/p>\n<p>A dibujar se aprende dibujando. El tipo de conocimiento del dibujo, si bien ha de incluir la reflexi\u00f3n, es fundamentalmente pr\u00e1ctico.<\/p>\n<p>&nbsp;<\/p>","protected":false},"excerpt":{"rendered":"<p>2.2 \u00bfDebo aprender a mirar? Punto de vista \u00abEl gran beneficio del dibujo es que cuando miras algo, es como si lo vieras por primera vez.\u00bb (Milton Glaser) Aprender a mirar y observar con la m\u00e1xima precisi\u00f3n de detalle son competencias fundamentales en la pr\u00e1ctica del dibujo y en las artes visuales en general. Afortunadamente, [&hellip;]<\/p>\n","protected":false},"author":1,"featured_media":0,"parent":0,"menu_order":0,"comment_status":"closed","ping_status":"closed","template":"","meta":[],"acf":[],"_links":{"self":[{"href":"http:\/\/disseny-test.uoc.edu\/recursos\/dd\/wp-json\/wp\/v2\/pages\/179"}],"collection":[{"href":"http:\/\/disseny-test.uoc.edu\/recursos\/dd\/wp-json\/wp\/v2\/pages"}],"about":[{"href":"http:\/\/disseny-test.uoc.edu\/recursos\/dd\/wp-json\/wp\/v2\/types\/page"}],"author":[{"embeddable":true,"href":"http:\/\/disseny-test.uoc.edu\/recursos\/dd\/wp-json\/wp\/v2\/users\/1"}],"replies":[{"embeddable":true,"href":"http:\/\/disseny-test.uoc.edu\/recursos\/dd\/wp-json\/wp\/v2\/comments?post=179"}],"version-history":[{"count":17,"href":"http:\/\/disseny-test.uoc.edu\/recursos\/dd\/wp-json\/wp\/v2\/pages\/179\/revisions"}],"predecessor-version":[{"id":552,"href":"http:\/\/disseny-test.uoc.edu\/recursos\/dd\/wp-json\/wp\/v2\/pages\/179\/revisions\/552"}],"wp:attachment":[{"href":"http:\/\/disseny-test.uoc.edu\/recursos\/dd\/wp-json\/wp\/v2\/media?parent=179"}],"curies":[{"name":"wp","href":"https:\/\/api.w.org\/{rel}","templated":true}]}}