{"id":185,"date":"2016-09-19T11:17:02","date_gmt":"2016-09-19T11:17:02","guid":{"rendered":"http:\/\/disseny-test.uoc.edu\/recursos\/dd\/?page_id=185"},"modified":"2016-09-27T10:02:10","modified_gmt":"2016-09-27T10:02:10","slug":"2-elementos-del-dibujo-3","status":"publish","type":"page","link":"http:\/\/disseny-test.uoc.edu\/recursos\/dd\/2-elementos-del-dibujo-3\/","title":{"rendered":"2. Elementos del dibujo"},"content":{"rendered":"<p><\/p>\n<h3><strong>2.3<\/strong> <strong>Composici\u00f3n<\/strong><\/h3>\n<p>Llamamos composici\u00f3n a la manera en la que disponemos los elementos en la obra considerando el peso, el equilibrio, las formas, las direcciones, el tono y los signos. Seg\u00fan Betty Edwards:<\/p>\n<div class=\"cita\">\n<p>\u00abSe llama <em>composici\u00f3n<\/em> a la manera en que el artista dispone los elementos que componen un dibujo.\u00bb<br \/>\n(Edwards, 1979\/2000, p\u00e1g. 148)<\/p>\n<\/div>\n<p>Dicho de otra forma, la composici\u00f3n es un sistema de organizaci\u00f3n estructural en el que voluntariamente ordenamos unidades visuales dentro de un campo visual. Para lograr un resultado de unidad y armon\u00eda, lo hacemos rigi\u00e9ndonos por las leyes perceptuales (Crespi y Ferrario, 1971\/1977, p\u00e1g. 17).<\/p>\n<p>Existen <em>composiciones <\/em>de lectura clara en las que el fondo se separa claramente de la figura, y otras a las que llamamos composiciones de lectura confusa en las que el fondo tiende a ser m\u00e1s complejo y nos resulta m\u00e1s dif\u00edcil discernir entre fondo y figura.<\/p>\n<p>&nbsp;<\/p>\n<h4><strong>Forma, fondo y espacios negativos<\/strong><\/h4>\n<p>Llamamos espacios negativos (o espacios en negativo) al fondo que rodea las cosas. Como explicaremos, existen tradiciones est\u00e9ticas en las que el fondo es tan importante como la figura. Betty Edwards dice que \u00ablos espacios en negativo son tan importantes como las formas en positivo\u00bb (Edwards, 1979\/2000, p\u00e1g. 146).<\/p>\n<p>La estampa <em>La gran ola de Kanagawa<\/em> (1830-1833), de Hokusai, es una demostraci\u00f3n del equilibrio de forma y fondo, o hasta un alegato a favor del espacio negativo. Esta \u00faltima afirmaci\u00f3n puede sonar exagerada, pero si observamos con atenci\u00f3n, veremos que el <em>fondo<\/em> de la ola \u2013la \u00abno-ola\u00bb\u2013 es como una ola de vac\u00edo casi id\u00e9ntica a la de la <i><span style=\"font-weight: normal !msorm\">figura<\/span><\/i>.<\/p>\n<div id=\"attachment_168\" style=\"width: 650px\" class=\"wp-caption alignnone\"><img aria-describedby=\"caption-attachment-168\" loading=\"lazy\" class=\"size-full wp-image-168 img-responsive\" src=\"http:\/\/disseny-test.uoc.edu\/recursos\/dd\/wp-content\/uploads\/sites\/17\/2016\/09\/20023_m2_28.png\" alt=\"Figura 28. La gran ola de Kanagawa (1830-1833), de Katsushika Hokusai.\" width=\"640\" height=\"438\" srcset=\"http:\/\/disseny-test.uoc.edu\/recursos\/dd\/wp-content\/uploads\/sites\/17\/2016\/09\/20023_m2_28.png 640w, http:\/\/disseny-test.uoc.edu\/recursos\/dd\/wp-content\/uploads\/sites\/17\/2016\/09\/20023_m2_28-300x205.png 300w\" sizes=\"(max-width: 640px) 100vw, 640px\" \/><p id=\"caption-attachment-168\" class=\"wp-caption-text\">Figura 28. <em>La gran ola de Kanagawa<\/em> (1830-1833), de Katsushika Hokusai.<\/p><\/div>\n<div id=\"attachment_169\" style=\"width: 650px\" class=\"wp-caption alignnone\"><img aria-describedby=\"caption-attachment-169\" loading=\"lazy\" class=\"size-full wp-image-169 img-responsive\" src=\"http:\/\/disseny-test.uoc.edu\/recursos\/dd\/wp-content\/uploads\/sites\/17\/2016\/09\/20023_m2_29.png\" alt=\"Figura 29. La gran ola invertida, de Hokusai.\" width=\"640\" height=\"438\" srcset=\"http:\/\/disseny-test.uoc.edu\/recursos\/dd\/wp-content\/uploads\/sites\/17\/2016\/09\/20023_m2_29.png 640w, http:\/\/disseny-test.uoc.edu\/recursos\/dd\/wp-content\/uploads\/sites\/17\/2016\/09\/20023_m2_29-300x205.png 300w\" sizes=\"(max-width: 640px) 100vw, 640px\" \/><p id=\"caption-attachment-169\" class=\"wp-caption-text\">Figura 29. <em>La gran ola invertida<\/em>, de Hokusai.<\/p><\/div>\n<p>En realidad, no es demasiado extra\u00f1o que el concepto de espacio negativo tenga tanta fuerza en Oriente, donde los pilares filos\u00f3ficos apuntan siempre a un justo equilibrio de los principios contrarios, pero complementarios, del yin y el yang. Como dice Junichir\u00f4 Tanizaki en <em>El elogio de la sombra:<\/em><\/p>\n<div class=\"cita\">\n<p>\u00abComo si fuesen incapaces de hacer mella en las espesas tinieblas del <em>toko no ma<\/em>, los reflejos blanquecinos del papel rebotan en cierta manera sobre esas tinieblas, desvelando un universo ambiguo donde sombra y luz se confunden.\u00bb<br \/>\n(Tanizaki, 1933\/2001, p\u00e1g. 52)<\/p>\n<\/div>\n<p>Por esa raz\u00f3n, la figura no puede ser m\u00e1s importante que el fondo. La interacci\u00f3n que existe \u2013y debe existir entre uno y otro\u2013 los compensa y le da a la obra una sensaci\u00f3n de unidad que trasciende los l\u00edmites formales de la misma. El uso de este principio puede apreciarse en la mayor\u00eda de los grabados japoneses (<em>ukiyo-e<\/em>) o en la pintura china en general.<\/p>\n<p>En relaci\u00f3n con el aprendizaje del dibujo, Edwards argumenta que plasmando los espacios negativos resulta m\u00e1s f\u00e1cil aprender a dibujar. Su argumentaci\u00f3n es simple: para la autora, al no saber nada \u2013a nivel simb\u00f3lico\u2013 de los espacios que rodean las cosas, es decir, al no tener un saber previo, o un prejuicio, uno es m\u00e1s libre para dibujarlas m\u00e1s objetivamente (Edwards, 1979\/2000, p\u00e1g. 146).<\/p>\n<div id=\"attachment_170\" style=\"width: 360px\" class=\"wp-caption alignnone\"><img aria-describedby=\"caption-attachment-170\" loading=\"lazy\" class=\"size-full wp-image-170 img-responsive\" src=\"http:\/\/disseny-test.uoc.edu\/recursos\/dd\/wp-content\/uploads\/sites\/17\/2016\/09\/20023_m2_30.png\" alt=\"Figura 30. Espacio en negativo de una silla.\" width=\"350\" height=\"515\" srcset=\"http:\/\/disseny-test.uoc.edu\/recursos\/dd\/wp-content\/uploads\/sites\/17\/2016\/09\/20023_m2_30.png 350w, http:\/\/disseny-test.uoc.edu\/recursos\/dd\/wp-content\/uploads\/sites\/17\/2016\/09\/20023_m2_30-204x300.png 204w\" sizes=\"(max-width: 350px) 100vw, 350px\" \/><p id=\"caption-attachment-170\" class=\"wp-caption-text\">Figura 30. Espacio en negativo de una silla.<\/p><\/div>\n<div class=\"cita\">\n<p>\u00abEn los dibujos, las formas de los espacios en negativo son reales y no una especie de <em>aire<\/em> o un <em>vac\u00edo<\/em>\u00bb<br \/>\n(Edwards, 1979\/2000, p\u00e1g. 147).<\/p>\n<\/div>\n<div class=\"cita\">\n<p>\u00abTodos los contornos son contornos compartidos en los que se encuentran dos elementos. Los espacios en negativo comparten los contornos con la silla, porque esta comparte sus contornos con los espacios\u00bb (Edwards, 1979\/2000, p\u00e1g. 147).<\/p>\n<\/div>\n<p>&nbsp;<\/p>\n<h4><strong>Conclusiones<\/strong><\/h4>\n<p>Llamamos composici\u00f3n a la manera en la que disponemos los elementos en la obra considerando el peso, el equilibrio, las formas, las direcciones, el tono, los signos.<\/p>\n<p>Existen composiciones de lectura clara y otras de lectura confusa.<\/p>\n<p>Los espacios negativos deben ser tenidos en cuenta a la hora de pensar una composici\u00f3n. Los espacios en negativo, considerando que no pueden estar cargados simb\u00f3licamente, pueden ayudarnos a aprender a dibujar de manera m\u00e1s r\u00e1pida y efectiva.<\/p>\n<p>En el arte tradicional del Lejano Oriente, al fondo (o espacio negativo) se le daba una importancia igual a la figura (espacio positivo).<\/p>","protected":false},"excerpt":{"rendered":"<p>2.3 Composici\u00f3n Llamamos composici\u00f3n a la manera en la que disponemos los elementos en la obra considerando el peso, el equilibrio, las formas, las direcciones, el tono y los signos. Seg\u00fan Betty Edwards: \u00abSe llama composici\u00f3n a la manera en que el artista dispone los elementos que componen un dibujo.\u00bb (Edwards, 1979\/2000, p\u00e1g. 148) Dicho [&hellip;]<\/p>\n","protected":false},"author":1,"featured_media":0,"parent":0,"menu_order":0,"comment_status":"closed","ping_status":"closed","template":"","meta":[],"acf":[],"_links":{"self":[{"href":"http:\/\/disseny-test.uoc.edu\/recursos\/dd\/wp-json\/wp\/v2\/pages\/185"}],"collection":[{"href":"http:\/\/disseny-test.uoc.edu\/recursos\/dd\/wp-json\/wp\/v2\/pages"}],"about":[{"href":"http:\/\/disseny-test.uoc.edu\/recursos\/dd\/wp-json\/wp\/v2\/types\/page"}],"author":[{"embeddable":true,"href":"http:\/\/disseny-test.uoc.edu\/recursos\/dd\/wp-json\/wp\/v2\/users\/1"}],"replies":[{"embeddable":true,"href":"http:\/\/disseny-test.uoc.edu\/recursos\/dd\/wp-json\/wp\/v2\/comments?post=185"}],"version-history":[{"count":7,"href":"http:\/\/disseny-test.uoc.edu\/recursos\/dd\/wp-json\/wp\/v2\/pages\/185\/revisions"}],"predecessor-version":[{"id":514,"href":"http:\/\/disseny-test.uoc.edu\/recursos\/dd\/wp-json\/wp\/v2\/pages\/185\/revisions\/514"}],"wp:attachment":[{"href":"http:\/\/disseny-test.uoc.edu\/recursos\/dd\/wp-json\/wp\/v2\/media?parent=185"}],"curies":[{"name":"wp","href":"https:\/\/api.w.org\/{rel}","templated":true}]}}