{"id":198,"date":"2016-09-19T13:59:15","date_gmt":"2016-09-19T13:59:15","guid":{"rendered":"http:\/\/disseny-test.uoc.edu\/recursos\/dd\/?page_id=198"},"modified":"2016-09-27T10:13:35","modified_gmt":"2016-09-27T10:13:35","slug":"3-dibujo-y-perspectiva-1","status":"publish","type":"page","link":"http:\/\/disseny-test.uoc.edu\/recursos\/dd\/3-dibujo-y-perspectiva-1\/","title":{"rendered":"3. Dibujo y perspectiva"},"content":{"rendered":"<p><\/p>\n<h3><strong>3.1. La perspectiva<\/strong><\/h3>\n<p>La perspectiva es un sistema de representaci\u00f3n y organizaci\u00f3n de los elementos gr\u00e1ficos dentro del campo visual. A excepci\u00f3n de algunos tipos particulares de perspectiva (como la jer\u00e1rquica), este sistema nos permite representar la profundidad de la tridimensionalidad en un plano bidimensional.<\/p>\n<p>Ching afirma:<\/p>\n<div class=\"cita\">\n<p>\u00abEl t\u00e9rmino <em>perspectiva<\/em> se refiere a cualquiera de las distintas t\u00e9cnicas gr\u00e1ficas que se emplean para representar en una superficie plana vol\u00famenes y relaciones en el espacio.\u00bb<br \/>\n(Ching, 1998\/2010, p\u00e1g. 201)<\/p>\n<\/div>\n<p>Para Metzger,<\/p>\n<div class=\"cita\">\n<p>\u00abla perspectiva es, simplemente, un conjunto de t\u00e9cnicas que permiten trasladar una escena tridimensional a una superficie de dos dimensiones. Se trata de un m\u00e9todo para producir efectos de profundidad en un dibujo o pintura.\u00bb<br \/>\n(Metzger, 1988\/1991, p\u00e1g. 4)<\/p>\n<\/div>\n<p>Algo interesante que Metzger plantea, y que algunos autores muchas veces olvidan, es un m\u00e9todo de perspectiva bastante intuitivo en el que se puede definir la profundidad de un espacio simplemente variando el tama\u00f1o relativo de objetos del mismo tama\u00f1o (Metzger, 1988\/1991, p\u00e1g. 10).<\/p>\n<p>Por otro lado, menciona \u00abmedidas\u00bb; \u00ablos tama\u00f1os <em>reales<\/em> no son los que interesan, los que debe saber son los <em>relativos<\/em>\u00bb (Metzger, 1988\/1991, p\u00e1g. 11; la cursiva es suya). Metzger recomienda el uso del pulgar para medir esos tama\u00f1os relativos.<\/p>\n<p>Metzger tambi\u00e9n menciona la definici\u00f3n de los detalles y los contornos como un aspecto relevante a tener en cuenta a la hora de encarar un dibujo de perspectiva (Metzger, 1988\/1991, p\u00e1gs. 16-18).<\/p>\n<p>Finalmente, recalca la importancia del color y del valor para reforzar la idea de distancia:<\/p>\n<ul type=\"a\">\n<li>Las cosas m\u00e1s cercanas generalmente se ven m\u00e1s oscuras y las m\u00e1s alejadas m\u00e1s claras.<\/li>\n<li>En relaci\u00f3n con los colores, los que est\u00e9n \u00abcerca\u00bb del ojo del espectador se ver\u00e1n m\u00e1s saturados, y los que est\u00e9n m\u00e1s alejados ir\u00e1n perdiendo tinte hasta verse completamente desaturados y blanquecinos por la incidencia de la luz sobre las part\u00edculas de polvo que flotan en la atm\u00f3sfera.<\/li>\n<\/ul>\n<p>Crespi y Ferrario explican que la perspectiva es el \u00abarte que ense\u00f1a el modo de representar sobre una superficie los objetos, en la forma y disposici\u00f3n en que aparecen a la visi\u00f3n. Organizaci\u00f3n del espacio de una superficie, por medio del cual convergen todas las paralelas de un objeto, que son perpendiculares a la l\u00ednea de horizonte visual, a un punto determinado de tal l\u00ednea; puntos y l\u00ednea que se encuentran ubicados siempre a la altura del ojo del observador y acorde a la posici\u00f3n que \u00e9l tiene con respecto a su medio\u00bb (Crespi y Ferrario, 1971\/1977, p\u00e1gs. 71-72). Pero aqu\u00ed los autores se limitan a explicar la perspectiva \u00fanicamente consider\u00e1ndola como c\u00f3nica, pues existen diversos tipos de perspectiva: a\u00e9rea, axonom\u00e9trica, caballera, militar, etc.<\/p>\n<p>&nbsp;<\/p>","protected":false},"excerpt":{"rendered":"<p>3.1. La perspectiva La perspectiva es un sistema de representaci\u00f3n y organizaci\u00f3n de los elementos gr\u00e1ficos dentro del campo visual. A excepci\u00f3n de algunos tipos particulares de perspectiva (como la jer\u00e1rquica), este sistema nos permite representar la profundidad de la tridimensionalidad en un plano bidimensional. Ching afirma: \u00abEl t\u00e9rmino perspectiva se refiere a cualquiera de [&hellip;]<\/p>\n","protected":false},"author":1,"featured_media":0,"parent":0,"menu_order":0,"comment_status":"closed","ping_status":"closed","template":"","meta":[],"acf":[],"_links":{"self":[{"href":"http:\/\/disseny-test.uoc.edu\/recursos\/dd\/wp-json\/wp\/v2\/pages\/198"}],"collection":[{"href":"http:\/\/disseny-test.uoc.edu\/recursos\/dd\/wp-json\/wp\/v2\/pages"}],"about":[{"href":"http:\/\/disseny-test.uoc.edu\/recursos\/dd\/wp-json\/wp\/v2\/types\/page"}],"author":[{"embeddable":true,"href":"http:\/\/disseny-test.uoc.edu\/recursos\/dd\/wp-json\/wp\/v2\/users\/1"}],"replies":[{"embeddable":true,"href":"http:\/\/disseny-test.uoc.edu\/recursos\/dd\/wp-json\/wp\/v2\/comments?post=198"}],"version-history":[{"count":6,"href":"http:\/\/disseny-test.uoc.edu\/recursos\/dd\/wp-json\/wp\/v2\/pages\/198\/revisions"}],"predecessor-version":[{"id":517,"href":"http:\/\/disseny-test.uoc.edu\/recursos\/dd\/wp-json\/wp\/v2\/pages\/198\/revisions\/517"}],"wp:attachment":[{"href":"http:\/\/disseny-test.uoc.edu\/recursos\/dd\/wp-json\/wp\/v2\/media?parent=198"}],"curies":[{"name":"wp","href":"https:\/\/api.w.org\/{rel}","templated":true}]}}