{"id":259,"date":"2016-09-19T14:57:51","date_gmt":"2016-09-19T14:57:51","guid":{"rendered":"http:\/\/disseny-test.uoc.edu\/recursos\/dd\/?page_id=259"},"modified":"2016-09-27T10:47:22","modified_gmt":"2016-09-27T10:47:22","slug":"4-pensamiento-y-visualidad-2","status":"publish","type":"page","link":"http:\/\/disseny-test.uoc.edu\/recursos\/dd\/4-pensamiento-y-visualidad-2\/","title":{"rendered":"4. Pensamiento y visualidad"},"content":{"rendered":"<p><\/p>\n<h3><strong>4.2. Dibujar con los cinco sentidos<\/strong><\/h3>\n<p>Extender\u00e9 una cita mencionada anteriormente, cuando Nicolaides dice: \u00abAprender a dibujar es en realidad cuesti\u00f3n de aprender a mirar \u2013a mirar correctamente\u00bb, y despu\u00e9s puntualiza:<\/p>\n<div class=\"cita\">\n<p>\u00abEso significa mucho m\u00e1s que mirar con los ojos. El tipo de mirada al que me refiero es una suerte de observaci\u00f3n que utiliza al un\u00edsono tantos sentidos a trav\u00e9s del ojo como sea posible.\u00bb<br \/>\n(Nicolaides, 1941\/1990, p\u00e1g. 5)<\/p>\n<\/div>\n<p>De hecho, toda la aproximaci\u00f3n de Nicolaides al dibujo pretend\u00eda acercar los otros cuatro sentidos al sentido de la vista. Pues, para este autor, en lugar de ver <em>con<\/em> los ojos vemos <em>a trav\u00e9s<\/em> de ellos y enfatiza que no debemos confiar solo en los ojos porque muchas veces la vista enga\u00f1a. Nicolaides insist\u00eda en dibujar utilizando tanta experiencia acumulada como fuera posible, comparando todo lo que uno ve con los otros cuatro sentidos (o\u00eddo, gusto, olfato y tacto) y tambi\u00e9n con la experiencia acumulada a trav\u00e9s de ellos. Seg\u00fan \u00e9l, utilizando esta experiencia \u00abmultisensorial\u00bb, uno es capaz de dibujar con lo que <em>sabe<\/em> (Nicolaides, 1941\/1990, p\u00e1g. 6).<\/p>","protected":false},"excerpt":{"rendered":"<p>4.2. Dibujar con los cinco sentidos Extender\u00e9 una cita mencionada anteriormente, cuando Nicolaides dice: \u00abAprender a dibujar es en realidad cuesti\u00f3n de aprender a mirar \u2013a mirar correctamente\u00bb, y despu\u00e9s puntualiza: \u00abEso significa mucho m\u00e1s que mirar con los ojos. El tipo de mirada al que me refiero es una suerte de observaci\u00f3n que utiliza [&hellip;]<\/p>\n","protected":false},"author":1,"featured_media":0,"parent":0,"menu_order":0,"comment_status":"closed","ping_status":"closed","template":"","meta":[],"acf":[],"_links":{"self":[{"href":"http:\/\/disseny-test.uoc.edu\/recursos\/dd\/wp-json\/wp\/v2\/pages\/259"}],"collection":[{"href":"http:\/\/disseny-test.uoc.edu\/recursos\/dd\/wp-json\/wp\/v2\/pages"}],"about":[{"href":"http:\/\/disseny-test.uoc.edu\/recursos\/dd\/wp-json\/wp\/v2\/types\/page"}],"author":[{"embeddable":true,"href":"http:\/\/disseny-test.uoc.edu\/recursos\/dd\/wp-json\/wp\/v2\/users\/1"}],"replies":[{"embeddable":true,"href":"http:\/\/disseny-test.uoc.edu\/recursos\/dd\/wp-json\/wp\/v2\/comments?post=259"}],"version-history":[{"count":5,"href":"http:\/\/disseny-test.uoc.edu\/recursos\/dd\/wp-json\/wp\/v2\/pages\/259\/revisions"}],"predecessor-version":[{"id":519,"href":"http:\/\/disseny-test.uoc.edu\/recursos\/dd\/wp-json\/wp\/v2\/pages\/259\/revisions\/519"}],"wp:attachment":[{"href":"http:\/\/disseny-test.uoc.edu\/recursos\/dd\/wp-json\/wp\/v2\/media?parent=259"}],"curies":[{"name":"wp","href":"https:\/\/api.w.org\/{rel}","templated":true}]}}