{"id":272,"date":"2016-09-19T15:50:29","date_gmt":"2016-09-19T15:50:29","guid":{"rendered":"http:\/\/disseny-test.uoc.edu\/recursos\/dd\/?page_id=272"},"modified":"2016-09-29T10:32:36","modified_gmt":"2016-09-29T10:32:36","slug":"4-pensamiento-y-visualidad-4-2","status":"publish","type":"page","link":"http:\/\/disseny-test.uoc.edu\/recursos\/dd\/4-pensamiento-y-visualidad-4-2\/","title":{"rendered":"4. Pensamiento y visualidad"},"content":{"rendered":"<p><\/p>\n<h3><strong>4.4.<\/strong> <strong>Pensar visualmente<\/strong><\/h3>\n<h3><strong>4.4.2. Relator\u00edas gr\u00e1ficas<\/strong><\/h3>\n<p>Las relator\u00edas gr\u00e1ficas (en ingl\u00e9s, <em>graphic recording<\/em> o <em>graphic facilitation<\/em>) son registros de actividades como encuentros, conferencias, seminarios, congresos, etc. en las que una persona \u2013normalmente llamada <em>graphic recorder<\/em>\u2013 registra el evento usando un sistema que combina las palabras y conceptos con las im\u00e1genes.<\/p>\n<p>El <em>graphic recorder<\/em> registra los mensajes m\u00e1s importantes de los asistentes, los conferenciantes, etc. para as\u00ed facilitar, gr\u00e1ficamente, la comprensi\u00f3n y s\u00edntesis de las ideas clave. Hay diversas formas de abordar esta pr\u00e1ctica: algunas veces se opta por el gran formato expuesto en p\u00fablico, otras por el trabajo en una libreta y una posterior edici\u00f3n y distribuci\u00f3n. Asimismo, cada relator gr\u00e1fico usa su propio m\u00e9todo y recursos gr\u00e1ficos; los m\u00e1s comunes son:<\/p>\n<ul>\n<li>Retratos m\u00e1s o menos realistas de los asistentes<\/li>\n<li>Textos destacados<\/li>\n<li>Uso de bocadillos y otros elementos propios del c\u00f3mic<\/li>\n<li>Uso de pictogramas y\/o esquemas conceptuales<\/li>\n<\/ul>\n<p>&nbsp;<\/p>\n<div id=\"attachment_207\" style=\"width: 910px\" class=\"wp-caption alignnone\"><img aria-describedby=\"caption-attachment-207\" loading=\"lazy\" class=\"size-full wp-image-207 img-responsive\" src=\"http:\/\/disseny-test.uoc.edu\/recursos\/dd\/wp-content\/uploads\/sites\/17\/2016\/09\/20023_m4_17.png\" alt=\"Figura 17. Relator\u00eda gr\u00e1fica de una conferencia de Chang Kim Sik (2016).\" width=\"900\" height=\"371\" srcset=\"http:\/\/disseny-test.uoc.edu\/recursos\/dd\/wp-content\/uploads\/sites\/17\/2016\/09\/20023_m4_17.png 900w, http:\/\/disseny-test.uoc.edu\/recursos\/dd\/wp-content\/uploads\/sites\/17\/2016\/09\/20023_m4_17-300x124.png 300w, http:\/\/disseny-test.uoc.edu\/recursos\/dd\/wp-content\/uploads\/sites\/17\/2016\/09\/20023_m4_17-768x317.png 768w\" sizes=\"(max-width: 900px) 100vw, 900px\" \/><p id=\"caption-attachment-207\" class=\"wp-caption-text\">Figura 17. Relator\u00eda gr\u00e1fica de una conferencia de Chang Kim Sik (2016).<\/p><\/div>\n<p>Lo que caracteriza esta pr\u00e1ctica es el uso del pensamiento visual. Rudolf Arheim es uno de los primeros que habla de pensamiento visual o v<em>isual thinking <\/em>d\u00e1ndole valor y reivindicando la percepci\u00f3n visual como una actividad cognitiva (Arheim, 1969\/1986). Por otro lado, y desde una perspectiva mucho m\u00e1s pragm\u00e1tica y aplicada, Dan Roam, en su libro <em>Tu mundo en una servilleta<\/em>, plantea un proceso que incluye cuatro pasos: mirar, ver, imaginar y, finalmente, mostrar (Roam, 2009\/2010). En sus publicaciones\u00a0 sugiere trucos que sistematizan el uso del pensamiento visual, consider\u00e1ndolo una herramienta pr\u00e1ctica para resolver problemas.<\/p>\n<p>En este enlace encontrar\u00e9is m\u00e1s informaci\u00f3n sobre pensamiento visual y relator\u00eda gr\u00e1fica: <a href=\"http:\/\/catedratelefonica.uoc.edu\/taller-dibujo-pensamiento-visual\/\" target=\"_blank\">http:\/\/catedratelefonica.uoc.edu\/taller-dibujo-pensamiento-visual\/<\/a><\/p>\n<p>&nbsp;<\/p>","protected":false},"excerpt":{"rendered":"<p>4.4. Pensar visualmente 4.4.2. Relator\u00edas gr\u00e1ficas Las relator\u00edas gr\u00e1ficas (en ingl\u00e9s, graphic recording o graphic facilitation) son registros de actividades como encuentros, conferencias, seminarios, congresos, etc. en las que una persona \u2013normalmente llamada graphic recorder\u2013 registra el evento usando un sistema que combina las palabras y conceptos con las im\u00e1genes. El graphic recorder registra los [&hellip;]<\/p>\n","protected":false},"author":1,"featured_media":0,"parent":0,"menu_order":0,"comment_status":"closed","ping_status":"closed","template":"","meta":[],"acf":[],"_links":{"self":[{"href":"http:\/\/disseny-test.uoc.edu\/recursos\/dd\/wp-json\/wp\/v2\/pages\/272"}],"collection":[{"href":"http:\/\/disseny-test.uoc.edu\/recursos\/dd\/wp-json\/wp\/v2\/pages"}],"about":[{"href":"http:\/\/disseny-test.uoc.edu\/recursos\/dd\/wp-json\/wp\/v2\/types\/page"}],"author":[{"embeddable":true,"href":"http:\/\/disseny-test.uoc.edu\/recursos\/dd\/wp-json\/wp\/v2\/users\/1"}],"replies":[{"embeddable":true,"href":"http:\/\/disseny-test.uoc.edu\/recursos\/dd\/wp-json\/wp\/v2\/comments?post=272"}],"version-history":[{"count":8,"href":"http:\/\/disseny-test.uoc.edu\/recursos\/dd\/wp-json\/wp\/v2\/pages\/272\/revisions"}],"predecessor-version":[{"id":577,"href":"http:\/\/disseny-test.uoc.edu\/recursos\/dd\/wp-json\/wp\/v2\/pages\/272\/revisions\/577"}],"wp:attachment":[{"href":"http:\/\/disseny-test.uoc.edu\/recursos\/dd\/wp-json\/wp\/v2\/media?parent=272"}],"curies":[{"name":"wp","href":"https:\/\/api.w.org\/{rel}","templated":true}]}}