{"id":117,"date":"2017-06-21T08:17:51","date_gmt":"2017-06-21T08:17:51","guid":{"rendered":"http:\/\/disseny-test.uoc.edu\/recursos\/dis-marca\/?page_id=117"},"modified":"2017-07-11T12:45:26","modified_gmt":"2017-07-11T12:45:26","slug":"1-introduccion-al-proceso-de-diseno-editorial-11","status":"publish","type":"page","link":"http:\/\/disseny-test.uoc.edu\/recursos\/dis-marca\/ca\/1-introduccion-al-proceso-de-diseno-editorial-11\/","title":{"rendered":"1. Introducci\u00f3 al proc\u00e9s de disseny editorial"},"content":{"rendered":"<p><\/p>\n<h3>1.6. Tests i estudis de mercat<\/h3>\n<p>S\u00f3n els estudis que es fan amb grups d\u2019opini\u00f3 sobre el n\u00famero zero que l\u2019editorial pret\u00e9n llan\u00e7ar. Hi ha empreses especialitzades a fer aquesta feina. La seva funci\u00f3 \u00e9s recollir com m\u00e9s dades millor per a poder valorar en quina mesura el producte editorial funcionar\u00e0 en el mercat. La metodologia de treball sol variar en funci\u00f3 de cada empresa, encara que, a grans trets, el que es fa \u00e9s triar diferents grups de persones que siguin audi\u00e8ncia potencial del producte (i altres que no) i s\u2019estudia les seves diverses reaccions davant el prototip. La recollida d\u2019informaci\u00f3 es duu a terme en reunions on els subjectes, amb l\u2019ajuda d\u2019una guia especialitzada, revisen i comenten la revista. Generalment, s\u2019acompanya d\u2019altres revistes similars, o que seran compet\u00e8ncia en el mercat, i s\u2019estudien totes les seves reaccions.<\/p>\n<p>Normalment, editors i dissenyadors poden observar el grup amagats darrere d\u2019un vidre. Presenciar algunes d\u2019aquestes reunions pot resultar molt interessant per a un dissenyador, perqu\u00e8 pot comprovar directament fins a quin punt el seu disseny transmet el que ell pretenia o no. Aquests estudis s\u00f3n perfectes per a testar diferents tipus de contingut, per a valorar si una cap\u00e7alera t\u00e9 l\u2019impacte que es vol o per a comprovar si el disseny comunica el que es pret\u00e9n.<\/p>\n<p>Aquests treballs han de ser efectuats per professionals que, despr\u00e9s d\u2019haver estudiat una s\u00e8rie de mostres significatives, estan preparats per a emetre un estudi complet amb una valoraci\u00f3 sobre si el producte necessita canviar alguna cosa o de si t\u00e9 futur en el mercat, aportant un plus d\u2019informaci\u00f3 a l\u2019editor.<\/p>","protected":false},"excerpt":{"rendered":"<p>1.6. Tests i estudis de mercat S\u00f3n els estudis que es fan amb grups d\u2019opini\u00f3 sobre el n\u00famero zero que l\u2019editorial pret\u00e9n llan\u00e7ar. Hi ha empreses especialitzades a fer aquesta feina. La seva funci\u00f3 \u00e9s recollir com m\u00e9s dades millor per a poder valorar en quina mesura el producte editorial funcionar\u00e0 en el mercat. La [&hellip;]<\/p>\n","protected":false},"author":1,"featured_media":0,"parent":0,"menu_order":0,"comment_status":"closed","ping_status":"closed","template":"","meta":[],"acf":[],"_links":{"self":[{"href":"http:\/\/disseny-test.uoc.edu\/recursos\/dis-marca\/ca\/wp-json\/wp\/v2\/pages\/117"}],"collection":[{"href":"http:\/\/disseny-test.uoc.edu\/recursos\/dis-marca\/ca\/wp-json\/wp\/v2\/pages"}],"about":[{"href":"http:\/\/disseny-test.uoc.edu\/recursos\/dis-marca\/ca\/wp-json\/wp\/v2\/types\/page"}],"author":[{"embeddable":true,"href":"http:\/\/disseny-test.uoc.edu\/recursos\/dis-marca\/ca\/wp-json\/wp\/v2\/users\/1"}],"replies":[{"embeddable":true,"href":"http:\/\/disseny-test.uoc.edu\/recursos\/dis-marca\/ca\/wp-json\/wp\/v2\/comments?post=117"}],"version-history":[{"count":4,"href":"http:\/\/disseny-test.uoc.edu\/recursos\/dis-marca\/ca\/wp-json\/wp\/v2\/pages\/117\/revisions"}],"predecessor-version":[{"id":631,"href":"http:\/\/disseny-test.uoc.edu\/recursos\/dis-marca\/ca\/wp-json\/wp\/v2\/pages\/117\/revisions\/631"}],"wp:attachment":[{"href":"http:\/\/disseny-test.uoc.edu\/recursos\/dis-marca\/ca\/wp-json\/wp\/v2\/media?parent=117"}],"curies":[{"name":"wp","href":"https:\/\/api.w.org\/{rel}","templated":true}]}}