{"id":256,"date":"2017-06-21T10:46:27","date_gmt":"2017-06-21T10:46:27","guid":{"rendered":"http:\/\/disseny-test.uoc.edu\/recursos\/dis-marca\/?page_id=256"},"modified":"2017-06-29T08:26:39","modified_gmt":"2017-06-29T08:26:39","slug":"3-fotografias-e-imagenes-3","status":"publish","type":"page","link":"http:\/\/disseny-test.uoc.edu\/recursos\/dis-marca\/ca\/3-fotografias-e-imagenes-3\/","title":{"rendered":"3. Fotografies i imatges"},"content":{"rendered":"<p><\/p>\n<h3>3.2. Especificacions t\u00e8cniques de les imatges per a imprimir<\/h3>\n<h3>3.2.1. Formats d\u2019imatges habituals<\/h3>\n<p>Actualment els programes de disseny admeten una gran quantitat de formats, per\u00f2 s\u2019acostuma a treballar principalment amb quatre:<\/p>\n<ol>\n<li><strong>JPEG (<em>joint photographic expert group<\/em>)<\/strong>: \u00e9s el format m\u00e9s habitual perqu\u00e8 \u00e9s el m\u00e9s f\u00e0cil de transmetre, ja que comprimeix la informaci\u00f3 i pesa menys. S\u2019ha de tenir en compte que aquesta compressi\u00f3 fa que les imatges perdin, lleument, una mica de qualitat.<\/li>\n<li><strong>TIFF (<em>tagged image file format<\/em>)<\/strong>: \u00e9s un format que assegura m\u00e9s qualitat que el JPEG, ja que la compressi\u00f3 \u00e9s menor (tret que s\u2019especifiqui el contrari). La mida dels fitxers \u00e9s bastant m\u00e9s gran, per\u00f2 admet tra\u00e7ats, capes i siluetes, la qual cosa facilita molt el treball en la composici\u00f3.<\/li>\n<li><strong>PSD<\/strong>: \u00e9s el format natural de Photoshop Adobe, permet l\u2019\u00fas directe de capes i no comprimeix la imatge.<\/li>\n<li><strong>RAW<\/strong>: \u00e9s el format en brut directament de la c\u00e0mera fotogr\u00e0fica. Cont\u00e9 la totalitat de les dades de la imatge tal com ha estat captada. Aquest format permet f\u00e0cilment la manipulaci\u00f3 de les imatges per part dels retocadors per a aconseguir una imatge de sortida de qualitat. Aquest format no \u00e9s compatible directament amb els programes de disseny, sin\u00f3 que requereix que la imatge sigui pr\u00e8viament \u00abrevelada\u00bb i exportada a algun dels formats anteriors, preferiblement a PSD o TIFF, per a no perdre informaci\u00f3.<\/li>\n<\/ol>\n<p><\/p>","protected":false},"excerpt":{"rendered":"<p>3.2. Especificacions t\u00e8cniques de les imatges per a imprimir 3.2.1. Formats d\u2019imatges habituals Actualment els programes de disseny admeten una gran quantitat de formats, per\u00f2 s\u2019acostuma a treballar principalment amb quatre: JPEG (joint photographic expert group): \u00e9s el format m\u00e9s habitual perqu\u00e8 \u00e9s el m\u00e9s f\u00e0cil de transmetre, ja que comprimeix la informaci\u00f3 i pesa [&hellip;]<\/p>\n","protected":false},"author":1,"featured_media":0,"parent":0,"menu_order":0,"comment_status":"closed","ping_status":"closed","template":"","meta":[],"acf":[],"_links":{"self":[{"href":"http:\/\/disseny-test.uoc.edu\/recursos\/dis-marca\/ca\/wp-json\/wp\/v2\/pages\/256"}],"collection":[{"href":"http:\/\/disseny-test.uoc.edu\/recursos\/dis-marca\/ca\/wp-json\/wp\/v2\/pages"}],"about":[{"href":"http:\/\/disseny-test.uoc.edu\/recursos\/dis-marca\/ca\/wp-json\/wp\/v2\/types\/page"}],"author":[{"embeddable":true,"href":"http:\/\/disseny-test.uoc.edu\/recursos\/dis-marca\/ca\/wp-json\/wp\/v2\/users\/1"}],"replies":[{"embeddable":true,"href":"http:\/\/disseny-test.uoc.edu\/recursos\/dis-marca\/ca\/wp-json\/wp\/v2\/comments?post=256"}],"version-history":[{"count":3,"href":"http:\/\/disseny-test.uoc.edu\/recursos\/dis-marca\/ca\/wp-json\/wp\/v2\/pages\/256\/revisions"}],"predecessor-version":[{"id":562,"href":"http:\/\/disseny-test.uoc.edu\/recursos\/dis-marca\/ca\/wp-json\/wp\/v2\/pages\/256\/revisions\/562"}],"wp:attachment":[{"href":"http:\/\/disseny-test.uoc.edu\/recursos\/dis-marca\/ca\/wp-json\/wp\/v2\/media?parent=256"}],"curies":[{"name":"wp","href":"https:\/\/api.w.org\/{rel}","templated":true}]}}