{"id":260,"date":"2017-06-21T10:49:11","date_gmt":"2017-06-21T10:49:11","guid":{"rendered":"http:\/\/disseny-test.uoc.edu\/recursos\/dis-marca\/?page_id=260"},"modified":"2017-06-29T08:28:12","modified_gmt":"2017-06-29T08:28:12","slug":"3-fotografias-e-imagenes-4","status":"publish","type":"page","link":"http:\/\/disseny-test.uoc.edu\/recursos\/dis-marca\/ca\/3-fotografias-e-imagenes-4\/","title":{"rendered":"3. Fotografies i imatges"},"content":{"rendered":"<p><\/p>\n<h3>3.2. Especificacions t\u00e8cniques de les imatges per a imprimir<\/h3>\n<h3>3.2.2. Resoluci\u00f3<\/h3>\n<p>La imatge digital est\u00e0 composta per p\u00edxels, que s\u00f3n una s\u00e8rie d\u2019unitats de color. Com m\u00e9s petits siguin aquests p\u00edxels, m\u00e9s bona ser\u00e0 la visualitzaci\u00f3 de la imatge, i al contrari, com menys p\u00edxels hi hagi i m\u00e9s grans siguin, pitjor ser\u00e0 la definici\u00f3 de la imatge. Una imatge no necessita la mateixa resoluci\u00f3 per a ser vista correctament en pantalla que impresa en paper. Quan parlem d\u2019un disseny digital que est\u00e0 pensat per a ser vist en pantalla, la resoluci\u00f3 de la imatge ha d\u2019estar a 72 p\u00edxels per polzada. No obstant aix\u00f2, quan el nostre disseny estigui destinat a ser impr\u00e8s, hem de tenir en compte que cada imatge necessita un m\u00ednim de 250 o 300 p\u00edxels per polzada. Tot el que sigui inferior a aix\u00f2 far\u00e0 que les nostres imatges no quedin ben impreses.<\/p>\n<p><div id=\"attachment_263\" style=\"width: 460px\" class=\"wp-caption alignnone\"><img aria-describedby=\"caption-attachment-263\" loading=\"lazy\" class=\"img-responsive wp-image-263 size-full\" src=\"http:\/\/disseny-test.uoc.edu\/recursos\/dis-marca\/wp-content\/uploads\/sites\/22\/2017\/06\/20118_a3_012.jpg\" alt=\"\" width=\"450\" height=\"547\" srcset=\"http:\/\/disseny-test.uoc.edu\/recursos\/dis-marca\/wp-content\/uploads\/sites\/22\/2017\/06\/20118_a3_012.jpg 450w, http:\/\/disseny-test.uoc.edu\/recursos\/dis-marca\/wp-content\/uploads\/sites\/22\/2017\/06\/20118_a3_012-247x300.jpg 247w\" sizes=\"(max-width: 450px) 100vw, 450px\" \/><p id=\"caption-attachment-263\" class=\"wp-caption-text\"><span lang=\"CA\" style=\"color: windowtext;\">Si una imatge no t\u00e9 prou resoluci\u00f3, els resultats poden ser desastrosos.<\/span><\/p><\/div><\/p>","protected":false},"excerpt":{"rendered":"<p>3.2. Especificacions t\u00e8cniques de les imatges per a imprimir 3.2.2. Resoluci\u00f3 La imatge digital est\u00e0 composta per p\u00edxels, que s\u00f3n una s\u00e8rie d\u2019unitats de color. Com m\u00e9s petits siguin aquests p\u00edxels, m\u00e9s bona ser\u00e0 la visualitzaci\u00f3 de la imatge, i al contrari, com menys p\u00edxels hi hagi i m\u00e9s grans siguin, pitjor ser\u00e0 la definici\u00f3 [&hellip;]<\/p>\n","protected":false},"author":1,"featured_media":0,"parent":0,"menu_order":0,"comment_status":"closed","ping_status":"closed","template":"","meta":[],"acf":[],"_links":{"self":[{"href":"http:\/\/disseny-test.uoc.edu\/recursos\/dis-marca\/ca\/wp-json\/wp\/v2\/pages\/260"}],"collection":[{"href":"http:\/\/disseny-test.uoc.edu\/recursos\/dis-marca\/ca\/wp-json\/wp\/v2\/pages"}],"about":[{"href":"http:\/\/disseny-test.uoc.edu\/recursos\/dis-marca\/ca\/wp-json\/wp\/v2\/types\/page"}],"author":[{"embeddable":true,"href":"http:\/\/disseny-test.uoc.edu\/recursos\/dis-marca\/ca\/wp-json\/wp\/v2\/users\/1"}],"replies":[{"embeddable":true,"href":"http:\/\/disseny-test.uoc.edu\/recursos\/dis-marca\/ca\/wp-json\/wp\/v2\/comments?post=260"}],"version-history":[{"count":3,"href":"http:\/\/disseny-test.uoc.edu\/recursos\/dis-marca\/ca\/wp-json\/wp\/v2\/pages\/260\/revisions"}],"predecessor-version":[{"id":563,"href":"http:\/\/disseny-test.uoc.edu\/recursos\/dis-marca\/ca\/wp-json\/wp\/v2\/pages\/260\/revisions\/563"}],"wp:attachment":[{"href":"http:\/\/disseny-test.uoc.edu\/recursos\/dis-marca\/ca\/wp-json\/wp\/v2\/media?parent=260"}],"curies":[{"name":"wp","href":"https:\/\/api.w.org\/{rel}","templated":true}]}}