{"id":265,"date":"2017-06-21T10:51:42","date_gmt":"2017-06-21T10:51:42","guid":{"rendered":"http:\/\/disseny-test.uoc.edu\/recursos\/dis-marca\/?page_id=265"},"modified":"2017-07-13T09:14:08","modified_gmt":"2017-07-13T09:14:08","slug":"3-fotografias-e-imagenes-5","status":"publish","type":"page","link":"http:\/\/disseny-test.uoc.edu\/recursos\/dis-marca\/ca\/3-fotografias-e-imagenes-5\/","title":{"rendered":"3. Fotografies i imatges"},"content":{"rendered":"<p><\/p>\n<h3>3.2. Especificacions t\u00e8cniques de les imatges per a imprimir<\/h3>\n<h3>3.2.3. Model de color<\/h3>\n<p>Les imatges preparades per a impressi\u00f3 sempre han d\u2019estar en CMYK.<\/p>\n<p>Aquest model de color \u00e9s subtractiu i permet representar una gamma de colors m\u00e9s \u00e0mplia que en altres formats. A m\u00e9s, la seva adaptaci\u00f3 als processos industrials d\u2019impressi\u00f3 \u00e9s bastant precisa. El que fa aquest model \u00e9s barrejar els quatre pigments b\u00e0sics (cian, magenta, groc i negre) per a crear la resta dels tons.<\/p>\n<p>Si les nostres imatges tenen com a objectiu un disseny digital per a ser visualitzat en pantalla, aquest model CMYK no \u00e9s v\u00e0lid. En aquest cas, les imatges hauran d\u2019estar en RGB, un model de color que consisteix en una mescla additiva de llum vermella, verda i blava (que sumen blanc). En convertir una imatge RGB a CMYK hem de tenir en compte que la visualitzaci\u00f3 dels colors canviar\u00e0.<\/p>\n<p>Les impremtes imprimeixen en CMYK. Per assegurar-nos que all\u00f2 que ha estat impr\u00e8s sigui exactament el que volem, hem de ser meticulosos i treballar amb les imatges en aquest format.<\/p>","protected":false},"excerpt":{"rendered":"<p>3.2. Especificacions t\u00e8cniques de les imatges per a imprimir 3.2.3. Model de color Les imatges preparades per a impressi\u00f3 sempre han d\u2019estar en CMYK. Aquest model de color \u00e9s subtractiu i permet representar una gamma de colors m\u00e9s \u00e0mplia que en altres formats. A m\u00e9s, la seva adaptaci\u00f3 als processos industrials d\u2019impressi\u00f3 \u00e9s bastant precisa. [&hellip;]<\/p>\n","protected":false},"author":1,"featured_media":0,"parent":0,"menu_order":0,"comment_status":"closed","ping_status":"closed","template":"","meta":[],"acf":[],"_links":{"self":[{"href":"http:\/\/disseny-test.uoc.edu\/recursos\/dis-marca\/ca\/wp-json\/wp\/v2\/pages\/265"}],"collection":[{"href":"http:\/\/disseny-test.uoc.edu\/recursos\/dis-marca\/ca\/wp-json\/wp\/v2\/pages"}],"about":[{"href":"http:\/\/disseny-test.uoc.edu\/recursos\/dis-marca\/ca\/wp-json\/wp\/v2\/types\/page"}],"author":[{"embeddable":true,"href":"http:\/\/disseny-test.uoc.edu\/recursos\/dis-marca\/ca\/wp-json\/wp\/v2\/users\/1"}],"replies":[{"embeddable":true,"href":"http:\/\/disseny-test.uoc.edu\/recursos\/dis-marca\/ca\/wp-json\/wp\/v2\/comments?post=265"}],"version-history":[{"count":5,"href":"http:\/\/disseny-test.uoc.edu\/recursos\/dis-marca\/ca\/wp-json\/wp\/v2\/pages\/265\/revisions"}],"predecessor-version":[{"id":680,"href":"http:\/\/disseny-test.uoc.edu\/recursos\/dis-marca\/ca\/wp-json\/wp\/v2\/pages\/265\/revisions\/680"}],"wp:attachment":[{"href":"http:\/\/disseny-test.uoc.edu\/recursos\/dis-marca\/ca\/wp-json\/wp\/v2\/media?parent=265"}],"curies":[{"name":"wp","href":"https:\/\/api.w.org\/{rel}","templated":true}]}}