{"id":273,"date":"2017-06-21T10:56:47","date_gmt":"2017-06-21T10:56:47","guid":{"rendered":"http:\/\/disseny-test.uoc.edu\/recursos\/dis-marca\/?page_id=273"},"modified":"2017-06-29T08:33:04","modified_gmt":"2017-06-29T08:33:04","slug":"3-fotografias-e-imagenes-7","status":"publish","type":"page","link":"http:\/\/disseny-test.uoc.edu\/recursos\/dis-marca\/ca\/3-fotografias-e-imagenes-7\/","title":{"rendered":"3. Fotografies i imatges"},"content":{"rendered":"<p><\/p>\n<h3>3.3. L\u2019origen de les imatges<\/h3>\n<h3>3.3.2. Ag\u00e8ncies de fotos<\/h3>\n<p>Hi ha un gran nombre d\u2019ag\u00e8ncies fotogr\u00e0fiques especialitzades a assortir imatges, tant nacionals com internacionals. Gaireb\u00e9 sempre s\u00f3n les intermedi\u00e0ries entre els fot\u00f2grafs i els editors. Normalment, les editorials disposen d\u2019acords econ\u00f2mics amb aquestes ag\u00e8ncies per a poder fer les baixades de les fotografies, o b\u00e9 s\u2019hi pacta el preu de cada imatge que es vulgui fer servir. Exemples d\u2019algunes ag\u00e8ncies amb les quals habitualment es treballa en el m\u00f3n editorial s\u00f3n:<\/p>\n<ul>\n<li>Getty: <a href=\"http:\/\/www.gettyimages.es\/\" target=\"_blank\" rel=\"noopener noreferrer\">http:\/\/www.gettyimages.es\/<\/a><\/li>\n<li>Cordon Press: <a href=\"http:\/\/www.cordonpress.com\/fotoweb\/\" target=\"_blank\" rel=\"noopener noreferrer\">http:\/\/www.cordonpress.com\/fotoweb\/<\/a><\/li>\n<li>Gtres: <a href=\"http:\/\/gtresonline.net\/\" target=\"_blank\" rel=\"noopener noreferrer\">http:\/\/gtresonline.net\/<\/a><\/li>\n<li>Shutterstock: <a href=\"https:\/\/www.shutterstock.com\/\" target=\"_blank\" rel=\"noopener noreferrer\">https:\/\/www.shutterstock.com\/<\/a><\/li>\n<li>Europapress: <a href=\"http:\/\/www.europapress.es\/\" target=\"_blank\" rel=\"noopener noreferrer\">http:\/\/www.europapress.es\/<\/a><\/li>\n<\/ul>\n<p><\/p>","protected":false},"excerpt":{"rendered":"<p>3.3. L\u2019origen de les imatges 3.3.2. Ag\u00e8ncies de fotos Hi ha un gran nombre d\u2019ag\u00e8ncies fotogr\u00e0fiques especialitzades a assortir imatges, tant nacionals com internacionals. Gaireb\u00e9 sempre s\u00f3n les intermedi\u00e0ries entre els fot\u00f2grafs i els editors. Normalment, les editorials disposen d\u2019acords econ\u00f2mics amb aquestes ag\u00e8ncies per a poder fer les baixades de les fotografies, o b\u00e9 [&hellip;]<\/p>\n","protected":false},"author":1,"featured_media":0,"parent":0,"menu_order":0,"comment_status":"closed","ping_status":"closed","template":"","meta":[],"acf":[],"_links":{"self":[{"href":"http:\/\/disseny-test.uoc.edu\/recursos\/dis-marca\/ca\/wp-json\/wp\/v2\/pages\/273"}],"collection":[{"href":"http:\/\/disseny-test.uoc.edu\/recursos\/dis-marca\/ca\/wp-json\/wp\/v2\/pages"}],"about":[{"href":"http:\/\/disseny-test.uoc.edu\/recursos\/dis-marca\/ca\/wp-json\/wp\/v2\/types\/page"}],"author":[{"embeddable":true,"href":"http:\/\/disseny-test.uoc.edu\/recursos\/dis-marca\/ca\/wp-json\/wp\/v2\/users\/1"}],"replies":[{"embeddable":true,"href":"http:\/\/disseny-test.uoc.edu\/recursos\/dis-marca\/ca\/wp-json\/wp\/v2\/comments?post=273"}],"version-history":[{"count":3,"href":"http:\/\/disseny-test.uoc.edu\/recursos\/dis-marca\/ca\/wp-json\/wp\/v2\/pages\/273\/revisions"}],"predecessor-version":[{"id":566,"href":"http:\/\/disseny-test.uoc.edu\/recursos\/dis-marca\/ca\/wp-json\/wp\/v2\/pages\/273\/revisions\/566"}],"wp:attachment":[{"href":"http:\/\/disseny-test.uoc.edu\/recursos\/dis-marca\/ca\/wp-json\/wp\/v2\/media?parent=273"}],"curies":[{"name":"wp","href":"https:\/\/api.w.org\/{rel}","templated":true}]}}