{"id":277,"date":"2017-06-21T11:00:26","date_gmt":"2017-06-21T11:00:26","guid":{"rendered":"http:\/\/disseny-test.uoc.edu\/recursos\/dis-marca\/?page_id=277"},"modified":"2017-07-12T13:07:18","modified_gmt":"2017-07-12T13:07:18","slug":"3-fotografias-e-imagenes-8","status":"publish","type":"page","link":"http:\/\/disseny-test.uoc.edu\/recursos\/dis-marca\/ca\/3-fotografias-e-imagenes-8\/","title":{"rendered":"3. Fotografies i imatges"},"content":{"rendered":"<p><\/p>\n<h3>3.3. L\u2019origen de les imatges<\/h3>\n<h3>3.3.3. Bancs d\u2019imatges gratu\u00efts<\/h3>\n<p>Actualment hi ha nombroses plataformes d\u2019imatges d\u2019\u00fas gratu\u00eft o amb llic\u00e8ncia <em>Creative Commons<\/em> que ens permeten baixar imatges que s\u00f3n d\u2019\u00fas lliure. Alguns exemples s\u00f3n:<\/p>\n<ul>\n<li>Flickr amb llic\u00e8ncia de<em> Creative Commons<\/em><\/li>\n<li><a href=\"http:\/\/www.bluevertigo.com.ar\/\" target=\"_blank\" rel=\"noopener noreferrer\">http:\/\/www.bluevertigo.com.ar\/<\/a><\/li>\n<li><a href=\"http:\/\/www.sxc.hu\" target=\"_blank\" rel=\"noopener noreferrer\">www.sxc.hu<\/a><\/li>\n<li><a href=\"http:\/\/www.lalogotheque.com\" target=\"_blank\" rel=\"noopener noreferrer\">www.lalogotheque.com<\/a><\/li>\n<li><a href=\"http:\/\/commons.wikimedia.org\" target=\"_blank\" rel=\"noopener noreferrer\">http:\/\/commons.wikimedia.org<\/a><\/li>\n<\/ul>\n<p><\/p>","protected":false},"excerpt":{"rendered":"<p>3.3. L\u2019origen de les imatges 3.3.3. Bancs d\u2019imatges gratu\u00efts Actualment hi ha nombroses plataformes d\u2019imatges d\u2019\u00fas gratu\u00eft o amb llic\u00e8ncia Creative Commons que ens permeten baixar imatges que s\u00f3n d\u2019\u00fas lliure. Alguns exemples s\u00f3n: Flickr amb llic\u00e8ncia de Creative Commons http:\/\/www.bluevertigo.com.ar\/ www.sxc.hu www.lalogotheque.com http:\/\/commons.wikimedia.org<\/p>\n","protected":false},"author":1,"featured_media":0,"parent":0,"menu_order":0,"comment_status":"closed","ping_status":"closed","template":"","meta":[],"acf":[],"_links":{"self":[{"href":"http:\/\/disseny-test.uoc.edu\/recursos\/dis-marca\/ca\/wp-json\/wp\/v2\/pages\/277"}],"collection":[{"href":"http:\/\/disseny-test.uoc.edu\/recursos\/dis-marca\/ca\/wp-json\/wp\/v2\/pages"}],"about":[{"href":"http:\/\/disseny-test.uoc.edu\/recursos\/dis-marca\/ca\/wp-json\/wp\/v2\/types\/page"}],"author":[{"embeddable":true,"href":"http:\/\/disseny-test.uoc.edu\/recursos\/dis-marca\/ca\/wp-json\/wp\/v2\/users\/1"}],"replies":[{"embeddable":true,"href":"http:\/\/disseny-test.uoc.edu\/recursos\/dis-marca\/ca\/wp-json\/wp\/v2\/comments?post=277"}],"version-history":[{"count":8,"href":"http:\/\/disseny-test.uoc.edu\/recursos\/dis-marca\/ca\/wp-json\/wp\/v2\/pages\/277\/revisions"}],"predecessor-version":[{"id":645,"href":"http:\/\/disseny-test.uoc.edu\/recursos\/dis-marca\/ca\/wp-json\/wp\/v2\/pages\/277\/revisions\/645"}],"wp:attachment":[{"href":"http:\/\/disseny-test.uoc.edu\/recursos\/dis-marca\/ca\/wp-json\/wp\/v2\/media?parent=277"}],"curies":[{"name":"wp","href":"https:\/\/api.w.org\/{rel}","templated":true}]}}