{"id":399,"date":"2017-06-21T13:41:17","date_gmt":"2017-06-21T13:41:17","guid":{"rendered":"http:\/\/disseny-test.uoc.edu\/recursos\/dis-marca\/?page_id=399"},"modified":"2017-07-13T11:43:42","modified_gmt":"2017-07-13T11:43:42","slug":"6-composicion-y-puesta-en-pagina-7","status":"publish","type":"page","link":"http:\/\/disseny-test.uoc.edu\/recursos\/dis-marca\/ca\/6-composicion-y-puesta-en-pagina-7\/","title":{"rendered":"6. Composici\u00f3 i posada en p\u00e0gina"},"content":{"rendered":"<p><\/p>\n<h3>6.4. Com es crea una jerarquia visual<\/h3>\n<h3>6.4.4. Equilibri<\/h3>\n<p>L\u2019ordre dels elements a la composici\u00f3 determinar\u00e0 la manera en qu\u00e8 es percebr\u00e0 l\u2019equilibri de les diferents parts.<\/p>\n<ol>\n<li><strong>Equilibri sim\u00e8tric o formal<\/strong>: tots els elements es distribueixen sim\u00e8tricament respecte a un eix en la composici\u00f3. S\u2019utilitza en dissenys que busquen ser cl\u00e0ssics i conservadors. Aquest tipus de balan\u00e7 dispositiu limita bastant la col\u00b7locaci\u00f3 de textos, imatges i recursos, encara que aix\u00f2 pot ser compensat amb un \u00fas creatiu i efectista de tipografies i colors.<\/li>\n<\/ol>\n<div id=\"attachment_402\" style=\"width: 447px\" class=\"wp-caption alignnone\"><img aria-describedby=\"caption-attachment-402\" loading=\"lazy\" class=\"img-responsive wp-image-402 size-full\" src=\"http:\/\/disseny-test.uoc.edu\/recursos\/dis-marca\/wp-content\/uploads\/sites\/22\/2017\/06\/20118_a6_012.jpg\" alt=\"\" width=\"437\" height=\"640\" srcset=\"http:\/\/disseny-test.uoc.edu\/recursos\/dis-marca\/wp-content\/uploads\/sites\/22\/2017\/06\/20118_a6_012.jpg 437w, http:\/\/disseny-test.uoc.edu\/recursos\/dis-marca\/wp-content\/uploads\/sites\/22\/2017\/06\/20118_a6_012-205x300.jpg 205w\" sizes=\"(max-width: 437px) 100vw, 437px\" \/><p id=\"caption-attachment-402\" class=\"wp-caption-text\"><span lang=\"CA\">Simetries i similituds<\/span><\/p><\/div>\n<ol start=\"2\">\n<li><strong>Equilibri asim\u00e8tric o informal<\/strong>: aquest balan\u00e7 incrementa les maneres de col\u00b7locaci\u00f3 dels diferents elements, ja que es trenca l\u2019eix i es modifica la disposici\u00f3 dels elements en la maqueta, que ja no han d\u2019estar centrats. El disseny es torna m\u00e9s flexible, es poden fer servir diferents grand\u00e0ries, formes, colors, etc. i aconseguir un disseny m\u00e9s informal i relaxat. L\u2019interessant d\u2019aquest tipus de balan\u00e7 \u00e9s que el dissenyador pot guiar l\u2019observador i marcar el cam\u00ed de lectura que cal seguir.<\/li>\n<\/ol>\n<div class=\"definicio\">\n<p>Ajuda el lector a trobar amb facilitat els elements que s\u00f3n importants.<\/p>\n<\/div>\n<p><\/p>","protected":false},"excerpt":{"rendered":"<p>6.4. Com es crea una jerarquia visual 6.4.4. Equilibri L\u2019ordre dels elements a la composici\u00f3 determinar\u00e0 la manera en qu\u00e8 es percebr\u00e0 l\u2019equilibri de les diferents parts. Equilibri sim\u00e8tric o formal: tots els elements es distribueixen sim\u00e8tricament respecte a un eix en la composici\u00f3. S\u2019utilitza en dissenys que busquen ser cl\u00e0ssics i conservadors. Aquest tipus [&hellip;]<\/p>\n","protected":false},"author":1,"featured_media":0,"parent":0,"menu_order":0,"comment_status":"closed","ping_status":"closed","template":"","meta":[],"acf":[],"_links":{"self":[{"href":"http:\/\/disseny-test.uoc.edu\/recursos\/dis-marca\/ca\/wp-json\/wp\/v2\/pages\/399"}],"collection":[{"href":"http:\/\/disseny-test.uoc.edu\/recursos\/dis-marca\/ca\/wp-json\/wp\/v2\/pages"}],"about":[{"href":"http:\/\/disseny-test.uoc.edu\/recursos\/dis-marca\/ca\/wp-json\/wp\/v2\/types\/page"}],"author":[{"embeddable":true,"href":"http:\/\/disseny-test.uoc.edu\/recursos\/dis-marca\/ca\/wp-json\/wp\/v2\/users\/1"}],"replies":[{"embeddable":true,"href":"http:\/\/disseny-test.uoc.edu\/recursos\/dis-marca\/ca\/wp-json\/wp\/v2\/comments?post=399"}],"version-history":[{"count":8,"href":"http:\/\/disseny-test.uoc.edu\/recursos\/dis-marca\/ca\/wp-json\/wp\/v2\/pages\/399\/revisions"}],"predecessor-version":[{"id":735,"href":"http:\/\/disseny-test.uoc.edu\/recursos\/dis-marca\/ca\/wp-json\/wp\/v2\/pages\/399\/revisions\/735"}],"wp:attachment":[{"href":"http:\/\/disseny-test.uoc.edu\/recursos\/dis-marca\/ca\/wp-json\/wp\/v2\/media?parent=399"}],"curies":[{"name":"wp","href":"https:\/\/api.w.org\/{rel}","templated":true}]}}