{"id":48,"date":"2017-06-20T12:56:42","date_gmt":"2017-06-20T12:56:42","guid":{"rendered":"http:\/\/disseny-test.uoc.edu\/recursos\/dis-marca\/?page_id=48"},"modified":"2017-09-07T08:16:11","modified_gmt":"2017-09-07T08:16:11","slug":"1-introduccion-al-proceso-de-diseno-editorial-4","status":"publish","type":"page","link":"http:\/\/disseny-test.uoc.edu\/recursos\/dis-marca\/ca\/1-introduccion-al-proceso-de-diseno-editorial-4\/","title":{"rendered":"1. Introducci\u00f3 al proc\u00e9s de disseny editorial"},"content":{"rendered":"<p><\/p>\n<h3>1.2. Introducci\u00f3 als diversos formats<\/h3>\n<h3>1.2.3. Revistes<\/h3>\n<h4>1.2.3.1. Definici\u00f3<\/h4>\n<p>L\u2019IEC defineix <em>revista<\/em> com \u00abpublicaci\u00f3 peri\u00f2dica amb escrits sobre diferents mat\u00e8ries o sobre una especialitat\u00bb. En l\u2019\u00e0mbit editorial \u00e9s un dels productes m\u00e9s complets que hi ha.<\/p>\n<p>Cada revista sol tenir la seva pr\u00f2pia personalitat, a la qual ha de contribuir la imatge gr\u00e0fica que es construeixi i desenvolupi per a ella.<\/p>\n<h4>1.2.3.2. Estructura<\/h4>\n<p>A grans trets, totes les revistes acostumen a tenir punts comuns en la seva estructura.<\/p>\n<p>La portada \u00e9s el primer que el lector veu de la publicaci\u00f3, per la qual cosa ha de comunicar directament com \u00e9s el contingut. Aquest primer impacte que rep el lector \u00e9s fonamental i determina la seva intenci\u00f3 de compra. L\u2019objectiu principal d\u2019una revista \u00e9s vendre exemplars, per la qual cosa la portada ha de captar l\u2019atenci\u00f3 dels lectors de manera efectiva. El disseny ha de ser cuidat i vist\u00f3s i els continguts han de resultar interessants. Hi hem de trobar la marca pr\u00f2pia de la revista o cap\u00e7alera, que ha de ser recognoscible, n\u00famero rere n\u00famero. Aconseguir una imatge de marca definida nom\u00e9s es pot aconseguir amb la repetici\u00f3 d\u2019elements i recursos fins que s\u2019acabin convertint en quelcom identificatiu de la publicaci\u00f3. \u00c9s el que s\u2019anomena <em>branding<\/em>, imprescindible en la comercialitzaci\u00f3 del producte.<\/p>\n<div id=\"attachment_54\" style=\"width: 650px\" class=\"wp-caption alignnone\"><img aria-describedby=\"caption-attachment-54\" loading=\"lazy\" class=\"img-responsive wp-image-54 size-full\" src=\"http:\/\/disseny-test.uoc.edu\/recursos\/dis-marca\/wp-content\/uploads\/sites\/22\/2017\/06\/20118_a1_007.jpg\" alt=\"\" width=\"640\" height=\"308\" srcset=\"http:\/\/disseny-test.uoc.edu\/recursos\/dis-marca\/wp-content\/uploads\/sites\/22\/2017\/06\/20118_a1_007.jpg 640w, http:\/\/disseny-test.uoc.edu\/recursos\/dis-marca\/wp-content\/uploads\/sites\/22\/2017\/06\/20118_a1_007-300x144.jpg 300w\" sizes=\"(max-width: 640px) 100vw, 640px\" \/><p id=\"caption-attachment-54\" class=\"wp-caption-text\">Hi ha una s\u00e8rie d\u2019elements que s\u00f3n els que construeixen la personalitat del producte, que queda instaurada en el temps a partir de la repetici\u00f3. En la imatge veiem tres portades diferents de la revista <em>National Geographic<\/em>, en les quals el que m\u00e9s ressalta \u00e9s el marc groc que caracteritza la revista. Les dues primeres pertanyen a l\u2019edici\u00f3 espanyola de la revista, i l\u2019\u00faltima, a l\u2019edici\u00f3 americana, per\u00f2 es pot veure clarament que la identitat de marca es mant\u00e9 en totes.<\/p><\/div>\n<p><img loading=\"lazy\" class=\"alignnone size-full wp-image-937 img-responsive\" src=\"http:\/\/disseny-test.uoc.edu\/recursos\/dis-marca\/wp-content\/uploads\/sites\/22\/2017\/06\/vanity.jpg\" alt=\"\" width=\"2892\" height=\"840\" srcset=\"http:\/\/disseny-test.uoc.edu\/recursos\/dis-marca\/wp-content\/uploads\/sites\/22\/2017\/06\/vanity.jpg 2892w, http:\/\/disseny-test.uoc.edu\/recursos\/dis-marca\/wp-content\/uploads\/sites\/22\/2017\/06\/vanity-300x87.jpg 300w, http:\/\/disseny-test.uoc.edu\/recursos\/dis-marca\/wp-content\/uploads\/sites\/22\/2017\/06\/vanity-768x223.jpg 768w, http:\/\/disseny-test.uoc.edu\/recursos\/dis-marca\/wp-content\/uploads\/sites\/22\/2017\/06\/vanity-1024x297.jpg 1024w\" sizes=\"(max-width: 2892px) 100vw, 2892px\" \/><img loading=\"lazy\" class=\"alignnone size-full wp-image-936 img-responsive\" src=\"http:\/\/disseny-test.uoc.edu\/recursos\/dis-marca\/wp-content\/uploads\/sites\/22\/2017\/06\/mariclaire.jpg\" alt=\"\" width=\"3792\" height=\"1041\" srcset=\"http:\/\/disseny-test.uoc.edu\/recursos\/dis-marca\/wp-content\/uploads\/sites\/22\/2017\/06\/mariclaire.jpg 3792w, http:\/\/disseny-test.uoc.edu\/recursos\/dis-marca\/wp-content\/uploads\/sites\/22\/2017\/06\/mariclaire-300x82.jpg 300w, http:\/\/disseny-test.uoc.edu\/recursos\/dis-marca\/wp-content\/uploads\/sites\/22\/2017\/06\/mariclaire-768x211.jpg 768w, http:\/\/disseny-test.uoc.edu\/recursos\/dis-marca\/wp-content\/uploads\/sites\/22\/2017\/06\/mariclaire-1024x281.jpg 1024w\" sizes=\"(max-width: 3792px) 100vw, 3792px\" \/><\/p>\n<div id=\"attachment_938\" style=\"width: 2610px\" class=\"wp-caption alignnone\"><img aria-describedby=\"caption-attachment-938\" loading=\"lazy\" class=\"img-responsive wp-image-938 size-full\" src=\"http:\/\/disseny-test.uoc.edu\/recursos\/dis-marca\/wp-content\/uploads\/sites\/22\/2017\/06\/woman.jpg\" alt=\"\" width=\"2600\" height=\"1529\" srcset=\"http:\/\/disseny-test.uoc.edu\/recursos\/dis-marca\/wp-content\/uploads\/sites\/22\/2017\/06\/woman.jpg 2600w, http:\/\/disseny-test.uoc.edu\/recursos\/dis-marca\/wp-content\/uploads\/sites\/22\/2017\/06\/woman-300x176.jpg 300w, http:\/\/disseny-test.uoc.edu\/recursos\/dis-marca\/wp-content\/uploads\/sites\/22\/2017\/06\/woman-768x452.jpg 768w, http:\/\/disseny-test.uoc.edu\/recursos\/dis-marca\/wp-content\/uploads\/sites\/22\/2017\/06\/woman-1024x602.jpg 1024w\" sizes=\"(max-width: 2600px) 100vw, 2600px\" \/><p id=\"caption-attachment-938\" class=\"wp-caption-text\"><span lang=\"CA\" style=\"color: windowtext;\">\u00c9s un exercici imprescindible aprendre a observar les portades de les diferents publicacions i recon\u00e8ixer-hi els elements que els van atorgant la seva personalitat: la imatge de marca.<\/span><\/p><\/div>\n<p>Les \u00abtripes\u00bb de la revista solen estar dividides en grans blocs. Hi acostuma a haver grans reportatges, articles m\u00e9s petits i seccions fixes (l\u2019\u00edndex, consultoris, novetats, etc.). El disseny de la revista ha de ser un tot harm\u00f2nic, per\u00f2 cada bloc ha de tenir la seva petita distinci\u00f3 gr\u00e0fica.<\/p>\n<h4>1.2.3.3. Tipus de revistes<\/h4>\n<p>En l\u2019\u00e0mbit editorial, totes les revistes es poden englobar en quatre categories: revistes informatives, especialitzades, cient\u00edfiques i d\u2019entreteniment. Poden estar destinades a diferents p\u00fablics (adult, infantil, femen\u00ed, mascul\u00ed, etc.) per\u00f2, a grans trets, la seva tem\u00e0tica es pot categoritzar dins d\u2019un d\u2019aquests grups. Els recursos gr\u00e0fics utilitzats han d\u2019estar d\u2019acord amb el tipus de revista que estem fent i amb la manera com els continguts volen ser difosos.<\/p>\n<ol>\n<li>Revistes informatives. La seva funci\u00f3 \u00e9s informar o comunicar informaci\u00f3 d\u2019actualitat, normalment temes relacionats amb economia, pol\u00edtica, societat, etc. Es poden definir com la \u00abversi\u00f3 no di\u00e0ria dels diaris\u00bb.<\/li>\n<li>Revistes de divulgaci\u00f3 cient\u00edfica. El seu contingut s\u2019estructura entorn de la comunicaci\u00f3 d\u2019aven\u00e7os, descobriments o recerques dutes a terme en mat\u00e8ria de ci\u00e8ncia. Nom\u00e9s publiquen informacions contrastades, per la qual cosa tenen un alt grau de credibilitat.<\/li>\n<\/ol>\n<div id=\"attachment_56\" style=\"width: 650px\" class=\"wp-caption alignnone\"><img aria-describedby=\"caption-attachment-56\" loading=\"lazy\" class=\"img-responsive wp-image-56 size-full\" src=\"http:\/\/disseny-test.uoc.edu\/recursos\/dis-marca\/wp-content\/uploads\/sites\/22\/2017\/06\/20118_a1_009.jpg\" alt=\"\" width=\"640\" height=\"264\" srcset=\"http:\/\/disseny-test.uoc.edu\/recursos\/dis-marca\/wp-content\/uploads\/sites\/22\/2017\/06\/20118_a1_009.jpg 640w, http:\/\/disseny-test.uoc.edu\/recursos\/dis-marca\/wp-content\/uploads\/sites\/22\/2017\/06\/20118_a1_009-300x124.jpg 300w\" sizes=\"(max-width: 640px) 100vw, 640px\" \/><p id=\"caption-attachment-56\" class=\"wp-caption-text\"><span lang=\"CA\">Exemples de cap\u00e7aleres cient\u00edfiques de gran import\u00e0ncia a nivell mundial.<\/span><\/p><\/div>\n<ol start=\"3\">\n<li>Revistes especialitzades. S\u00f3n revistes que giren entorn d\u2019un tema en particular, de manera que acostumen a estar orientades a un p\u00fablic amb interessos en aquests sectors i, per tant, no solen ser massives.<\/li>\n<\/ol>\n<div id=\"attachment_57\" style=\"width: 650px\" class=\"wp-caption alignnone\"><img aria-describedby=\"caption-attachment-57\" loading=\"lazy\" class=\"img-responsive wp-image-57 size-full\" src=\"http:\/\/disseny-test.uoc.edu\/recursos\/dis-marca\/wp-content\/uploads\/sites\/22\/2017\/06\/20118_a1_010.jpg\" alt=\"\" width=\"640\" height=\"265\" srcset=\"http:\/\/disseny-test.uoc.edu\/recursos\/dis-marca\/wp-content\/uploads\/sites\/22\/2017\/06\/20118_a1_010.jpg 640w, http:\/\/disseny-test.uoc.edu\/recursos\/dis-marca\/wp-content\/uploads\/sites\/22\/2017\/06\/20118_a1_010-300x124.jpg 300w\" sizes=\"(max-width: 640px) 100vw, 640px\" \/><p id=\"caption-attachment-57\" class=\"wp-caption-text\"><span lang=\"CA\">Exemples de revistes especialitzades en diferents \u00e0rees.<\/span><\/p><\/div>\n<ol start=\"4\">\n<li>Revistes d\u2019oci. Revistes la finalitat de les quals \u00e9s entretenir l\u2019audi\u00e8ncia. Els seus continguts poden ser informatius, per\u00f2 estan tractats de manera amena i amb menys profunditat. En aquest bloc s\u2019inclouen la majoria de revistes generalistes, les m\u00e9s conegudes, perqu\u00e8 s\u00f3n les que tenen m\u00e9s difusi\u00f3 (poden ser de moda, de cor, de m\u00fasica, de cinema, etc.).<\/li>\n<\/ol>\n<div id=\"attachment_58\" style=\"width: 760px\" class=\"wp-caption alignnone\"><img aria-describedby=\"caption-attachment-58\" loading=\"lazy\" class=\"img-responsive wp-image-58 size-full\" src=\"http:\/\/disseny-test.uoc.edu\/recursos\/dis-marca\/wp-content\/uploads\/sites\/22\/2017\/06\/20118_a1_011.jpg\" alt=\"\" width=\"750\" height=\"149\" srcset=\"http:\/\/disseny-test.uoc.edu\/recursos\/dis-marca\/wp-content\/uploads\/sites\/22\/2017\/06\/20118_a1_011.jpg 750w, http:\/\/disseny-test.uoc.edu\/recursos\/dis-marca\/wp-content\/uploads\/sites\/22\/2017\/06\/20118_a1_011-300x60.jpg 300w\" sizes=\"(max-width: 750px) 100vw, 750px\" \/><p id=\"caption-attachment-58\" class=\"wp-caption-text\"><span lang=\"CA\">Exemples de revistes que actualment s\u2019editen a Espanya.<\/span><\/p><\/div>\n<p>Actualment, el format de revista digital ha anat agafant forma. De vegades s\u00f3n una transposici\u00f3 al web de la revista en paper. D\u2019altres, s\u00f3n revistes ja creades per a aquest format. Encara estem en proc\u00e9s d\u2019implantaci\u00f3 d\u2019aquest tipus de publicacions, i les grans editorials encara s\u2019hi mostren poc inclinades. Els costos de realitzaci\u00f3 s\u00f3n molt m\u00e9s barats; la seva difusi\u00f3, m\u00e9s immediata, per\u00f2 s\u00f3n menys rendibles, ja que han de tenir un preu molt assequible o ser gratu\u00eftes (el lector encara t\u00e9 prejudicis pel que fa a pagar per continguts digitals). Tamb\u00e9 la publicitat entra dif\u00edcilment en aquest sector, i si ho fa, mai amb les tarifes que es fan anar en els mitjans impresos.<\/p>\n<p>Queda molt de cam\u00ed per rec\u00f3rrer en aquest \u00e0mbit. Les possibilitats en disseny es multipliquen, i la introducci\u00f3 de continguts enriquits (enlla\u00e7os a llocs web, v\u00eddeos, arxius d\u2019\u00e0udio, galeries en moviment, etc.) a les p\u00e0gines, mantenint un estil editorial, obre tot un nou panorama creatiu.<\/p>\n<div id=\"attachment_59\" style=\"width: 650px\" class=\"wp-caption alignnone\"><img aria-describedby=\"caption-attachment-59\" loading=\"lazy\" class=\"img-responsive wp-image-59 size-full\" src=\"http:\/\/disseny-test.uoc.edu\/recursos\/dis-marca\/wp-content\/uploads\/sites\/22\/2017\/06\/20118_a1_012.jpg\" alt=\"\" width=\"640\" height=\"276\" srcset=\"http:\/\/disseny-test.uoc.edu\/recursos\/dis-marca\/wp-content\/uploads\/sites\/22\/2017\/06\/20118_a1_012.jpg 640w, http:\/\/disseny-test.uoc.edu\/recursos\/dis-marca\/wp-content\/uploads\/sites\/22\/2017\/06\/20118_a1_012-300x129.jpg 300w\" sizes=\"(max-width: 640px) 100vw, 640px\" \/><p id=\"caption-attachment-59\" class=\"wp-caption-text\">Un exemple de revista creada espec\u00edficament per a suport digital \u00e9s <em>Don<\/em>. Amb un disseny modern i carregat d\u2019interactivitat, \u00e9s un model interessant per a fer-se una idea de totes les possibilitats que es poden desenvolupar en aquests nous formats.<\/p><\/div>\n<h4>1.2.3.4. Els plecs<\/h4>\n<p>Quan una revista s\u2019imprimeix en una rotativa o impremta, no es fa p\u00e0gina a p\u00e0gina, sin\u00f3 que s\u2019imprimeixen uns fulls de mida gran anomenats <em>plecs<\/em> que, quan es dobleguen un nombre concret de vegades, conformen un bloc de la revista en l\u2019ordre correcte. Perqu\u00e8 una publicaci\u00f3 quadri amb el sistema d\u2019impressi\u00f3, cal tenir clar tant la grand\u00e0ria de la revista (perqu\u00e8 encaixi en el plec) com el nombre de p\u00e0gines totals necess\u00e0ries.<\/p>\n<p>L\u2019impressor (o el departament de producci\u00f3, si es tracta d\u2019una editorial) ha de facilitar la grand\u00e0ria dels plecs. Ells calcularan, amb les bobines de paper que es faran servir en la impressi\u00f3, quin tipus de plecs s\u00f3n els m\u00e9s rendibles.<\/p>\n<p>El que el dissenyador ha de tenir en compte en aquest proc\u00e9s \u00e9s que, a l\u2019hora de decidir el nombre de p\u00e0gines totals de la revista, no es pot fer de manera aleat\u00f2ria, ja que sempre ha de ser m\u00faltiple de quatre. En l\u2019\u00e0mbit del disseny no afecta gens el fet que aquest nombre de p\u00e0gines s\u2019imprimeixi en plecs de vuit, trenta-dues o setanta-dues p\u00e0gines.<\/p>\n<h4>1.2.3.5. El llan\u00e7at o al\u00e7at<\/h4>\n<p>El que en el m\u00f3n editorial es coneix com <em>llan\u00e7at<\/em> \u00e9s la soluci\u00f3 que sorgeix de la necessitat de poder controlar el contingut \u00edntegre d\u2019una revista. Un llan\u00e7at \u00e9s un esquema de totes les p\u00e0gines on es marquen els plecs que componen la publicaci\u00f3 i tots els continguts que hi ha. Aix\u00ed, es pot portar un control extrem sobre l\u2019ordre dels temes, l\u2019extensi\u00f3 o l\u2019estat dins del flux de treball.<\/p>\n<div id=\"attachment_63\" style=\"width: 650px\" class=\"wp-caption alignnone\"><img aria-describedby=\"caption-attachment-63\" loading=\"lazy\" class=\"img-responsive wp-image-63 size-full\" src=\"http:\/\/disseny-test.uoc.edu\/recursos\/dis-marca\/wp-content\/uploads\/sites\/22\/2017\/06\/20118_a1_013.jpg\" alt=\"\" width=\"640\" height=\"479\" srcset=\"http:\/\/disseny-test.uoc.edu\/recursos\/dis-marca\/wp-content\/uploads\/sites\/22\/2017\/06\/20118_a1_013.jpg 640w, http:\/\/disseny-test.uoc.edu\/recursos\/dis-marca\/wp-content\/uploads\/sites\/22\/2017\/06\/20118_a1_013-300x225.jpg 300w\" sizes=\"(max-width: 640px) 100vw, 640px\" \/><p id=\"caption-attachment-63\" class=\"wp-caption-text\"><span lang=\"CA\">En la imatge podem veure un llan\u00e7at visual col\u00b7locat a la paret. Aquest tipus de llan\u00e7ats s\u00f3n ideals per a poder veure d\u2019un cop d\u2019ull el ritme que tindr\u00e0 la revista, l\u2019extensi\u00f3 dels diferents blocs o la varietat de les maquetes en el flux de la revista.<\/span><\/p><\/div>\n<p><div id=\"attachment_711\" style=\"width: 1210px\" class=\"wp-caption alignnone\"><a href=\"http:\/\/disseny-test.uoc.edu\/recursos\/dis-marca\/wp-content\/uploads\/sites\/22\/2017\/06\/20118_a1_014-2.jpg\"><img aria-describedby=\"caption-attachment-711\" loading=\"lazy\" class=\"img-responsive wp-image-711 size-full\" src=\"http:\/\/disseny-test.uoc.edu\/recursos\/dis-marca\/wp-content\/uploads\/sites\/22\/2017\/06\/20118_a1_014-2.jpg\" alt=\"\" width=\"1200\" height=\"2412\" srcset=\"http:\/\/disseny-test.uoc.edu\/recursos\/dis-marca\/wp-content\/uploads\/sites\/22\/2017\/06\/20118_a1_014-2.jpg 1200w, http:\/\/disseny-test.uoc.edu\/recursos\/dis-marca\/wp-content\/uploads\/sites\/22\/2017\/06\/20118_a1_014-2-149x300.jpg 149w, http:\/\/disseny-test.uoc.edu\/recursos\/dis-marca\/wp-content\/uploads\/sites\/22\/2017\/06\/20118_a1_014-2-768x1544.jpg 768w, http:\/\/disseny-test.uoc.edu\/recursos\/dis-marca\/wp-content\/uploads\/sites\/22\/2017\/06\/20118_a1_014-2-509x1024.jpg 509w\" sizes=\"(max-width: 1200px) 100vw, 1200px\" \/><\/a><p id=\"caption-attachment-711\" class=\"wp-caption-text\">En la imatge podem veure un exemple de llan\u00e7at d\u2019un n\u00famero de la revista <em>Woman<\/em>.<\/p><\/div><\/p>","protected":false},"excerpt":{"rendered":"<p>1.2. Introducci\u00f3 als diversos formats 1.2.3. Revistes 1.2.3.1. Definici\u00f3 L\u2019IEC defineix revista com \u00abpublicaci\u00f3 peri\u00f2dica amb escrits sobre diferents mat\u00e8ries o sobre una especialitat\u00bb. En l\u2019\u00e0mbit editorial \u00e9s un dels productes m\u00e9s complets que hi ha. Cada revista sol tenir la seva pr\u00f2pia personalitat, a la qual ha de contribuir la imatge gr\u00e0fica que es [&hellip;]<\/p>\n","protected":false},"author":1,"featured_media":0,"parent":0,"menu_order":0,"comment_status":"closed","ping_status":"closed","template":"","meta":[],"acf":[],"_links":{"self":[{"href":"http:\/\/disseny-test.uoc.edu\/recursos\/dis-marca\/ca\/wp-json\/wp\/v2\/pages\/48"}],"collection":[{"href":"http:\/\/disseny-test.uoc.edu\/recursos\/dis-marca\/ca\/wp-json\/wp\/v2\/pages"}],"about":[{"href":"http:\/\/disseny-test.uoc.edu\/recursos\/dis-marca\/ca\/wp-json\/wp\/v2\/types\/page"}],"author":[{"embeddable":true,"href":"http:\/\/disseny-test.uoc.edu\/recursos\/dis-marca\/ca\/wp-json\/wp\/v2\/users\/1"}],"replies":[{"embeddable":true,"href":"http:\/\/disseny-test.uoc.edu\/recursos\/dis-marca\/ca\/wp-json\/wp\/v2\/comments?post=48"}],"version-history":[{"count":30,"href":"http:\/\/disseny-test.uoc.edu\/recursos\/dis-marca\/ca\/wp-json\/wp\/v2\/pages\/48\/revisions"}],"predecessor-version":[{"id":942,"href":"http:\/\/disseny-test.uoc.edu\/recursos\/dis-marca\/ca\/wp-json\/wp\/v2\/pages\/48\/revisions\/942"}],"wp:attachment":[{"href":"http:\/\/disseny-test.uoc.edu\/recursos\/dis-marca\/ca\/wp-json\/wp\/v2\/media?parent=48"}],"curies":[{"name":"wp","href":"https:\/\/api.w.org\/{rel}","templated":true}]}}