{"id":484,"date":"2017-06-22T06:49:18","date_gmt":"2017-06-22T06:49:18","guid":{"rendered":"http:\/\/disseny-test.uoc.edu\/recursos\/dis-marca\/?page_id=484"},"modified":"2017-07-26T09:32:40","modified_gmt":"2017-07-26T09:32:40","slug":"8-el-arte-final-6","status":"publish","type":"page","link":"http:\/\/disseny-test.uoc.edu\/recursos\/dis-marca\/ca\/8-el-arte-final-6\/","title":{"rendered":"8. L\u2019art final"},"content":{"rendered":"<p><\/p>\n<h3>8.4. Qu\u00e8 \u00e9s un ozalid. Oc\u00e9 d\u2019impremta<\/h3>\n<p>S\u2019anomena <em>ozalid<\/em> a la prova d\u2019impressi\u00f3 que fa la impremta de cadascun dels plecs, ja muntats i complets per a imposici\u00f3. En aquestes mostres d\u2019impressi\u00f3, tant textos com imatges apareixen amb un to blau, ja que el paper \u00e9s fotosensible. L\u2019ozalid es pot tallar i plegar tal com es far\u00e0 en la publicaci\u00f3 per a comprovar que correspon amb el que s\u2019ha ideat. La seva funci\u00f3 \u00e9s poder dur a terme f\u00edsicament una comprovaci\u00f3 del producte final, sobretot de l\u2019ordre de les p\u00e0gines.<\/p>\n<p>Actualment, el proc\u00e9s de revisi\u00f3 de l\u2019ozalid s\u2019ha substitu\u00eft pel rep\u00e0s al qual s\u2019anomena <em>oc\u00e9<\/em>, que es tracta d\u2019una prova digital del que antigament era un ozalid. En ser un arxiu digital, s\u2019escurcen bastant els temps. No totes les revistes revisen aquestes oc\u00e9s abans de la seva impressi\u00f3, encara que \u00e9s una part del proc\u00e9s bastant aconsellable, ja que resulta un bon sistema de seguretat i ens ajuda a comprovar que el que sortir\u00e0 impr\u00e8s \u00e9s el correcte i que no hi ha hagut algun tipus d\u2019error pel cam\u00ed. \u00c9s possible fer canvis sobre aquestes oc\u00e9s, ja que la impremta no duu a terme la filmaci\u00f3 de les planxes fins que es confirma que aquestes proves s\u00f3n correctes. Aquesta \u00faltima revisi\u00f3 \u00e9s un bon control de qualitat.<\/p>\n<p><div id=\"attachment_845\" style=\"width: 649px\" class=\"wp-caption alignnone\"><img aria-describedby=\"caption-attachment-845\" loading=\"lazy\" class=\"img-responsive wp-image-845 size-full\" src=\"http:\/\/disseny-test.uoc.edu\/recursos\/dis-marca\/wp-content\/uploads\/sites\/22\/2017\/06\/20118_a8_006-1.jpg\" alt=\"\" width=\"639\" height=\"895\" srcset=\"http:\/\/disseny-test.uoc.edu\/recursos\/dis-marca\/wp-content\/uploads\/sites\/22\/2017\/06\/20118_a8_006-1.jpg 639w, http:\/\/disseny-test.uoc.edu\/recursos\/dis-marca\/wp-content\/uploads\/sites\/22\/2017\/06\/20118_a8_006-1-214x300.jpg 214w\" sizes=\"(max-width: 639px) 100vw, 639px\" \/><p id=\"caption-attachment-845\" class=\"wp-caption-text\">En la imatge podem veure un exemple d\u2019oc\u00e9 d\u2019impremta de la revista <em>Lecturas<\/em>. En aquesta prova d\u2019impressi\u00f3 es pot comprovar que tot \u00e9s correcte. Si ens hi fixem, podem observar que s\u2019inclou la informaci\u00f3 del document i les l\u00ednies de marge i tall al voltant.<\/p><\/div><\/p>","protected":false},"excerpt":{"rendered":"<p>8.4. Qu\u00e8 \u00e9s un ozalid. Oc\u00e9 d\u2019impremta S\u2019anomena ozalid a la prova d\u2019impressi\u00f3 que fa la impremta de cadascun dels plecs, ja muntats i complets per a imposici\u00f3. En aquestes mostres d\u2019impressi\u00f3, tant textos com imatges apareixen amb un to blau, ja que el paper \u00e9s fotosensible. L\u2019ozalid es pot tallar i plegar tal com [&hellip;]<\/p>\n","protected":false},"author":1,"featured_media":0,"parent":0,"menu_order":0,"comment_status":"closed","ping_status":"closed","template":"","meta":[],"acf":[],"_links":{"self":[{"href":"http:\/\/disseny-test.uoc.edu\/recursos\/dis-marca\/ca\/wp-json\/wp\/v2\/pages\/484"}],"collection":[{"href":"http:\/\/disseny-test.uoc.edu\/recursos\/dis-marca\/ca\/wp-json\/wp\/v2\/pages"}],"about":[{"href":"http:\/\/disseny-test.uoc.edu\/recursos\/dis-marca\/ca\/wp-json\/wp\/v2\/types\/page"}],"author":[{"embeddable":true,"href":"http:\/\/disseny-test.uoc.edu\/recursos\/dis-marca\/ca\/wp-json\/wp\/v2\/users\/1"}],"replies":[{"embeddable":true,"href":"http:\/\/disseny-test.uoc.edu\/recursos\/dis-marca\/ca\/wp-json\/wp\/v2\/comments?post=484"}],"version-history":[{"count":4,"href":"http:\/\/disseny-test.uoc.edu\/recursos\/dis-marca\/ca\/wp-json\/wp\/v2\/pages\/484\/revisions"}],"predecessor-version":[{"id":858,"href":"http:\/\/disseny-test.uoc.edu\/recursos\/dis-marca\/ca\/wp-json\/wp\/v2\/pages\/484\/revisions\/858"}],"wp:attachment":[{"href":"http:\/\/disseny-test.uoc.edu\/recursos\/dis-marca\/ca\/wp-json\/wp\/v2\/media?parent=484"}],"curies":[{"name":"wp","href":"https:\/\/api.w.org\/{rel}","templated":true}]}}