{"id":66,"date":"2017-06-21T06:48:09","date_gmt":"2017-06-21T06:48:09","guid":{"rendered":"http:\/\/disseny-test.uoc.edu\/recursos\/dis-marca\/?page_id=66"},"modified":"2017-07-11T12:41:51","modified_gmt":"2017-07-11T12:41:51","slug":"1-introduccion-al-proceso-de-diseno-editorial-5","status":"publish","type":"page","link":"http:\/\/disseny-test.uoc.edu\/recursos\/dis-marca\/ca\/1-introduccion-al-proceso-de-diseno-editorial-5\/","title":{"rendered":"1. Introducci\u00f3 al proc\u00e9s de disseny editorial"},"content":{"rendered":"<p><\/p>\n<h3>1.2. Introducci\u00f3 als diversos formats<\/h3>\n<h3>1.2.4. Fullets<\/h3>\n<p>\u00c9s un impr\u00e8s de mida redu\u00efda amb una finalitat b\u00e0sicament publicit\u00e0ria o de divulgaci\u00f3 d\u2019algun tipus d\u2019informaci\u00f3 considerada d\u2019inter\u00e8s. En termes generals, el seu disseny sol ser molt m\u00e9s lliure i obert que en altres publicacions, ja que el que es busca \u00e9s l\u2019impacte i la comunicaci\u00f3 directa d\u2019un missatge. De fet, n\u2019hi ha de molts formats, alguns de m\u00e9s convencionals que d\u2019altres. El dissenyador es pot valer d\u2019aquestes formes diferents per a plasmar una idea.<\/p>\n<p>En trobem de diferents tipus segons el nombre de p\u00e0gines, que en aquest format s\u2019acostumen a anomenar <em>cossos<\/em>:<\/p>\n<ul>\n<li><em>Flyers<\/em>: un sol full sense plegar. La grand\u00e0ria habitual oscil\u00b7la entre A6, A5 i A4. S\u2019acostumen a distribuir lliurement o van inclosos dins d\u2019altres publicacions, com ara llibres o revistes.<\/li>\n<li>D\u00edptics: fullets plegats en dos cossos, per la qual cosa contenen quatre p\u00e0gines.<\/li>\n<li>Tr\u00edptics: fullets plegats en tres cossos, per la qual cosa contenen sis p\u00e0gines.<\/li>\n<li>Quadr\u00edptics: fullets plegats en quatre cossos, per la qual cosa contenen vuit p\u00e0gines.<\/li>\n<li>Pol\u00edptics: fullets de m\u00e9s de quatre cossos.<\/li>\n<\/ul>\n<p>Tamb\u00e9 hi ha diferents formes de plegat, com en finestra, en acordi\u00f3, en cilindre, en creu, etc. En aquest tipus de formats cal tenir molt en compte que el contingut sigui coherent, tant obert com tancat.<\/p>\n<p>Els encartaments s\u00f3n un tipus espec\u00edfic de fullets que van inserits dins de diaris o revistes. Poden tenir diverses p\u00e0gines i contenir missatges publicitaris.<\/p>\n<div id=\"attachment_69\" style=\"width: 650px\" class=\"wp-caption alignnone\"><img aria-describedby=\"caption-attachment-69\" loading=\"lazy\" class=\"img-responsive wp-image-69 size-full\" src=\"http:\/\/disseny-test.uoc.edu\/recursos\/dis-marca\/wp-content\/uploads\/sites\/22\/2017\/06\/20118_a1_015.jpg\" alt=\"\" width=\"640\" height=\"360\" srcset=\"http:\/\/disseny-test.uoc.edu\/recursos\/dis-marca\/wp-content\/uploads\/sites\/22\/2017\/06\/20118_a1_015.jpg 640w, http:\/\/disseny-test.uoc.edu\/recursos\/dis-marca\/wp-content\/uploads\/sites\/22\/2017\/06\/20118_a1_015-300x169.jpg 300w\" sizes=\"(max-width: 640px) 100vw, 640px\" \/><p id=\"caption-attachment-69\" class=\"wp-caption-text\"><span lang=\"CA\">Exemple de d\u00edptic (quatre cares) dissenyat per l\u2019estudi Galerna.<\/span><\/p><\/div>\n<p><div id=\"attachment_71\" style=\"width: 650px\" class=\"wp-caption alignnone\"><img aria-describedby=\"caption-attachment-71\" loading=\"lazy\" class=\"img-responsive wp-image-71 size-full\" src=\"http:\/\/disseny-test.uoc.edu\/recursos\/dis-marca\/wp-content\/uploads\/sites\/22\/2017\/06\/20118_a1_016.jpg\" alt=\"\" width=\"640\" height=\"537\" srcset=\"http:\/\/disseny-test.uoc.edu\/recursos\/dis-marca\/wp-content\/uploads\/sites\/22\/2017\/06\/20118_a1_016.jpg 640w, http:\/\/disseny-test.uoc.edu\/recursos\/dis-marca\/wp-content\/uploads\/sites\/22\/2017\/06\/20118_a1_016-300x252.jpg 300w\" sizes=\"(max-width: 640px) 100vw, 640px\" \/><p id=\"caption-attachment-71\" class=\"wp-caption-text\"><span lang=\"CA\">Exemple de tr\u00edptic (sis cares) dissenyat per l\u2019estudi Trama.<\/span><\/p><\/div><\/p>","protected":false},"excerpt":{"rendered":"<p>1.2. Introducci\u00f3 als diversos formats 1.2.4. Fullets \u00c9s un impr\u00e8s de mida redu\u00efda amb una finalitat b\u00e0sicament publicit\u00e0ria o de divulgaci\u00f3 d\u2019algun tipus d\u2019informaci\u00f3 considerada d\u2019inter\u00e8s. En termes generals, el seu disseny sol ser molt m\u00e9s lliure i obert que en altres publicacions, ja que el que es busca \u00e9s l\u2019impacte i la comunicaci\u00f3 directa [&hellip;]<\/p>\n","protected":false},"author":1,"featured_media":0,"parent":0,"menu_order":0,"comment_status":"closed","ping_status":"closed","template":"","meta":[],"acf":[],"_links":{"self":[{"href":"http:\/\/disseny-test.uoc.edu\/recursos\/dis-marca\/ca\/wp-json\/wp\/v2\/pages\/66"}],"collection":[{"href":"http:\/\/disseny-test.uoc.edu\/recursos\/dis-marca\/ca\/wp-json\/wp\/v2\/pages"}],"about":[{"href":"http:\/\/disseny-test.uoc.edu\/recursos\/dis-marca\/ca\/wp-json\/wp\/v2\/types\/page"}],"author":[{"embeddable":true,"href":"http:\/\/disseny-test.uoc.edu\/recursos\/dis-marca\/ca\/wp-json\/wp\/v2\/users\/1"}],"replies":[{"embeddable":true,"href":"http:\/\/disseny-test.uoc.edu\/recursos\/dis-marca\/ca\/wp-json\/wp\/v2\/comments?post=66"}],"version-history":[{"count":5,"href":"http:\/\/disseny-test.uoc.edu\/recursos\/dis-marca\/ca\/wp-json\/wp\/v2\/pages\/66\/revisions"}],"predecessor-version":[{"id":629,"href":"http:\/\/disseny-test.uoc.edu\/recursos\/dis-marca\/ca\/wp-json\/wp\/v2\/pages\/66\/revisions\/629"}],"wp:attachment":[{"href":"http:\/\/disseny-test.uoc.edu\/recursos\/dis-marca\/ca\/wp-json\/wp\/v2\/media?parent=66"}],"curies":[{"name":"wp","href":"https:\/\/api.w.org\/{rel}","templated":true}]}}