{"id":78,"date":"2017-06-21T06:57:05","date_gmt":"2017-06-21T06:57:05","guid":{"rendered":"http:\/\/disseny-test.uoc.edu\/recursos\/dis-marca\/?page_id=78"},"modified":"2017-06-29T06:46:37","modified_gmt":"2017-06-29T06:46:37","slug":"1-introduccion-al-proceso-de-diseno-editorial-7","status":"publish","type":"page","link":"http:\/\/disseny-test.uoc.edu\/recursos\/dis-marca\/ca\/1-introduccion-al-proceso-de-diseno-editorial-7\/","title":{"rendered":"1. Introducci\u00f3 al proc\u00e9s de disseny editorial"},"content":{"rendered":"<p><\/p>\n<h3>1.3. Manaments del disseny de revistes<\/h3>\n<p>Un cop que ja tenim bastant clar quin \u00e9s el panorama editorial en el qual ens hem de moure, considero interessant repassar un contingut que pot semblar una mica t\u00f2pic, per\u00f2 que \u00e9s molt aclaridor a l\u2019hora d\u2019afrontar un projecte des de zero: s\u00f3n els coneguts \u00abmanaments del disseny de revistes\u00bb, elaborats pel fam\u00f3s dissenyador <a href=\"#\" class=\"pop\" data-html=\"true\" data-toggle=\"popover\" data-content=\"Roger Black \u00e9s un dissenyador de revistes amb una llarga traject\u00f2ria en el m\u00f3n editorial. Ha estat director d\u2019art i consultor de disseny de les publicacions m\u00e9s importants de tot el m\u00f3n, com <em>Rolling Stone<\/em>, <em>The New York Times<\/em>, <em>Newsweek<\/em>, <em>Esquire<\/em>, <em>Reader\u2019s Digest<\/em> i un llarg etc\u00e8tera.\" data-placement=\"top\">Roger Black<\/a>.<\/p>\n<p>Black elabora una llista de consells que poden ajudar a assentar les bases d\u2019un disseny. Com gaireb\u00e9 tot en disseny, no s\u00f3n uns enunciats ni exclusius ni excloents, sin\u00f3 recomanacions senzilles i b\u00e0siques que preparen el terreny i alimenten un bon punt de partida.<\/p>\n<div class=\"cita\">\n<p><strong>1. Posa el contingut en totes les p\u00e0gines<\/strong>. El disseny no \u00e9s simple adorn, sin\u00f3 que ha de proporcionar informaci\u00f3 o entreteniment en totes les p\u00e0gines. El contingut sempre ha d\u2019apar\u00e8ixer en la superf\u00edcie. Ning\u00fa no ho llegeix tot. L\u2019\u00fanica persona que llegir\u00e0 cada paraula que has escrit \u00e9s la teva mare. La resta, fullejaran la revista per damunt. Aix\u00ed que assegura\u2019t d\u2019incloure contingut en cadascuna de les p\u00e0gines.<\/p>\n<p><img loading=\"lazy\" class=\"alignnone size-full wp-image-86 img-responsive\" src=\"http:\/\/disseny-test.uoc.edu\/recursos\/dis-marca\/wp-content\/uploads\/sites\/22\/2017\/06\/20118_a1_018.jpg\" alt=\"\" width=\"640\" height=\"386\" srcset=\"http:\/\/disseny-test.uoc.edu\/recursos\/dis-marca\/wp-content\/uploads\/sites\/22\/2017\/06\/20118_a1_018.jpg 640w, http:\/\/disseny-test.uoc.edu\/recursos\/dis-marca\/wp-content\/uploads\/sites\/22\/2017\/06\/20118_a1_018-300x181.jpg 300w\" sizes=\"(max-width: 640px) 100vw, 640px\" \/><\/p>\n<p><strong>2, 3 i 4. El primer color \u00e9s el blanc; el segon, el negre, i el tercer, el vermell<\/strong>. Cal\u00b7l\u00edgrafs i impressors ho van aprendre fa ja cinc-cents anys. Blanc per als fons, negre per al text, vermell per a subratllar i crear emocions. Sigues extremadament acurat amb la resta dels colors.<\/p>\n<p><img loading=\"lazy\" class=\"alignnone size-full wp-image-87 img-responsive\" src=\"http:\/\/disseny-test.uoc.edu\/recursos\/dis-marca\/wp-content\/uploads\/sites\/22\/2017\/06\/20118_a1_019.jpg\" alt=\"\" width=\"640\" height=\"390\" srcset=\"http:\/\/disseny-test.uoc.edu\/recursos\/dis-marca\/wp-content\/uploads\/sites\/22\/2017\/06\/20118_a1_019.jpg 640w, http:\/\/disseny-test.uoc.edu\/recursos\/dis-marca\/wp-content\/uploads\/sites\/22\/2017\/06\/20118_a1_019-300x183.jpg 300w, http:\/\/disseny-test.uoc.edu\/recursos\/dis-marca\/wp-content\/uploads\/sites\/22\/2017\/06\/20118_a1_019-360x220.jpg 360w\" sizes=\"(max-width: 640px) 100vw, 640px\" \/><\/p>\n<p><strong>5. No augmentis mai l\u2019espai entre les lletres<\/strong> en min\u00fascules \u2013interlletratge\u2013; pot semblar elegant i a la moda, per\u00f2 llueix molt malament i cansa. No et deixis arrossegar pel buf de la moda com l\u2019embolcall d\u2019un frankfurt al vent. No segueixis la moda com un penell.<\/p>\n<p><strong>6. No insereixis mai un text molt extens en maj\u00fascules<\/strong>. Poc despr\u00e9s de comen\u00e7ar, la seva lectura es fa molt dif\u00edcil. El prop\u00f2sit ha de ser que ens llegeixin.<\/p>\n<p><strong>7. Una portada ha de ser un cartell<\/strong>. Una \u00fanica imatge d\u2019un \u00e9sser hum\u00e0 vendr\u00e0 m\u00e9s revistes que m\u00faltiples imatges d\u2019un altre tipus. Sempre ha estat aix\u00ed, pregunta-te\u2019n el perqu\u00e8.<\/p>\n<p><img loading=\"lazy\" class=\"alignnone size-full wp-image-88 img-responsive\" src=\"http:\/\/disseny-test.uoc.edu\/recursos\/dis-marca\/wp-content\/uploads\/sites\/22\/2017\/06\/20118_a1_020.jpg\" alt=\"\" width=\"450\" height=\"574\" srcset=\"http:\/\/disseny-test.uoc.edu\/recursos\/dis-marca\/wp-content\/uploads\/sites\/22\/2017\/06\/20118_a1_020.jpg 450w, http:\/\/disseny-test.uoc.edu\/recursos\/dis-marca\/wp-content\/uploads\/sites\/22\/2017\/06\/20118_a1_020-235x300.jpg 235w\" sizes=\"(max-width: 450px) 100vw, 450px\" \/><\/p>\n<p><strong>8. Fes servir nom\u00e9s una o dues fam\u00edlies tipogr\u00e0fiques<\/strong>. El disseny itali\u00e0 \u00e9s un bon model, una idea clara d\u2019elements en harmonia. Evita els galimaties de fonts i colors.<\/p>\n<p><img loading=\"lazy\" class=\"alignnone size-full wp-image-89 img-responsive\" src=\"http:\/\/disseny-test.uoc.edu\/recursos\/dis-marca\/wp-content\/uploads\/sites\/22\/2017\/06\/20118_a1_021.jpg\" alt=\"\" width=\"640\" height=\"434\" srcset=\"http:\/\/disseny-test.uoc.edu\/recursos\/dis-marca\/wp-content\/uploads\/sites\/22\/2017\/06\/20118_a1_021.jpg 640w, http:\/\/disseny-test.uoc.edu\/recursos\/dis-marca\/wp-content\/uploads\/sites\/22\/2017\/06\/20118_a1_021-300x203.jpg 300w\" sizes=\"(max-width: 640px) 100vw, 640px\" \/><\/p>\n<p><strong>9. Tot el m\u00e9s gran que puguis<\/strong>. Les tipografies llueixen molt, destaquen els detalls dels seus car\u00e0cters i una mala foto sempre sembla millor.<\/p>\n<p><img loading=\"lazy\" class=\"alignnone size-full wp-image-90 img-responsive\" src=\"http:\/\/disseny-test.uoc.edu\/recursos\/dis-marca\/wp-content\/uploads\/sites\/22\/2017\/06\/20118_a1_022.jpg\" alt=\"\" width=\"450\" height=\"583\" srcset=\"http:\/\/disseny-test.uoc.edu\/recursos\/dis-marca\/wp-content\/uploads\/sites\/22\/2017\/06\/20118_a1_022.jpg 450w, http:\/\/disseny-test.uoc.edu\/recursos\/dis-marca\/wp-content\/uploads\/sites\/22\/2017\/06\/20118_a1_022-232x300.jpg 232w\" sizes=\"(max-width: 450px) 100vw, 450px\" \/><\/p>\n<p><strong>10. Sorpr\u00e8n<\/strong>. El problema de molts dissenyadors \u00e9s que no introdueixen cap sorpresa. Si vols que es pari atenci\u00f3, has d\u2019alterar el ritme de la teva presentaci\u00f3. Si vols que les persones normals et parin atenci\u00f3, has de posar diferents ritmes en els teus dissenys. La lletania de foto, titular, text, anunci, etc. \u00e9s com un ou sense sal.<\/p>\n<p><img loading=\"lazy\" class=\"alignnone size-full wp-image-91 img-responsive\" src=\"http:\/\/disseny-test.uoc.edu\/recursos\/dis-marca\/wp-content\/uploads\/sites\/22\/2017\/06\/20118_a1_023.jpg\" alt=\"\" width=\"450\" height=\"570\" srcset=\"http:\/\/disseny-test.uoc.edu\/recursos\/dis-marca\/wp-content\/uploads\/sites\/22\/2017\/06\/20118_a1_023.jpg 450w, http:\/\/disseny-test.uoc.edu\/recursos\/dis-marca\/wp-content\/uploads\/sites\/22\/2017\/06\/20118_a1_023-237x300.jpg 237w\" sizes=\"(max-width: 450px) 100vw, 450px\" \/><\/p>\n<\/div>\n<p><\/p>","protected":false},"excerpt":{"rendered":"<p>1.3. Manaments del disseny de revistes Un cop que ja tenim bastant clar quin \u00e9s el panorama editorial en el qual ens hem de moure, considero interessant repassar un contingut que pot semblar una mica t\u00f2pic, per\u00f2 que \u00e9s molt aclaridor a l\u2019hora d\u2019afrontar un projecte des de zero: s\u00f3n els coneguts \u00abmanaments del disseny [&hellip;]<\/p>\n","protected":false},"author":1,"featured_media":0,"parent":0,"menu_order":0,"comment_status":"closed","ping_status":"closed","template":"","meta":[],"acf":[],"_links":{"self":[{"href":"http:\/\/disseny-test.uoc.edu\/recursos\/dis-marca\/ca\/wp-json\/wp\/v2\/pages\/78"}],"collection":[{"href":"http:\/\/disseny-test.uoc.edu\/recursos\/dis-marca\/ca\/wp-json\/wp\/v2\/pages"}],"about":[{"href":"http:\/\/disseny-test.uoc.edu\/recursos\/dis-marca\/ca\/wp-json\/wp\/v2\/types\/page"}],"author":[{"embeddable":true,"href":"http:\/\/disseny-test.uoc.edu\/recursos\/dis-marca\/ca\/wp-json\/wp\/v2\/users\/1"}],"replies":[{"embeddable":true,"href":"http:\/\/disseny-test.uoc.edu\/recursos\/dis-marca\/ca\/wp-json\/wp\/v2\/comments?post=78"}],"version-history":[{"count":7,"href":"http:\/\/disseny-test.uoc.edu\/recursos\/dis-marca\/ca\/wp-json\/wp\/v2\/pages\/78\/revisions"}],"predecessor-version":[{"id":531,"href":"http:\/\/disseny-test.uoc.edu\/recursos\/dis-marca\/ca\/wp-json\/wp\/v2\/pages\/78\/revisions\/531"}],"wp:attachment":[{"href":"http:\/\/disseny-test.uoc.edu\/recursos\/dis-marca\/ca\/wp-json\/wp\/v2\/media?parent=78"}],"curies":[{"name":"wp","href":"https:\/\/api.w.org\/{rel}","templated":true}]}}