{"id":95,"date":"2017-06-21T07:55:07","date_gmt":"2017-06-21T07:55:07","guid":{"rendered":"http:\/\/disseny-test.uoc.edu\/recursos\/dis-marca\/?page_id=95"},"modified":"2017-06-29T06:51:14","modified_gmt":"2017-06-29T06:51:14","slug":"1-introduccion-al-proceso-de-diseno-editorial-8","status":"publish","type":"page","link":"http:\/\/disseny-test.uoc.edu\/recursos\/dis-marca\/ca\/1-introduccion-al-proceso-de-diseno-editorial-8\/","title":{"rendered":"1. Introducci\u00f3 al proc\u00e9s de disseny editorial"},"content":{"rendered":"<p><\/p>\n<h3>1.4. Fases en la creaci\u00f3 d\u2019un producte editorial: un exemple pr\u00e0ctic<\/h3>\n<p>Per a entendre clarament tots els punts del proc\u00e9s de creaci\u00f3 d\u2019un producte editorial, plantejarem un exemple: engegarem una revista.<\/p>\n<p>Si entenem b\u00e9 tot l\u2019entrellat gr\u00e0fic que conforma una revista, ser\u00e0 molt f\u00e0cil aplicar-lo a altres formats. Creativitat i l\u00f2gica s\u00f3n dues premisses molt importants en qualsevol proc\u00e9s de disseny.<\/p>\n<h3>1.4.1. El client: l\u2019origen de l\u2019enc\u00e0rrec<\/h3>\n<p>Una editorial important ens ha encarregat dur a terme un projecte per a una futura revista corporativa per a una l\u00ednia a\u00e8ria. Durant la reuni\u00f3 en la qual ens plantegen la feina que cal fer no ens donaran una informaci\u00f3 gaire espec\u00edfica, per\u00f2 \u00e9s molt important que tractem d\u2019entendre tot el que ens demanaran. Hem d\u2019estar atents als detalls i intentar que ens responguin a unes breus indicacions b\u00e0siques. Si aconseguim contestar els punts que enunciarem a continuaci\u00f3, podrem considerar que ens trobem en disposici\u00f3 de comen\u00e7ar a treballar.<\/p>\n<div class=\"cita\">\n<p>\u00abSe suposa que els clients no tenen idees; tenen problemes\u00bb (Erik Spiekermann, tip\u00f2graf i dissenyador alemany).<\/p>\n<\/div>\n<p><\/p>","protected":false},"excerpt":{"rendered":"<p>1.4. Fases en la creaci\u00f3 d\u2019un producte editorial: un exemple pr\u00e0ctic Per a entendre clarament tots els punts del proc\u00e9s de creaci\u00f3 d\u2019un producte editorial, plantejarem un exemple: engegarem una revista. Si entenem b\u00e9 tot l\u2019entrellat gr\u00e0fic que conforma una revista, ser\u00e0 molt f\u00e0cil aplicar-lo a altres formats. Creativitat i l\u00f2gica s\u00f3n dues premisses molt [&hellip;]<\/p>\n","protected":false},"author":1,"featured_media":0,"parent":0,"menu_order":0,"comment_status":"closed","ping_status":"closed","template":"","meta":[],"acf":[],"_links":{"self":[{"href":"http:\/\/disseny-test.uoc.edu\/recursos\/dis-marca\/ca\/wp-json\/wp\/v2\/pages\/95"}],"collection":[{"href":"http:\/\/disseny-test.uoc.edu\/recursos\/dis-marca\/ca\/wp-json\/wp\/v2\/pages"}],"about":[{"href":"http:\/\/disseny-test.uoc.edu\/recursos\/dis-marca\/ca\/wp-json\/wp\/v2\/types\/page"}],"author":[{"embeddable":true,"href":"http:\/\/disseny-test.uoc.edu\/recursos\/dis-marca\/ca\/wp-json\/wp\/v2\/users\/1"}],"replies":[{"embeddable":true,"href":"http:\/\/disseny-test.uoc.edu\/recursos\/dis-marca\/ca\/wp-json\/wp\/v2\/comments?post=95"}],"version-history":[{"count":3,"href":"http:\/\/disseny-test.uoc.edu\/recursos\/dis-marca\/ca\/wp-json\/wp\/v2\/pages\/95\/revisions"}],"predecessor-version":[{"id":532,"href":"http:\/\/disseny-test.uoc.edu\/recursos\/dis-marca\/ca\/wp-json\/wp\/v2\/pages\/95\/revisions\/532"}],"wp:attachment":[{"href":"http:\/\/disseny-test.uoc.edu\/recursos\/dis-marca\/ca\/wp-json\/wp\/v2\/media?parent=95"}],"curies":[{"name":"wp","href":"https:\/\/api.w.org\/{rel}","templated":true}]}}