{"id":968,"date":"2019-07-09T09:00:56","date_gmt":"2019-07-09T09:00:56","guid":{"rendered":"http:\/\/disseny-test.uoc.edu\/recursos\/dis-marca\/?page_id=968"},"modified":"2019-08-02T08:42:36","modified_gmt":"2019-08-02T08:42:36","slug":"9-tipos-de-publicaciones-digitales-2","status":"publish","type":"page","link":"http:\/\/disseny-test.uoc.edu\/recursos\/dis-marca\/ca\/9-tipos-de-publicaciones-digitales-2\/","title":{"rendered":"9. Tipus de publicacions digitals"},"content":{"rendered":"<p><\/p>\n<h3>9.3. Tipus de publicacions digitals<\/h3>\n<h3>9.3.1. Pdf simple<\/h3>\n<p>En el seu origen, les publicacions digitals eren la visualitzaci\u00f3 d\u2019un arxiu PDF simple, exactament igual a l\u2019impr\u00e8s en paper i sobre el qual nom\u00e9s es podien aplicar accions de zoom sense cap altra interactivitat. Moltes de les revistes del mercat, en l\u2019actualitat, tenen una versi\u00f3 digital descarregable des de les aplicacions de quiosc que s\u00f3n nom\u00e9s els PDF finals del que hi ha impr\u00e8s.<\/p>\n<p>A dia d\u2019avui, les publicacions que mantenen la seva versi\u00f3 digital d\u2019aquesta manera poden resultar altament frustrants a l\u2019usuari, ja que estem acostumats a qu\u00e8 a la pantalla tot sigui interactiu, tot tingui una funci\u00f3 o serveixi per a alguna cosa. Aquest format pot resultar inc\u00f2mode en la visualitzaci\u00f3, ja que les mides usades en el seu disseny no estan pensades per ser vistes en un entorn digital: aquest PDF \u00e9s nom\u00e9s una versi\u00f3 digital d\u2019una cosa que est\u00e0 pensada per llegir i fullejar impresa. No \u00e9s un format espec\u00edficament pensat per a cada dispositiu m\u00f2bil, per la qual cosa el seu disseny i usabilitat no estan adaptats a l\u2019entorn digital.<\/p>","protected":false},"excerpt":{"rendered":"<p>9.3. Tipus de publicacions digitals 9.3.1. Pdf simple En el seu origen, les publicacions digitals eren la visualitzaci\u00f3 d\u2019un arxiu PDF simple, exactament igual a l\u2019impr\u00e8s en paper i sobre el qual nom\u00e9s es podien aplicar accions de zoom sense cap altra interactivitat. Moltes de les revistes del mercat, en l\u2019actualitat, tenen una versi\u00f3 digital [&hellip;]<\/p>\n","protected":false},"author":1,"featured_media":0,"parent":0,"menu_order":0,"comment_status":"closed","ping_status":"closed","template":"","meta":[],"acf":[],"_links":{"self":[{"href":"http:\/\/disseny-test.uoc.edu\/recursos\/dis-marca\/ca\/wp-json\/wp\/v2\/pages\/968"}],"collection":[{"href":"http:\/\/disseny-test.uoc.edu\/recursos\/dis-marca\/ca\/wp-json\/wp\/v2\/pages"}],"about":[{"href":"http:\/\/disseny-test.uoc.edu\/recursos\/dis-marca\/ca\/wp-json\/wp\/v2\/types\/page"}],"author":[{"embeddable":true,"href":"http:\/\/disseny-test.uoc.edu\/recursos\/dis-marca\/ca\/wp-json\/wp\/v2\/users\/1"}],"replies":[{"embeddable":true,"href":"http:\/\/disseny-test.uoc.edu\/recursos\/dis-marca\/ca\/wp-json\/wp\/v2\/comments?post=968"}],"version-history":[{"count":9,"href":"http:\/\/disseny-test.uoc.edu\/recursos\/dis-marca\/ca\/wp-json\/wp\/v2\/pages\/968\/revisions"}],"predecessor-version":[{"id":1192,"href":"http:\/\/disseny-test.uoc.edu\/recursos\/dis-marca\/ca\/wp-json\/wp\/v2\/pages\/968\/revisions\/1192"}],"wp:attachment":[{"href":"http:\/\/disseny-test.uoc.edu\/recursos\/dis-marca\/ca\/wp-json\/wp\/v2\/media?parent=968"}],"curies":[{"name":"wp","href":"https:\/\/api.w.org\/{rel}","templated":true}]}}