{"id":1009,"date":"2019-07-09T10:30:04","date_gmt":"2019-07-09T10:30:04","guid":{"rendered":"http:\/\/disseny-test.uoc.edu\/recursos\/dis-marca\/?page_id=1009"},"modified":"2019-08-02T08:51:02","modified_gmt":"2019-08-02T08:51:02","slug":"9-tipus-de-publicacions-digitals-10","status":"publish","type":"page","link":"http:\/\/disseny-test.uoc.edu\/recursos\/dis-marca\/9-tipus-de-publicacions-digitals-10\/","title":{"rendered":"9. Tipos de publicaciones digitales"},"content":{"rendered":"<p><\/p>\n<h3 class=\"p1\">9.4. El dise\u00f1o digital centrado en el usuario: <i>User Experience <\/i>(UX)<\/h3>\n<h3 class=\"p1\">9.4.4. <i>UX Designer <\/i>y<i>\u00a0UI Designer<\/i><\/h3>\n<p>La persona que realiza\u00a0UX\u00a0es el <em>UX\u00a0Designer<\/em>. Sus funciones son investigar las necesidades de los usuarios y buscar modos de cumplir los objetivos. Es un nuevo puesto multidisciplinario que ha surgido en los \u00faltimos tiempos para responder a las nuevas necesidades de los formatos digitales. Sus conocimientos no solo deben limitarse al dise\u00f1o, sino que tienen que tener conocimientos de marketing, psicolog\u00eda, sociolog\u00eda, etc.<\/p>\n<p>Un <em>UI\u00a0Designer<\/em> es el encargado de confeccionar una interfaz para el producto que se correlacione con la experiencia del usuario. Es el que se encarga de crear los elementos interactivos y tiene que hacer que se vea correctamente en todas las plataformas. Podr\u00edamos concluir que el UX designer es el que se encarga de hacer el trabajo previo de investigaci\u00f3n para que el UI designer pueda hacer correctamente su trabajo de dise\u00f1o.<\/p>","protected":false},"excerpt":{"rendered":"<p>9.4. El dise\u00f1o digital centrado en el usuario: User Experience (UX) 9.4.4. UX Designer y\u00a0UI Designer La persona que realiza\u00a0UX\u00a0es el UX\u00a0Designer. Sus funciones son investigar las necesidades de los usuarios y buscar modos de cumplir los objetivos. Es un nuevo puesto multidisciplinario que ha surgido en los \u00faltimos tiempos para responder a las nuevas [&hellip;]<\/p>\n","protected":false},"author":1,"featured_media":0,"parent":0,"menu_order":0,"comment_status":"closed","ping_status":"closed","template":"","meta":[],"acf":[],"_links":{"self":[{"href":"http:\/\/disseny-test.uoc.edu\/recursos\/dis-marca\/wp-json\/wp\/v2\/pages\/1009"}],"collection":[{"href":"http:\/\/disseny-test.uoc.edu\/recursos\/dis-marca\/wp-json\/wp\/v2\/pages"}],"about":[{"href":"http:\/\/disseny-test.uoc.edu\/recursos\/dis-marca\/wp-json\/wp\/v2\/types\/page"}],"author":[{"embeddable":true,"href":"http:\/\/disseny-test.uoc.edu\/recursos\/dis-marca\/wp-json\/wp\/v2\/users\/1"}],"replies":[{"embeddable":true,"href":"http:\/\/disseny-test.uoc.edu\/recursos\/dis-marca\/wp-json\/wp\/v2\/comments?post=1009"}],"version-history":[{"count":9,"href":"http:\/\/disseny-test.uoc.edu\/recursos\/dis-marca\/wp-json\/wp\/v2\/pages\/1009\/revisions"}],"predecessor-version":[{"id":1198,"href":"http:\/\/disseny-test.uoc.edu\/recursos\/dis-marca\/wp-json\/wp\/v2\/pages\/1009\/revisions\/1198"}],"wp:attachment":[{"href":"http:\/\/disseny-test.uoc.edu\/recursos\/dis-marca\/wp-json\/wp\/v2\/media?parent=1009"}],"curies":[{"name":"wp","href":"https:\/\/api.w.org\/{rel}","templated":true}]}}