{"id":157,"date":"2017-06-21T09:11:34","date_gmt":"2017-06-21T09:11:34","guid":{"rendered":"http:\/\/disseny-test.uoc.edu\/recursos\/dis-marca\/?page_id=157"},"modified":"2017-06-29T07:38:07","modified_gmt":"2017-06-29T07:38:07","slug":"2-las-tipografias-5","status":"publish","type":"page","link":"http:\/\/disseny-test.uoc.edu\/recursos\/dis-marca\/2-las-tipografias-5\/","title":{"rendered":"2. Las tipograf\u00edas"},"content":{"rendered":"<p><\/p>\n<h3>2.3. Seleccionar adecuadamente tipograf\u00edas seg\u00fan su clasificaci\u00f3n<\/h3>\n<h3>2.3.3. Egipcias (o mecanas)<\/h3>\n<p>Tienen el asta uniforme y el remate recto (no suele haber diferencia de espesor entre el asta y la gracia). Est\u00e1n a medio camino entre el tipo romano y la forma sint\u00e9tica, lo que da lugar a textos est\u00e9ticamente bellos y de buena lectura. Estas fuentes mantienen el mismo grosor en todas sus partes, e incluso la serifa es tan gruesa como los bastones.<\/p>\n<p><div id=\"attachment_160\" style=\"width: 460px\" class=\"wp-caption alignnone\"><img aria-describedby=\"caption-attachment-160\" loading=\"lazy\" class=\"img-responsive wp-image-160 size-full\" src=\"http:\/\/disseny-test.uoc.edu\/recursos\/dis-marca\/wp-content\/uploads\/sites\/22\/2017\/06\/20118_a2_010.jpg\" alt=\"\" width=\"450\" height=\"497\" srcset=\"http:\/\/disseny-test.uoc.edu\/recursos\/dis-marca\/wp-content\/uploads\/sites\/22\/2017\/06\/20118_a2_010.jpg 450w, http:\/\/disseny-test.uoc.edu\/recursos\/dis-marca\/wp-content\/uploads\/sites\/22\/2017\/06\/20118_a2_010-272x300.jpg 272w\" sizes=\"(max-width: 450px) 100vw, 450px\" \/><p id=\"caption-attachment-160\" class=\"wp-caption-text\">Ejemplos de ello ser\u00edan Clarendon, Egyptienne, Glypha, Memphis, Serifa, Caecilia, Archer, etc.<\/p><\/div><\/p>","protected":false},"excerpt":{"rendered":"<p>2.3. Seleccionar adecuadamente tipograf\u00edas seg\u00fan su clasificaci\u00f3n 2.3.3. Egipcias (o mecanas) Tienen el asta uniforme y el remate recto (no suele haber diferencia de espesor entre el asta y la gracia). Est\u00e1n a medio camino entre el tipo romano y la forma sint\u00e9tica, lo que da lugar a textos est\u00e9ticamente bellos y de buena lectura. [&hellip;]<\/p>\n","protected":false},"author":1,"featured_media":0,"parent":0,"menu_order":0,"comment_status":"closed","ping_status":"closed","template":"","meta":[],"acf":[],"_links":{"self":[{"href":"http:\/\/disseny-test.uoc.edu\/recursos\/dis-marca\/wp-json\/wp\/v2\/pages\/157"}],"collection":[{"href":"http:\/\/disseny-test.uoc.edu\/recursos\/dis-marca\/wp-json\/wp\/v2\/pages"}],"about":[{"href":"http:\/\/disseny-test.uoc.edu\/recursos\/dis-marca\/wp-json\/wp\/v2\/types\/page"}],"author":[{"embeddable":true,"href":"http:\/\/disseny-test.uoc.edu\/recursos\/dis-marca\/wp-json\/wp\/v2\/users\/1"}],"replies":[{"embeddable":true,"href":"http:\/\/disseny-test.uoc.edu\/recursos\/dis-marca\/wp-json\/wp\/v2\/comments?post=157"}],"version-history":[{"count":3,"href":"http:\/\/disseny-test.uoc.edu\/recursos\/dis-marca\/wp-json\/wp\/v2\/pages\/157\/revisions"}],"predecessor-version":[{"id":543,"href":"http:\/\/disseny-test.uoc.edu\/recursos\/dis-marca\/wp-json\/wp\/v2\/pages\/157\/revisions\/543"}],"wp:attachment":[{"href":"http:\/\/disseny-test.uoc.edu\/recursos\/dis-marca\/wp-json\/wp\/v2\/media?parent=157"}],"curies":[{"name":"wp","href":"https:\/\/api.w.org\/{rel}","templated":true}]}}