{"id":207,"date":"2017-06-21T09:58:19","date_gmt":"2017-06-21T09:58:19","guid":{"rendered":"http:\/\/disseny-test.uoc.edu\/recursos\/dis-marca\/?page_id=207"},"modified":"2017-07-12T12:59:47","modified_gmt":"2017-07-12T12:59:47","slug":"2-las-tipografias-14","status":"publish","type":"page","link":"http:\/\/disseny-test.uoc.edu\/recursos\/dis-marca\/2-las-tipografias-14\/","title":{"rendered":"2. Las tipograf\u00edas"},"content":{"rendered":"<p><\/p>\n<h3>2.4. Normas b\u00e1sicas en tipograf\u00eda<\/h3>\n<h3>2.4.6. Tener en cuenta el color<\/h3>\n<p>Cuando hablamos de color debemos tener en cuenta tres valores:<\/p>\n<ul>\n<li>El color de las letras.<\/li>\n<li>El color del fondo.<\/li>\n<li>El \u00abmatiz\u00bb o \u00abmasa de gris\u00bb que forma la tipograf\u00eda compuesta en columnas y l\u00edneas.<\/li>\n<\/ul>\n<div id=\"attachment_210\" style=\"width: 738px\" class=\"wp-caption alignnone\"><img aria-describedby=\"caption-attachment-210\" loading=\"lazy\" class=\"img-responsive wp-image-210 size-full\" src=\"http:\/\/disseny-test.uoc.edu\/recursos\/dis-marca\/wp-content\/uploads\/sites\/22\/2017\/06\/20118_a2_022.jpg\" alt=\"\" width=\"728\" height=\"450\" srcset=\"http:\/\/disseny-test.uoc.edu\/recursos\/dis-marca\/wp-content\/uploads\/sites\/22\/2017\/06\/20118_a2_022.jpg 728w, http:\/\/disseny-test.uoc.edu\/recursos\/dis-marca\/wp-content\/uploads\/sites\/22\/2017\/06\/20118_a2_022-300x185.jpg 300w\" sizes=\"(max-width: 728px) 100vw, 728px\" \/><p id=\"caption-attachment-210\" class=\"wp-caption-text\">Dependiendo del tipo elegido, su peso, su tama\u00f1o o el interlineado, la \u00abmasa de gris\u00bb variar\u00e1 en el dise\u00f1o.<\/p><\/div>\n<p>Algunas nociones b\u00e1sicas en el uso del color en la tipograf\u00eda son las siguientes:<\/p>\n<ul>\n<li>El texto negro sobre blanco es la combinaci\u00f3n que tiene mejor legibilidad, mientras que el texto blanco sobre fondo negro se lee peor y cansa la vista, por lo que deber\u00eda ser usado en textos cortos y con tipograf\u00edas que tengan unos trazos m\u00e1s gruesos y de mayor tama\u00f1o. El uso que se le d\u00e9 a las tipograf\u00edas dentro de nuestro dise\u00f1o ha de ser adecuado a los recursos gr\u00e1ficos que coloquemos en p\u00e1gina.<\/li>\n<\/ul>\n<p><img loading=\"lazy\" class=\"alignnone size-full wp-image-211 img-responsive\" src=\"http:\/\/disseny-test.uoc.edu\/recursos\/dis-marca\/wp-content\/uploads\/sites\/22\/2017\/06\/20118_a2_023.jpg\" alt=\"\" width=\"450\" height=\"636\" srcset=\"http:\/\/disseny-test.uoc.edu\/recursos\/dis-marca\/wp-content\/uploads\/sites\/22\/2017\/06\/20118_a2_023.jpg 450w, http:\/\/disseny-test.uoc.edu\/recursos\/dis-marca\/wp-content\/uploads\/sites\/22\/2017\/06\/20118_a2_023-212x300.jpg 212w\" sizes=\"(max-width: 450px) 100vw, 450px\" \/><\/p>\n<ul>\n<li>Est\u00e1 demostrado que el texto negro sobre fondo amarillo se lee bien de lejos, con letras grandes y en textos breves.<\/li>\n<li>Los textos con colores fuertes, como rojos o naranjas, son dif\u00edciles de leer, pero pueden ser usados en titulares y r\u00f3tulos con los que se quiera llamar la atenci\u00f3n.<\/li>\n<\/ul>\n<p><\/p>","protected":false},"excerpt":{"rendered":"<p>2.4. Normas b\u00e1sicas en tipograf\u00eda 2.4.6. Tener en cuenta el color Cuando hablamos de color debemos tener en cuenta tres valores: El color de las letras. El color del fondo. El \u00abmatiz\u00bb o \u00abmasa de gris\u00bb que forma la tipograf\u00eda compuesta en columnas y l\u00edneas. Algunas nociones b\u00e1sicas en el uso del color en la [&hellip;]<\/p>\n","protected":false},"author":1,"featured_media":0,"parent":0,"menu_order":0,"comment_status":"closed","ping_status":"closed","template":"","meta":[],"acf":[],"_links":{"self":[{"href":"http:\/\/disseny-test.uoc.edu\/recursos\/dis-marca\/wp-json\/wp\/v2\/pages\/207"}],"collection":[{"href":"http:\/\/disseny-test.uoc.edu\/recursos\/dis-marca\/wp-json\/wp\/v2\/pages"}],"about":[{"href":"http:\/\/disseny-test.uoc.edu\/recursos\/dis-marca\/wp-json\/wp\/v2\/types\/page"}],"author":[{"embeddable":true,"href":"http:\/\/disseny-test.uoc.edu\/recursos\/dis-marca\/wp-json\/wp\/v2\/users\/1"}],"replies":[{"embeddable":true,"href":"http:\/\/disseny-test.uoc.edu\/recursos\/dis-marca\/wp-json\/wp\/v2\/comments?post=207"}],"version-history":[{"count":5,"href":"http:\/\/disseny-test.uoc.edu\/recursos\/dis-marca\/wp-json\/wp\/v2\/pages\/207\/revisions"}],"predecessor-version":[{"id":638,"href":"http:\/\/disseny-test.uoc.edu\/recursos\/dis-marca\/wp-json\/wp\/v2\/pages\/207\/revisions\/638"}],"wp:attachment":[{"href":"http:\/\/disseny-test.uoc.edu\/recursos\/dis-marca\/wp-json\/wp\/v2\/media?parent=207"}],"curies":[{"name":"wp","href":"https:\/\/api.w.org\/{rel}","templated":true}]}}