{"id":233,"date":"2017-06-21T10:15:03","date_gmt":"2017-06-21T10:15:03","guid":{"rendered":"http:\/\/disseny-test.uoc.edu\/recursos\/dis-marca\/?page_id=233"},"modified":"2017-07-12T13:03:46","modified_gmt":"2017-07-12T13:03:46","slug":"3-fotografias-e-imagenes","status":"publish","type":"page","link":"http:\/\/disseny-test.uoc.edu\/recursos\/dis-marca\/3-fotografias-e-imagenes\/","title":{"rendered":"3. Fotograf\u00edas e im\u00e1genes"},"content":{"rendered":"<p><\/p>\n<h3>3.1. La foto<\/h3>\n<div class=\"cita\">\n<p>\u00abLas fotos son lo primero que se ve cuando se llega a una p\u00e1gina. Son r\u00e1pidas, emocionales, instintivas, y provocan la curiosidad. Por eso, predisponen al lector a recibir informaci\u00f3n. Deben ser usadas deliberadamente, no solo para romper el texto y hacerlo menos aburrido. No son elementos subordinados, as\u00ed que no las trates como tales. Las revistas son una asociaci\u00f3n entre lo visual y lo verbal.\u00bb Jan V. White, <em>Editing by design<\/em>.<\/p>\n<\/div>\n<p>En estas palabras de White podemos encontrar la esencia de lo que la fotograf\u00eda significa en el dise\u00f1o. La fotograf\u00eda tiene un papel protagonista dentro del dise\u00f1o gr\u00e1fico. Nunca debemos tratar la imagen como un elemento independiente, ni como un mero componente decorador que acompa\u00f1a el texto, sino que hemos de pensar en el t\u00e9rmino <em>intenci\u00f3n<\/em> a la hora de componer. Una imagen debe provocar, impactar e intensificar el mensaje que el reportaje trasmite. Una imagen tiene que ilustrar pero, al mismo tiempo, ha de informar por s\u00ed misma, independientemente del texto que la acompa\u00f1a. De hecho, suelen ser el eje central del dise\u00f1o y, por norma general, la composici\u00f3n de la p\u00e1gina se decide en torno a las im\u00e1genes que se tienen.<\/p>\n<h3>3.1.1. Funciones de las fotos en dise\u00f1o editorial<\/h3>\n<p>Cuando decidimos utilizar una imagen en un dise\u00f1o, debemos plantearnos cu\u00e1l es la \u00abintenci\u00f3n\u00bb, como dec\u00edamos antes, con la que vamos a utilizarla dentro de la composici\u00f3n. Seg\u00fan esa funci\u00f3n, podemos decir que las im\u00e1genes son informativas (contienen toda la informaci\u00f3n que queremos contar y se entienden por s\u00ed mismas, sin necesidad de leer el texto que las acompa\u00f1a), son documentales (cuando certifican y dan constancia de algo, sirven para demostrar que algo es de la manera que se est\u00e1 contando), son ilustrativas y est\u00e9ticas (ya que su finalidad es ilustrar un reportaje) y de entretenimiento.<\/p>\n<p>En el dise\u00f1o de revistas, las fotograf\u00edas son el esqueleto de las publicaciones. Son productos que no se conciben sin fotos (o ilustraciones). El tipo de im\u00e1genes que se usen en ellas tambi\u00e9n ser\u00e1 un elemento definidor de la marca del producto, ya sea por su estilo o por la manera en la que se utilizan.<\/p>","protected":false},"excerpt":{"rendered":"<p>3.1. La foto \u00abLas fotos son lo primero que se ve cuando se llega a una p\u00e1gina. Son r\u00e1pidas, emocionales, instintivas, y provocan la curiosidad. Por eso, predisponen al lector a recibir informaci\u00f3n. Deben ser usadas deliberadamente, no solo para romper el texto y hacerlo menos aburrido. No son elementos subordinados, as\u00ed que no las [&hellip;]<\/p>\n","protected":false},"author":1,"featured_media":0,"parent":0,"menu_order":0,"comment_status":"closed","ping_status":"closed","template":"","meta":[],"acf":[],"_links":{"self":[{"href":"http:\/\/disseny-test.uoc.edu\/recursos\/dis-marca\/wp-json\/wp\/v2\/pages\/233"}],"collection":[{"href":"http:\/\/disseny-test.uoc.edu\/recursos\/dis-marca\/wp-json\/wp\/v2\/pages"}],"about":[{"href":"http:\/\/disseny-test.uoc.edu\/recursos\/dis-marca\/wp-json\/wp\/v2\/types\/page"}],"author":[{"embeddable":true,"href":"http:\/\/disseny-test.uoc.edu\/recursos\/dis-marca\/wp-json\/wp\/v2\/users\/1"}],"replies":[{"embeddable":true,"href":"http:\/\/disseny-test.uoc.edu\/recursos\/dis-marca\/wp-json\/wp\/v2\/comments?post=233"}],"version-history":[{"count":4,"href":"http:\/\/disseny-test.uoc.edu\/recursos\/dis-marca\/wp-json\/wp\/v2\/pages\/233\/revisions"}],"predecessor-version":[{"id":641,"href":"http:\/\/disseny-test.uoc.edu\/recursos\/dis-marca\/wp-json\/wp\/v2\/pages\/233\/revisions\/641"}],"wp:attachment":[{"href":"http:\/\/disseny-test.uoc.edu\/recursos\/dis-marca\/wp-json\/wp\/v2\/media?parent=233"}],"curies":[{"name":"wp","href":"https:\/\/api.w.org\/{rel}","templated":true}]}}