{"id":273,"date":"2017-06-21T10:56:47","date_gmt":"2017-06-21T10:56:47","guid":{"rendered":"http:\/\/disseny-test.uoc.edu\/recursos\/dis-marca\/?page_id=273"},"modified":"2017-06-29T08:33:04","modified_gmt":"2017-06-29T08:33:04","slug":"3-fotografias-e-imagenes-7","status":"publish","type":"page","link":"http:\/\/disseny-test.uoc.edu\/recursos\/dis-marca\/3-fotografias-e-imagenes-7\/","title":{"rendered":"3. Fotograf\u00edas e im\u00e1genes"},"content":{"rendered":"<p><\/p>\n<h3>3.3. El origen de las im\u00e1genes<\/h3>\n<h3>3.3.2. Agencias de fotos<\/h3>\n<p>Existen un gran n\u00famero de agencias fotogr\u00e1ficas especializadas en surtir de im\u00e1genes, tanto nacionales como internacionales. Estas, en la mayor parte de las ocasiones, son las intermediarias entre los fot\u00f3grafos y los editores. Normalmente, las editoriales cuentan con acuerdos econ\u00f3micos con estas agencias para poder hacer las descargas de las fotograf\u00edas, o bien se pacta el precio de cada imagen que se quiera usar. Ejemplos de algunas agencias con las que habitualmente se trabaja en el mundo editorial son:<\/p>\n<ul>\n<li>Getty: <a href=\"http:\/\/www.gettyimages.es\/\" target=\"_blank\" rel=\"noopener noreferrer\">http:\/\/www.gettyimages.es\/<\/a><\/li>\n<li>Cordon Press: <a href=\"http:\/\/www.cordonpress.com\/fotoweb\/\" target=\"_blank\" rel=\"noopener noreferrer\">http:\/\/www.cordonpress.com\/fotoweb\/<\/a><\/li>\n<li>Gtres: <a href=\"http:\/\/gtresonline.net\/\" target=\"_blank\" rel=\"noopener noreferrer\">http:\/\/gtresonline.net\/<\/a><\/li>\n<li>Shutterstock: <a href=\"https:\/\/www.shutterstock.com\/\" target=\"_blank\" rel=\"noopener noreferrer\">https:\/\/www.shutterstock.com\/<\/a><\/li>\n<li>Europapress: <a href=\"http:\/\/www.europapress.es\/\" target=\"_blank\" rel=\"noopener noreferrer\">http:\/\/www.europapress.es\/<\/a><\/li>\n<\/ul>\n<p><\/p>","protected":false},"excerpt":{"rendered":"<p>3.3. El origen de las im\u00e1genes 3.3.2. Agencias de fotos Existen un gran n\u00famero de agencias fotogr\u00e1ficas especializadas en surtir de im\u00e1genes, tanto nacionales como internacionales. Estas, en la mayor parte de las ocasiones, son las intermediarias entre los fot\u00f3grafos y los editores. Normalmente, las editoriales cuentan con acuerdos econ\u00f3micos con estas agencias para poder [&hellip;]<\/p>\n","protected":false},"author":1,"featured_media":0,"parent":0,"menu_order":0,"comment_status":"closed","ping_status":"closed","template":"","meta":[],"acf":[],"_links":{"self":[{"href":"http:\/\/disseny-test.uoc.edu\/recursos\/dis-marca\/wp-json\/wp\/v2\/pages\/273"}],"collection":[{"href":"http:\/\/disseny-test.uoc.edu\/recursos\/dis-marca\/wp-json\/wp\/v2\/pages"}],"about":[{"href":"http:\/\/disseny-test.uoc.edu\/recursos\/dis-marca\/wp-json\/wp\/v2\/types\/page"}],"author":[{"embeddable":true,"href":"http:\/\/disseny-test.uoc.edu\/recursos\/dis-marca\/wp-json\/wp\/v2\/users\/1"}],"replies":[{"embeddable":true,"href":"http:\/\/disseny-test.uoc.edu\/recursos\/dis-marca\/wp-json\/wp\/v2\/comments?post=273"}],"version-history":[{"count":3,"href":"http:\/\/disseny-test.uoc.edu\/recursos\/dis-marca\/wp-json\/wp\/v2\/pages\/273\/revisions"}],"predecessor-version":[{"id":566,"href":"http:\/\/disseny-test.uoc.edu\/recursos\/dis-marca\/wp-json\/wp\/v2\/pages\/273\/revisions\/566"}],"wp:attachment":[{"href":"http:\/\/disseny-test.uoc.edu\/recursos\/dis-marca\/wp-json\/wp\/v2\/media?parent=273"}],"curies":[{"name":"wp","href":"https:\/\/api.w.org\/{rel}","templated":true}]}}