{"id":277,"date":"2017-06-21T11:00:26","date_gmt":"2017-06-21T11:00:26","guid":{"rendered":"http:\/\/disseny-test.uoc.edu\/recursos\/dis-marca\/?page_id=277"},"modified":"2017-07-12T13:07:18","modified_gmt":"2017-07-12T13:07:18","slug":"3-fotografias-e-imagenes-8","status":"publish","type":"page","link":"http:\/\/disseny-test.uoc.edu\/recursos\/dis-marca\/3-fotografias-e-imagenes-8\/","title":{"rendered":"3. Fotograf\u00edas e im\u00e1genes"},"content":{"rendered":"<p><\/p>\n<h3>3.3. El origen de las im\u00e1genes<\/h3>\n<h3>3.3.3. Bancos de im\u00e1genes gratuitos<\/h3>\n<p>Actualmente existen numerosas plataformas de im\u00e1genes de uso gratuito o con licencia <em>Creative Commons<\/em> que nos permiten descargar im\u00e1genes que disponen de un libre uso. Algunos ejemplos son:<\/p>\n<ul>\n<li>Flickr bajo licencia de <em>Creative Commons<\/em><\/li>\n<li><a href=\"http:\/\/www.bluevertigo.com.ar\/\" target=\"_blank\" rel=\"noopener noreferrer\">http:\/\/www.bluevertigo.com.ar\/<\/a><\/li>\n<li><a href=\"http:\/\/www.sxc.hu\" target=\"_blank\" rel=\"noopener noreferrer\">www.sxc.hu<\/a><\/li>\n<li><a href=\"http:\/\/www.lalogotheque.com\" target=\"_blank\" rel=\"noopener noreferrer\">www.lalogotheque.com<\/a><\/li>\n<li><a href=\"http:\/\/commons.wikimedia.org\" target=\"_blank\" rel=\"noopener noreferrer\">http:\/\/commons.wikimedia.org<\/a><\/li>\n<\/ul>\n<p><\/p>","protected":false},"excerpt":{"rendered":"<p>3.3. El origen de las im\u00e1genes 3.3.3. Bancos de im\u00e1genes gratuitos Actualmente existen numerosas plataformas de im\u00e1genes de uso gratuito o con licencia Creative Commons que nos permiten descargar im\u00e1genes que disponen de un libre uso. Algunos ejemplos son: Flickr bajo licencia de Creative Commons http:\/\/www.bluevertigo.com.ar\/ www.sxc.hu www.lalogotheque.com http:\/\/commons.wikimedia.org<\/p>\n","protected":false},"author":1,"featured_media":0,"parent":0,"menu_order":0,"comment_status":"closed","ping_status":"closed","template":"","meta":[],"acf":[],"_links":{"self":[{"href":"http:\/\/disseny-test.uoc.edu\/recursos\/dis-marca\/wp-json\/wp\/v2\/pages\/277"}],"collection":[{"href":"http:\/\/disseny-test.uoc.edu\/recursos\/dis-marca\/wp-json\/wp\/v2\/pages"}],"about":[{"href":"http:\/\/disseny-test.uoc.edu\/recursos\/dis-marca\/wp-json\/wp\/v2\/types\/page"}],"author":[{"embeddable":true,"href":"http:\/\/disseny-test.uoc.edu\/recursos\/dis-marca\/wp-json\/wp\/v2\/users\/1"}],"replies":[{"embeddable":true,"href":"http:\/\/disseny-test.uoc.edu\/recursos\/dis-marca\/wp-json\/wp\/v2\/comments?post=277"}],"version-history":[{"count":8,"href":"http:\/\/disseny-test.uoc.edu\/recursos\/dis-marca\/wp-json\/wp\/v2\/pages\/277\/revisions"}],"predecessor-version":[{"id":645,"href":"http:\/\/disseny-test.uoc.edu\/recursos\/dis-marca\/wp-json\/wp\/v2\/pages\/277\/revisions\/645"}],"wp:attachment":[{"href":"http:\/\/disseny-test.uoc.edu\/recursos\/dis-marca\/wp-json\/wp\/v2\/media?parent=277"}],"curies":[{"name":"wp","href":"https:\/\/api.w.org\/{rel}","templated":true}]}}