{"id":479,"date":"2017-06-22T06:46:09","date_gmt":"2017-06-22T06:46:09","guid":{"rendered":"http:\/\/disseny-test.uoc.edu\/recursos\/dis-marca\/?page_id=479"},"modified":"2017-07-26T09:30:55","modified_gmt":"2017-07-26T09:30:55","slug":"8-el-arte-final-5","status":"publish","type":"page","link":"http:\/\/disseny-test.uoc.edu\/recursos\/dis-marca\/8-el-arte-final-5\/","title":{"rendered":"8. El arte final"},"content":{"rendered":"<p><\/p>\n<h3>8.3. El formato PDF a examen<\/h3>\n<p>El formato de archivo <a href=\"#\" class=\"pop\" data-html=\"true\" data-toggle=\"popover\" data-content=\"<strong>PDF<\/strong>: <em>portable document format<\/em> (formato de documento port\u00e1til).\" data-placement=\"top\">PDF<\/a> es muy flexible. Se trata de un archivo multiplataforma, es decir, es compatible con los distintos sistemas operativos (Linux, MacOs, Windows, Unix, etc.). Su versatilidad se basa en el hecho de que puede contener no solo textos o im\u00e1genes, sino tambi\u00e9n hiperv\u00ednculos, videos, enlaces, marcadores, etc. Es un documento \u00abcerrado\u00bb, por lo que al ser enviado a otro usuario sus caracter\u00edsticas permanecen inalterables (no se mueven elementos), salvo que se edite expl\u00edcitamente para ello. Tiene peculiaridades de seguridad, ya que puede ser cifrado, requerir una clave para abrirlo o estar incluido en un sistema de verificaci\u00f3n. Por todo ello, es un formato id\u00f3neo para enviar documentos cerrados a imprenta, ya que nos asegura que el contenido permanecer\u00e1 inalterable.<\/p>\n<div id=\"attachment_841\" style=\"width: 810px\" class=\"wp-caption alignnone\"><img aria-describedby=\"caption-attachment-841\" loading=\"lazy\" class=\"img-responsive wp-image-841 size-full\" src=\"http:\/\/disseny-test.uoc.edu\/recursos\/dis-marca\/wp-content\/uploads\/sites\/22\/2017\/06\/20118_a8_004-1.jpg\" alt=\"\" width=\"800\" height=\"1841\" srcset=\"http:\/\/disseny-test.uoc.edu\/recursos\/dis-marca\/wp-content\/uploads\/sites\/22\/2017\/06\/20118_a8_004-1.jpg 800w, http:\/\/disseny-test.uoc.edu\/recursos\/dis-marca\/wp-content\/uploads\/sites\/22\/2017\/06\/20118_a8_004-1-130x300.jpg 130w, http:\/\/disseny-test.uoc.edu\/recursos\/dis-marca\/wp-content\/uploads\/sites\/22\/2017\/06\/20118_a8_004-1-768x1767.jpg 768w, http:\/\/disseny-test.uoc.edu\/recursos\/dis-marca\/wp-content\/uploads\/sites\/22\/2017\/06\/20118_a8_004-1-445x1024.jpg 445w\" sizes=\"(max-width: 800px) 100vw, 800px\" \/><p id=\"caption-attachment-841\" class=\"wp-caption-text\">En las im\u00e1genes, podemos ver un ejemplo de configuraci\u00f3n est\u00e1ndar v\u00e1lida de salida para un PDF en alta resoluci\u00f3n, para mandar a imprenta. En este caso, se utiliza el perfil Fogra 39, que es un est\u00e1ndar pactado con la imprenta en funci\u00f3n del tipo de papel en el que se va a imprimir.<\/p><\/div>\n<p><div id=\"attachment_843\" style=\"width: 810px\" class=\"wp-caption alignnone\"><img aria-describedby=\"caption-attachment-843\" loading=\"lazy\" class=\"img-responsive wp-image-843 size-full\" src=\"http:\/\/disseny-test.uoc.edu\/recursos\/dis-marca\/wp-content\/uploads\/sites\/22\/2017\/06\/20118_a8_005-1.jpg\" alt=\"\" width=\"800\" height=\"1094\" srcset=\"http:\/\/disseny-test.uoc.edu\/recursos\/dis-marca\/wp-content\/uploads\/sites\/22\/2017\/06\/20118_a8_005-1.jpg 800w, http:\/\/disseny-test.uoc.edu\/recursos\/dis-marca\/wp-content\/uploads\/sites\/22\/2017\/06\/20118_a8_005-1-219x300.jpg 219w, http:\/\/disseny-test.uoc.edu\/recursos\/dis-marca\/wp-content\/uploads\/sites\/22\/2017\/06\/20118_a8_005-1-768x1050.jpg 768w, http:\/\/disseny-test.uoc.edu\/recursos\/dis-marca\/wp-content\/uploads\/sites\/22\/2017\/06\/20118_a8_005-1-749x1024.jpg 749w\" sizes=\"(max-width: 800px) 100vw, 800px\" \/><p id=\"caption-attachment-843\" class=\"wp-caption-text\">PDF final general con marcas de impresi\u00f3n. El ejemplo pertenece al especial aniversario de la revista <em>Lecturas<\/em>.<\/p><\/div><\/p>","protected":false},"excerpt":{"rendered":"<p>8.3. El formato PDF a examen El formato de archivo es muy flexible. Se trata de un archivo multiplataforma, es decir, es compatible con los distintos sistemas operativos (Linux, MacOs, Windows, Unix, etc.). Su versatilidad se basa en el hecho de que puede contener no solo textos o im\u00e1genes, sino tambi\u00e9n hiperv\u00ednculos, videos, enlaces, marcadores, [&hellip;]<\/p>\n","protected":false},"author":1,"featured_media":0,"parent":0,"menu_order":0,"comment_status":"closed","ping_status":"closed","template":"","meta":[],"acf":[],"_links":{"self":[{"href":"http:\/\/disseny-test.uoc.edu\/recursos\/dis-marca\/wp-json\/wp\/v2\/pages\/479"}],"collection":[{"href":"http:\/\/disseny-test.uoc.edu\/recursos\/dis-marca\/wp-json\/wp\/v2\/pages"}],"about":[{"href":"http:\/\/disseny-test.uoc.edu\/recursos\/dis-marca\/wp-json\/wp\/v2\/types\/page"}],"author":[{"embeddable":true,"href":"http:\/\/disseny-test.uoc.edu\/recursos\/dis-marca\/wp-json\/wp\/v2\/users\/1"}],"replies":[{"embeddable":true,"href":"http:\/\/disseny-test.uoc.edu\/recursos\/dis-marca\/wp-json\/wp\/v2\/comments?post=479"}],"version-history":[{"count":9,"href":"http:\/\/disseny-test.uoc.edu\/recursos\/dis-marca\/wp-json\/wp\/v2\/pages\/479\/revisions"}],"predecessor-version":[{"id":857,"href":"http:\/\/disseny-test.uoc.edu\/recursos\/dis-marca\/wp-json\/wp\/v2\/pages\/479\/revisions\/857"}],"wp:attachment":[{"href":"http:\/\/disseny-test.uoc.edu\/recursos\/dis-marca\/wp-json\/wp\/v2\/media?parent=479"}],"curies":[{"name":"wp","href":"https:\/\/api.w.org\/{rel}","templated":true}]}}